{"id":413,"date":"2023-11-28T15:45:12","date_gmt":"2023-11-28T14:45:12","guid":{"rendered":"https:\/\/savonnerielescollinesdegenty.com\/?page_id=413"},"modified":"2025-04-14T14:20:43","modified_gmt":"2025-04-14T12:20:43","slug":"nous-contacter","status":"publish","type":"page","link":"https:\/\/savonnerielescollinesdegenty.com\/index.php\/nous-contacter\/","title":{"rendered":"Nous contacter"},"content":{"rendered":"<p>[et_pb_section fb_built=\u00a0\u00bb1&Prime; custom_padding_last_edited=\u00a0\u00bbon|phone\u00a0\u00bb _builder_version=\u00a0\u00bb4.22.1&Prime; _module_preset=\u00a0\u00bbdefault\u00a0\u00bb background_color=\u00a0\u00bb#A5A58D\u00a0\u00bb min_height=\u00a0\u00bb100vh\u00a0\u00bb custom_margin=\u00a0\u00bb||0px||false|false\u00a0\u00bb custom_padding=\u00a0\u00bb|20px|0px|20px|false|false\u00a0\u00bb custom_padding_tablet=\u00a0\u00bb130px|40px|0px|40px|false|false\u00a0\u00bb custom_padding_phone=\u00a0\u00bb|0px||0px|false|false\u00a0\u00bb global_colors_info=\u00a0\u00bb{}\u00a0\u00bb][et_pb_row custom_padding_last_edited=\u00a0\u00bbon|phone\u00a0\u00bb _builder_version=\u00a0\u00bb4.22.1&Prime; _module_preset=\u00a0\u00bbdefault\u00a0\u00bb width=\u00a0\u00bb100%\u00a0\u00bb max_width=\u00a0\u00bb100%\u00a0\u00bb custom_margin=\u00a0\u00bb0px||0px||false|false\u00a0\u00bb custom_padding=\u00a0\u00bb0px|40px|0px|40px|false|false\u00a0\u00bb custom_padding_tablet=\u00a0\u00bb0px|40px|0px|40px|false|false\u00a0\u00bb custom_padding_phone=\u00a0\u00bb0px|20px|0px|20px|false|false\u00a0\u00bb global_colors_info=\u00a0\u00bb{}\u00a0\u00bb][et_pb_column type=\u00a0\u00bb4_4&Prime; _builder_version=\u00a0\u00bb4.22.1&Prime; _module_preset=\u00a0\u00bbdefault\u00a0\u00bb global_colors_info=\u00a0\u00bb{}\u00a0\u00bb][et_pb_text _builder_version=\u00a0\u00bb4.22.1&Prime; _module_preset=\u00a0\u00bbdefault\u00a0\u00bb header_font=\u00a0\u00bbMirage||||||||\u00a0\u00bb header_text_align=\u00a0\u00bbcenter\u00a0\u00bb header_text_color=\u00a0\u00bb#FFFFFF\u00a0\u00bb header_font_size=\u00a0\u00bb60px\u00a0\u00bb header_2_font=\u00a0\u00bbMirage||||||||\u00a0\u00bb header_2_text_align=\u00a0\u00bbcenter\u00a0\u00bb header_2_text_color=\u00a0\u00bb#FFFFFF\u00a0\u00bb header_2_font_size=\u00a0\u00bb50px\u00a0\u00bb header_3_font=\u00a0\u00bbMirage||||||||\u00a0\u00bb header_3_text_align=\u00a0\u00bbcenter\u00a0\u00bb header_3_text_color=\u00a0\u00bb#FFFFFF\u00a0\u00bb header_3_font_size=\u00a0\u00bb35px\u00a0\u00bb width_tablet=\u00a0\u00bb\u00a0\u00bb width_phone=\u00a0\u00bb100%\u00a0\u00bb width_last_edited=\u00a0\u00bbon|phone\u00a0\u00bb max_width_tablet=\u00a0\u00bb\u00a0\u00bb max_width_phone=\u00a0\u00bb100%\u00a0\u00bb max_width_last_edited=\u00a0\u00bbon|phone\u00a0\u00bb custom_margin_tablet=\u00a0\u00bb\u00a0\u00bb custom_margin_phone=\u00a0\u00bb||10px||false|false\u00a0\u00bb custom_margin_last_edited=\u00a0\u00bbon|phone\u00a0\u00bb custom_padding=\u00a0\u00bb||0px||false|false\u00a0\u00bb custom_padding_tablet=\u00a0\u00bb||0px||false|false\u00a0\u00bb custom_padding_phone=\u00a0\u00bb|0px|0px|0px|false|false\u00a0\u00bb custom_padding_last_edited=\u00a0\u00bbon|phone\u00a0\u00bb header_font_size_tablet=\u00a0\u00bb50px\u00a0\u00bb header_font_size_phone=\u00a0\u00bb40px\u00a0\u00bb header_font_size_last_edited=\u00a0\u00bbon|phone\u00a0\u00bb global_colors_info=\u00a0\u00bb{}\u00a0\u00bb]<\/p>\n<h1>Contacter la savonnerie :<\/h1>\n<p>[\/et_pb_text][et_pb_image src=\u00a0\u00bbhttp:\/\/savonnerielescollinesdegenty.com\/wp-content\/uploads\/2023\/09\/Union-marron.svg\u00a0\u00bb title_text=\u00a0\u00bbUnion marron\u00a0\u00bb align=\u00a0\u00bbcenter\u00a0\u00bb _builder_version=\u00a0\u00bb4.22.1&Prime; _module_preset=\u00a0\u00bbdefault\u00a0\u00bb custom_margin=\u00a0\u00bb0px||0px||false|false\u00a0\u00bb custom_padding=\u00a0\u00bb0px||40px|0px|false|false\u00a0\u00bb custom_padding_tablet=\u00a0\u00bb0px||40px|0px|false|false\u00a0\u00bb custom_padding_phone=\u00a0\u00bb||20px||false|false\u00a0\u00bb custom_padding_last_edited=\u00a0\u00bbon|phone\u00a0\u00bb global_colors_info=\u00a0\u00bb{}\u00a0\u00bb][\/et_pb_image][\/et_pb_column][\/et_pb_row][et_pb_row custom_padding_last_edited=\u00a0\u00bbon|phone\u00a0\u00bb _builder_version=\u00a0\u00bb4.22.1&Prime; _module_preset=\u00a0\u00bbdefault\u00a0\u00bb width=\u00a0\u00bb100%\u00a0\u00bb max_width=\u00a0\u00bb1100px\u00a0\u00bb custom_margin=\u00a0\u00bb0px||0px||false|false\u00a0\u00bb custom_padding=\u00a0\u00bb0px|0px|0px|0px|false|false\u00a0\u00bb custom_padding_tablet=\u00a0\u00bb0px|0px|0px|0px|false|false\u00a0\u00bb custom_padding_phone=\u00a0\u00bb0px|20px|0px|20px|false|false\u00a0\u00bb global_colors_info=\u00a0\u00bb{}\u00a0\u00bb][et_pb_column type=\u00a0\u00bb4_4&Prime; _builder_version=\u00a0\u00bb4.22.1&Prime; _module_preset=\u00a0\u00bbdefault\u00a0\u00bb global_colors_info=\u00a0\u00bb{}\u00a0\u00bb][et_pb_contact_form email=\u00a0\u00bbsavonnerielescollinesdegenty@gmail.com\u00a0\u00bb custom_message=\u00a0\u00bbNouveau message sur le site internet !||et_pb_line_break_holder||||et_pb_line_break_holder||Exp\u00e9diteur :||et_pb_line_break_holder||%%nom%%||et_pb_line_break_holder||%%prenom%%||et_pb_line_break_holder||%%societe%%||et_pb_line_break_holder||%%email%%||et_pb_line_break_holder||||et_pb_line_break_holder||Le message : ||et_pb_line_break_holder||%%message%%||et_pb_line_break_holder||||et_pb_line_break_holder||\u00a0\u00bb success_message=\u00a0\u00bbVotre message a bien \u00e9t\u00e9 envoy\u00e9. Nous reviendrons vers vous rapidement.\u00a0\u00bb submit_button_text=\u00a0\u00bbEnvoyer\u00a0\u00bb _builder_version=\u00a0\u00bb4.22.1&Prime; _module_preset=\u00a0\u00bbdefault\u00a0\u00bb _unique_id=\u00a0\u00bb3814bad7-a56e-4824-b32d-f7bbbcad4fff\u00a0\u00bb form_field_background_color=\u00a0\u00bbRGBA(255,255,255,0)\u00a0\u00bb form_field_text_color=\u00a0\u00bb#9C6644&Prime; form_field_focus_background_color=\u00a0\u00bbRGBA(255,255,255,0)\u00a0\u00bb form_field_focus_text_color=\u00a0\u00bb#FFFFFF\u00a0\u00bb form_field_custom_margin=\u00a0\u00bb||||false|false\u00a0\u00bb form_field_custom_padding=\u00a0\u00bb||10px||false|false\u00a0\u00bb title_font=\u00a0\u00bbDM Sans||||||||\u00a0\u00bb form_field_font=\u00a0\u00bbDM Sans|700|||||||\u00a0\u00bb form_field_font_size=\u00a0\u00bb18px\u00a0\u00bb custom_button=\u00a0\u00bbon\u00a0\u00bb button_text_color=\u00a0\u00bb#9C6644&Prime; button_bg_color=\u00a0\u00bbRGBA(255,255,255,0)\u00a0\u00bb button_border_color=\u00a0\u00bb#FFFFFF\u00a0\u00bb button_border_radius=\u00a0\u00bb15px\u00a0\u00bb button_font=\u00a0\u00bbDM Sans|700|||||||\u00a0\u00bb hover_enabled=\u00a0\u00bb0&Prime; border_width_bottom=\u00a0\u00bb2px\u00a0\u00bb border_color_bottom=\u00a0\u00bb#FFFFFF\u00a0\u00bb global_colors_info=\u00a0\u00bb{}\u00a0\u00bb captcha_font=\u00a0\u00bbMirage|800|||||||\u00a0\u00bb captcha_text_color=\u00a0\u00bb#FFFFFF\u00a0\u00bb captcha_font_size=\u00a0\u00bb18px\u00a0\u00bb sticky_enabled=\u00a0\u00bb0&Prime;][et_pb_contact_field field_id=\u00a0\u00bbnom\u00a0\u00bb field_title=\u00a0\u00bbNom\u00a0\u00bb _builder_version=\u00a0\u00bb4.22.1&Prime; global_colors_info=\u00a0\u00bb{}\u00a0\u00bb button_text_size__hover_enabled=\u00a0\u00bboff\u00a0\u00bb button_one_text_size__hover_enabled=\u00a0\u00bboff\u00a0\u00bb button_two_text_size__hover_enabled=\u00a0\u00bboff\u00a0\u00bb button_text_color__hover_enabled=\u00a0\u00bboff\u00a0\u00bb button_one_text_color__hover_enabled=\u00a0\u00bboff\u00a0\u00bb button_two_text_color__hover_enabled=\u00a0\u00bboff\u00a0\u00bb button_border_width__hover_enabled=\u00a0\u00bboff\u00a0\u00bb button_one_border_width__hover_enabled=\u00a0\u00bboff\u00a0\u00bb button_two_border_width__hover_enabled=\u00a0\u00bboff\u00a0\u00bb button_border_color__hover_enabled=\u00a0\u00bboff\u00a0\u00bb button_one_border_color__hover_enabled=\u00a0\u00bboff\u00a0\u00bb button_two_border_color__hover_enabled=\u00a0\u00bboff\u00a0\u00bb button_border_radius__hover_enabled=\u00a0\u00bboff\u00a0\u00bb button_one_border_radius__hover_enabled=\u00a0\u00bboff\u00a0\u00bb button_two_border_radius__hover_enabled=\u00a0\u00bboff\u00a0\u00bb button_letter_spacing__hover_enabled=\u00a0\u00bboff\u00a0\u00bb button_one_letter_spacing__hover_enabled=\u00a0\u00bboff\u00a0\u00bb button_two_letter_spacing__hover_enabled=\u00a0\u00bboff\u00a0\u00bb button_bg_color__hover_enabled=\u00a0\u00bboff\u00a0\u00bb button_one_bg_color__hover_enabled=\u00a0\u00bboff\u00a0\u00bb button_two_bg_color__hover_enabled=\u00a0\u00bboff\u00a0\u00bb][\/et_pb_contact_field][et_pb_contact_field field_id=\u00a0\u00bbprenom\u00a0\u00bb field_title=\u00a0\u00bbPr\u00e9nom\u00a0\u00bb required_mark=\u00a0\u00bboff\u00a0\u00bb _builder_version=\u00a0\u00bb4.22.1&Prime; _module_preset=\u00a0\u00bbdefault\u00a0\u00bb global_colors_info=\u00a0\u00bb{}\u00a0\u00bb][\/et_pb_contact_field][et_pb_contact_field field_id=\u00a0\u00bbsociete\u00a0\u00bb field_title=\u00a0\u00bbSoci\u00e9t\u00e9\u00a0\u00bb required_mark=\u00a0\u00bboff\u00a0\u00bb _builder_version=\u00a0\u00bb4.22.1&Prime; _module_preset=\u00a0\u00bbdefault\u00a0\u00bb global_colors_info=\u00a0\u00bb{}\u00a0\u00bb][\/et_pb_contact_field][et_pb_contact_field field_id=\u00a0\u00bbemail\u00a0\u00bb field_title=\u00a0\u00bbAdresse e-mail\u00a0\u00bb field_type=\u00a0\u00bbemail\u00a0\u00bb _builder_version=\u00a0\u00bb4.22.1&Prime; global_colors_info=\u00a0\u00bb{}\u00a0\u00bb button_text_size__hover_enabled=\u00a0\u00bboff\u00a0\u00bb button_one_text_size__hover_enabled=\u00a0\u00bboff\u00a0\u00bb button_two_text_size__hover_enabled=\u00a0\u00bboff\u00a0\u00bb button_text_color__hover_enabled=\u00a0\u00bboff\u00a0\u00bb button_one_text_color__hover_enabled=\u00a0\u00bboff\u00a0\u00bb button_two_text_color__hover_enabled=\u00a0\u00bboff\u00a0\u00bb button_border_width__hover_enabled=\u00a0\u00bboff\u00a0\u00bb button_one_border_width__hover_enabled=\u00a0\u00bboff\u00a0\u00bb button_two_border_width__hover_enabled=\u00a0\u00bboff\u00a0\u00bb button_border_color__hover_enabled=\u00a0\u00bboff\u00a0\u00bb button_one_border_color__hover_enabled=\u00a0\u00bboff\u00a0\u00bb button_two_border_color__hover_enabled=\u00a0\u00bboff\u00a0\u00bb button_border_radius__hover_enabled=\u00a0\u00bboff\u00a0\u00bb button_one_border_radius__hover_enabled=\u00a0\u00bboff\u00a0\u00bb button_two_border_radius__hover_enabled=\u00a0\u00bboff\u00a0\u00bb button_letter_spacing__hover_enabled=\u00a0\u00bboff\u00a0\u00bb button_one_letter_spacing__hover_enabled=\u00a0\u00bboff\u00a0\u00bb button_two_letter_spacing__hover_enabled=\u00a0\u00bboff\u00a0\u00bb button_bg_color__hover_enabled=\u00a0\u00bboff\u00a0\u00bb button_one_bg_color__hover_enabled=\u00a0\u00bboff\u00a0\u00bb button_two_bg_color__hover_enabled=\u00a0\u00bboff\u00a0\u00bb][\/et_pb_contact_field][et_pb_contact_field field_id=\u00a0\u00bbmessage\u00a0\u00bb field_title=\u00a0\u00bbMessage\u00a0\u00bb field_type=\u00a0\u00bbtext\u00a0\u00bb fullwidth_field=\u00a0\u00bbon\u00a0\u00bb _builder_version=\u00a0\u00bb4.22.1&Prime; border_radii=\u00a0\u00bbon|11px|11px|11px|11px\u00a0\u00bb border_width_all=\u00a0\u00bb2px\u00a0\u00bb border_color_all=\u00a0\u00bb#FFFFFF\u00a0\u00bb global_colors_info=\u00a0\u00bb{}\u00a0\u00bb button_text_size__hover_enabled=\u00a0\u00bboff\u00a0\u00bb button_one_text_size__hover_enabled=\u00a0\u00bboff\u00a0\u00bb button_two_text_size__hover_enabled=\u00a0\u00bboff\u00a0\u00bb button_text_color__hover_enabled=\u00a0\u00bboff\u00a0\u00bb button_one_text_color__hover_enabled=\u00a0\u00bboff\u00a0\u00bb button_two_text_color__hover_enabled=\u00a0\u00bboff\u00a0\u00bb button_border_width__hover_enabled=\u00a0\u00bboff\u00a0\u00bb button_one_border_width__hover_enabled=\u00a0\u00bboff\u00a0\u00bb button_two_border_width__hover_enabled=\u00a0\u00bboff\u00a0\u00bb button_border_color__hover_enabled=\u00a0\u00bboff\u00a0\u00bb button_one_border_color__hover_enabled=\u00a0\u00bboff\u00a0\u00bb button_two_border_color__hover_enabled=\u00a0\u00bboff\u00a0\u00bb button_border_radius__hover_enabled=\u00a0\u00bboff\u00a0\u00bb button_one_border_radius__hover_enabled=\u00a0\u00bboff\u00a0\u00bb button_two_border_radius__hover_enabled=\u00a0\u00bboff\u00a0\u00bb button_letter_spacing__hover_enabled=\u00a0\u00bboff\u00a0\u00bb button_one_letter_spacing__hover_enabled=\u00a0\u00bboff\u00a0\u00bb button_two_letter_spacing__hover_enabled=\u00a0\u00bboff\u00a0\u00bb button_bg_color__hover_enabled=\u00a0\u00bboff\u00a0\u00bb button_one_bg_color__hover_enabled=\u00a0\u00bboff\u00a0\u00bb button_two_bg_color__hover_enabled=\u00a0\u00bboff\u00a0\u00bb][\/et_pb_contact_field][\/et_pb_contact_form][et_pb_image src=\u00a0\u00bbhttp:\/\/savonnerielescollinesdegenty.com\/wp-content\/uploads\/2023\/09\/Fichier-1etoile-9.svg\u00a0\u00bb title_text=\u00a0\u00bbFichier 1\u00e9toile 9&Prime; url=\u00a0\u00bb@ET-DC@eyJkeW5hbWljIjp0cnVlLCJjb250ZW50IjoicG9zdF9saW5rX3VybF9wYWdlIiwic2V0dGluZ3MiOnsicG9zdF9pZCI6IjE5MyJ9fQ==@\u00a0\u00bb align=\u00a0\u00bbcenter\u00a0\u00bb _builder_version=\u00a0\u00bb4.22.1&Prime; _dynamic_attributes=\u00a0\u00bburl\u00a0\u00bb _module_preset=\u00a0\u00bbdefault\u00a0\u00bb height=\u00a0\u00bb100px\u00a0\u00bb height_tablet=\u00a0\u00bb100px\u00a0\u00bb height_phone=\u00a0\u00bb60px\u00a0\u00bb height_last_edited=\u00a0\u00bbon|phone\u00a0\u00bb custom_margin=\u00a0\u00bb0px||0px||false|false\u00a0\u00bb custom_padding=\u00a0\u00bb0px||0px||false|false\u00a0\u00bb custom_padding_tablet=\u00a0\u00bb0px||0px||false|false\u00a0\u00bb custom_padding_phone=\u00a0\u00bb38px||||false|false\u00a0\u00bb custom_padding_last_edited=\u00a0\u00bbon|phone\u00a0\u00bb global_colors_info=\u00a0\u00bb{}\u00a0\u00bb][\/et_pb_image][et_pb_text content_tablet=\u00a0\u00bb<\/p>\n<h3 style=%22text-align: center;%22>Suivez nous sur nos r\u00e9seaux sociaux <a href=%22https:\/\/www.facebook.com\/profile.php?id=61550652580247%22 data-et-target-link=%22_blank%22 rel=%22noopener%22><img src=%22http:\/\/savonnerielescollinesdegenty.com\/wp-content\/uploads\/2023\/09\/face.svg%22 width=%2250%22 height=%2250%22 alt=%22%22 class=%22icone_rs%22 \/> <\/a><img src=%22http:\/\/savonnerielescollinesdegenty.com\/wp-content\/uploads\/2023\/09\/insta.svg%22 width=%2250%22 height=%2250%22 alt=%22%22 class=%22icone_rs%22 \/><\/h3>\n<p>\u00a0\u00bb content_phone=\u00a0\u00bb<\/p>\n<h3 style=%22text-align: center;%22>Suivez nous sur nos r\u00e9seaux sociaux <a href=%22https:\/\/www.facebook.com\/profile.php?id=61550652580247%22 data-et-target-link=%22_blank%22 rel=%22noopener%22><img src=%22http:\/\/savonnerielescollinesdegenty.com\/wp-content\/uploads\/2023\/09\/face.svg%22 width=%2240%22 height=%2240%22 alt=%22%22 class=%22icone_rs%22 \/> <\/a><img src=%22http:\/\/savonnerielescollinesdegenty.com\/wp-content\/uploads\/2023\/09\/insta.svg%22 width=%2240%22 height=%2240%22 alt=%22%22 class=%22icone_rs%22 \/><\/h3>\n<p>\u00a0\u00bb content_last_edited=\u00a0\u00bbon|desktop\u00a0\u00bb _builder_version=\u00a0\u00bb4.22.1&Prime; _module_preset=\u00a0\u00bbdefault\u00a0\u00bb header_2_text_color=\u00a0\u00bb#A08843&Prime; header_3_font=\u00a0\u00bbMirage||||||||\u00a0\u00bb header_3_text_align=\u00a0\u00bbcenter\u00a0\u00bb header_3_text_color=\u00a0\u00bb#806004&Prime; header_3_font_size=\u00a0\u00bb50px\u00a0\u00bb custom_margin=\u00a0\u00bb15px||||false|false\u00a0\u00bb custom_padding=\u00a0\u00bb15px||15px||false|false\u00a0\u00bb custom_padding_tablet=\u00a0\u00bb15px||15px||false|false\u00a0\u00bb custom_padding_phone=\u00a0\u00bb30px|20px|30px|20px|false|false\u00a0\u00bb custom_padding_last_edited=\u00a0\u00bbon|phone\u00a0\u00bb header_3_font_size_tablet=\u00a0\u00bb33px\u00a0\u00bb header_3_font_size_phone=\u00a0\u00bb28px\u00a0\u00bb header_3_font_size_last_edited=\u00a0\u00bbon|phone\u00a0\u00bb header_3_line_height_tablet=\u00a0\u00bb\u00a0\u00bb header_3_line_height_phone=\u00a0\u00bb1.8em\u00a0\u00bb header_3_line_height_last_edited=\u00a0\u00bbon|phone\u00a0\u00bb global_colors_info=\u00a0\u00bb{}\u00a0\u00bb]<\/p>\n<h3 style=\"text-align: center;\">Suivez moi sur mes r\u00e9seaux sociaux \u00a0 <a href=\"https:\/\/www.facebook.com\/profile.php?id=61550652580247\" target=\"_blank\" rel=\"noopener\"><img loading=\"lazy\" decoding=\"async\" src=\"http:\/\/savonnerielescollinesdegenty.com\/wp-content\/uploads\/2023\/09\/face.svg\" width=\"50\" height=\"50\" alt=\"\" class=\"icone_rs\" \/>\u00a0 <\/a><a href=\"https:\/\/www.instagram.com\/savonnerie_lescollinesdegenty\/\" target=\"_blank\" rel=\"noopener\"><img loading=\"lazy\" decoding=\"async\" src=\"http:\/\/savonnerielescollinesdegenty.com\/wp-content\/uploads\/2023\/09\/insta.svg\" width=\"50\" height=\"50\" alt=\"\" class=\"icone_rs\" \/><\/a><\/h3>\n<p>[\/et_pb_text][\/et_pb_column][\/et_pb_row][\/et_pb_section]<\/p>\n","protected":false},"excerpt":{"rendered":"<p>Contacter la savonnerie :Suivez moi sur mes r\u00e9seaux sociaux \u00a0 \u00a0<\/p>\n","protected":false},"author":1,"featured_media":0,"parent":0,"menu_order":0,"comment_status":"closed","ping_status":"closed","template":"","meta":{"_et_pb_use_builder":"on","_et_pb_old_content":"","_et_gb_content_width":"","iawp_total_views":45,"footnotes":""},"class_list":["post-413","page","type-page","status-publish","hentry"],"yoast_head":"<!-- This site is optimized with the Yoast SEO plugin v27.5 - https:\/\/yoast.com\/product\/yoast-seo-wordpress\/ -->\n<title>Nous contacter - Savonnerie Les Collines de Genty<\/title>\n<meta name=\"description\" content=\"Nous contacter - Savonnerie Les Collines de Genty - Un formulaire de contact est \u00e0 votre disposition pour nous joindre.\" \/>\n<meta name=\"robots\" content=\"index, follow, max-snippet:-1, max-image-preview:large, max-video-preview:-1\" \/>\n<link rel=\"canonical\" href=\"https:\/\/savonnerielescollinesdegenty.com\/index.php\/nous-contacter\/\" \/>\n<meta property=\"og:locale\" content=\"fr_FR\" \/>\n<meta property=\"og:type\" content=\"article\" \/>\n<meta property=\"og:title\" content=\"Nous contacter - Savonnerie Les Collines de Genty\" \/>\n<meta property=\"og:description\" content=\"Nous contacter - Savonnerie Les Collines de Genty - Un formulaire de contact est \u00e0 votre disposition pour nous joindre.\" \/>\n<meta property=\"og:url\" content=\"https:\/\/savonnerielescollinesdegenty.com\/index.php\/nous-contacter\/\" \/>\n<meta property=\"og:site_name\" content=\"savonnerielescollinesdegenty.com\" \/>\n<meta property=\"article:modified_time\" content=\"2025-04-14T12:20:43+00:00\" \/>\n<meta property=\"og:image\" content=\"http:\/\/savonnerielescollinesdegenty.com\/wp-content\/uploads\/2023\/09\/face.svg\" \/>\n<meta name=\"twitter:card\" content=\"summary_large_image\" \/>\n<meta name=\"twitter:label1\" content=\"Dur\u00e9e de lecture estim\u00e9e\" \/>\n\t<meta name=\"twitter:data1\" content=\"2 minutes\" \/>\n<script type=\"application\/ld+json\" class=\"yoast-schema-graph\">{\"@context\":\"https:\\\/\\\/schema.org\",\"@graph\":[{\"@type\":\"WebPage\",\"@id\":\"https:\\\/\\\/savonnerielescollinesdegenty.com\\\/index.php\\\/nous-contacter\\\/\",\"url\":\"https:\\\/\\\/savonnerielescollinesdegenty.com\\\/index.php\\\/nous-contacter\\\/\",\"name\":\"Nous contacter - Savonnerie Les Collines de Genty\",\"isPartOf\":{\"@id\":\"https:\\\/\\\/savonnerielescollinesdegenty.com\\\/#website\"},\"primaryImageOfPage\":{\"@id\":\"https:\\\/\\\/savonnerielescollinesdegenty.com\\\/index.php\\\/nous-contacter\\\/#primaryimage\"},\"image\":{\"@id\":\"https:\\\/\\\/savonnerielescollinesdegenty.com\\\/index.php\\\/nous-contacter\\\/#primaryimage\"},\"thumbnailUrl\":\"http:\\\/\\\/savonnerielescollinesdegenty.com\\\/wp-content\\\/uploads\\\/2023\\\/09\\\/face.svg\",\"datePublished\":\"2023-11-28T14:45:12+00:00\",\"dateModified\":\"2025-04-14T12:20:43+00:00\",\"description\":\"Nous contacter - Savonnerie Les Collines de Genty - Un formulaire de contact est \u00e0 votre disposition pour nous joindre.\",\"breadcrumb\":{\"@id\":\"https:\\\/\\\/savonnerielescollinesdegenty.com\\\/index.php\\\/nous-contacter\\\/#breadcrumb\"},\"inLanguage\":\"fr-FR\",\"potentialAction\":[{\"@type\":\"ReadAction\",\"target\":[\"https:\\\/\\\/savonnerielescollinesdegenty.com\\\/index.php\\\/nous-contacter\\\/\"]}]},{\"@type\":\"ImageObject\",\"inLanguage\":\"fr-FR\",\"@id\":\"https:\\\/\\\/savonnerielescollinesdegenty.com\\\/index.php\\\/nous-contacter\\\/#primaryimage\",\"url\":\"http:\\\/\\\/savonnerielescollinesdegenty.com\\\/wp-content\\\/uploads\\\/2023\\\/09\\\/face.svg\",\"contentUrl\":\"http:\\\/\\\/savonnerielescollinesdegenty.com\\\/wp-content\\\/uploads\\\/2023\\\/09\\\/face.svg\"},{\"@type\":\"BreadcrumbList\",\"@id\":\"https:\\\/\\\/savonnerielescollinesdegenty.com\\\/index.php\\\/nous-contacter\\\/#breadcrumb\",\"itemListElement\":[{\"@type\":\"ListItem\",\"position\":1,\"name\":\"Accueil\",\"item\":\"https:\\\/\\\/savonnerielescollinesdegenty.com\\\/\"},{\"@type\":\"ListItem\",\"position\":2,\"name\":\"Nous contacter\"}]},{\"@type\":\"WebSite\",\"@id\":\"https:\\\/\\\/savonnerielescollinesdegenty.com\\\/#website\",\"url\":\"https:\\\/\\\/savonnerielescollinesdegenty.com\\\/\",\"name\":\"savonnerielescollinesdegenty.com\",\"description\":\"Savons surgras, saponifi\u00e9s \u00e0 froid et fabriqu\u00e9s dans la Montagne Noire audoise.\",\"potentialAction\":[{\"@type\":\"SearchAction\",\"target\":{\"@type\":\"EntryPoint\",\"urlTemplate\":\"https:\\\/\\\/savonnerielescollinesdegenty.com\\\/?s={search_term_string}\"},\"query-input\":{\"@type\":\"PropertyValueSpecification\",\"valueRequired\":true,\"valueName\":\"search_term_string\"}}],\"inLanguage\":\"fr-FR\"}]}<\/script>\n<!-- \/ Yoast SEO plugin. -->","yoast_head_json":{"title":"Nous contacter - Savonnerie Les Collines de Genty","description":"Nous contacter - Savonnerie Les Collines de Genty - Un formulaire de contact est \u00e0 votre disposition pour nous joindre.","robots":{"index":"index","follow":"follow","max-snippet":"max-snippet:-1","max-image-preview":"max-image-preview:large","max-video-preview":"max-video-preview:-1"},"canonical":"https:\/\/savonnerielescollinesdegenty.com\/index.php\/nous-contacter\/","og_locale":"fr_FR","og_type":"article","og_title":"Nous contacter - Savonnerie Les Collines de Genty","og_description":"Nous contacter - Savonnerie Les Collines de Genty - Un formulaire de contact est \u00e0 votre disposition pour nous joindre.","og_url":"https:\/\/savonnerielescollinesdegenty.com\/index.php\/nous-contacter\/","og_site_name":"savonnerielescollinesdegenty.com","article_modified_time":"2025-04-14T12:20:43+00:00","og_image":[{"url":"http:\/\/savonnerielescollinesdegenty.com\/wp-content\/uploads\/2023\/09\/face.svg","type":"","width":"","height":""}],"twitter_card":"summary_large_image","twitter_misc":{"Dur\u00e9e de lecture estim\u00e9e":"2 minutes"},"schema":{"@context":"https:\/\/schema.org","@graph":[{"@type":"WebPage","@id":"https:\/\/savonnerielescollinesdegenty.com\/index.php\/nous-contacter\/","url":"https:\/\/savonnerielescollinesdegenty.com\/index.php\/nous-contacter\/","name":"Nous contacter - Savonnerie Les Collines de Genty","isPartOf":{"@id":"https:\/\/savonnerielescollinesdegenty.com\/#website"},"primaryImageOfPage":{"@id":"https:\/\/savonnerielescollinesdegenty.com\/index.php\/nous-contacter\/#primaryimage"},"image":{"@id":"https:\/\/savonnerielescollinesdegenty.com\/index.php\/nous-contacter\/#primaryimage"},"thumbnailUrl":"http:\/\/savonnerielescollinesdegenty.com\/wp-content\/uploads\/2023\/09\/face.svg","datePublished":"2023-11-28T14:45:12+00:00","dateModified":"2025-04-14T12:20:43+00:00","description":"Nous contacter - Savonnerie Les Collines de Genty - Un formulaire de contact est \u00e0 votre disposition pour nous joindre.","breadcrumb":{"@id":"https:\/\/savonnerielescollinesdegenty.com\/index.php\/nous-contacter\/#breadcrumb"},"inLanguage":"fr-FR","potentialAction":[{"@type":"ReadAction","target":["https:\/\/savonnerielescollinesdegenty.com\/index.php\/nous-contacter\/"]}]},{"@type":"ImageObject","inLanguage":"fr-FR","@id":"https:\/\/savonnerielescollinesdegenty.com\/index.php\/nous-contacter\/#primaryimage","url":"http:\/\/savonnerielescollinesdegenty.com\/wp-content\/uploads\/2023\/09\/face.svg","contentUrl":"http:\/\/savonnerielescollinesdegenty.com\/wp-content\/uploads\/2023\/09\/face.svg"},{"@type":"BreadcrumbList","@id":"https:\/\/savonnerielescollinesdegenty.com\/index.php\/nous-contacter\/#breadcrumb","itemListElement":[{"@type":"ListItem","position":1,"name":"Accueil","item":"https:\/\/savonnerielescollinesdegenty.com\/"},{"@type":"ListItem","position":2,"name":"Nous contacter"}]},{"@type":"WebSite","@id":"https:\/\/savonnerielescollinesdegenty.com\/#website","url":"https:\/\/savonnerielescollinesdegenty.com\/","name":"savonnerielescollinesdegenty.com","description":"Savons surgras, saponifi\u00e9s \u00e0 froid et fabriqu\u00e9s dans la Montagne Noire audoise.","potentialAction":[{"@type":"SearchAction","target":{"@type":"EntryPoint","urlTemplate":"https:\/\/savonnerielescollinesdegenty.com\/?s={search_term_string}"},"query-input":{"@type":"PropertyValueSpecification","valueRequired":true,"valueName":"search_term_string"}}],"inLanguage":"fr-FR"}]}},"_links":{"self":[{"href":"https:\/\/savonnerielescollinesdegenty.com\/index.php\/wp-json\/wp\/v2\/pages\/413","targetHints":{"allow":["GET"]}}],"collection":[{"href":"https:\/\/savonnerielescollinesdegenty.com\/index.php\/wp-json\/wp\/v2\/pages"}],"about":[{"href":"https:\/\/savonnerielescollinesdegenty.com\/index.php\/wp-json\/wp\/v2\/types\/page"}],"author":[{"embeddable":true,"href":"https:\/\/savonnerielescollinesdegenty.com\/index.php\/wp-json\/wp\/v2\/users\/1"}],"replies":[{"embeddable":true,"href":"https:\/\/savonnerielescollinesdegenty.com\/index.php\/wp-json\/wp\/v2\/comments?post=413"}],"version-history":[{"count":10,"href":"https:\/\/savonnerielescollinesdegenty.com\/index.php\/wp-json\/wp\/v2\/pages\/413\/revisions"}],"predecessor-version":[{"id":700,"href":"https:\/\/savonnerielescollinesdegenty.com\/index.php\/wp-json\/wp\/v2\/pages\/413\/revisions\/700"}],"wp:attachment":[{"href":"https:\/\/savonnerielescollinesdegenty.com\/index.php\/wp-json\/wp\/v2\/media?parent=413"}],"curies":[{"name":"wp","href":"https:\/\/api.w.org\/{rel}","templated":true}]}}