{"id":58,"date":"2023-09-15T15:08:11","date_gmt":"2023-09-15T13:08:11","guid":{"rendered":"https:\/\/savonnerielescollinesdegenty.com\/?page_id=58"},"modified":"2024-02-08T12:48:53","modified_gmt":"2024-02-08T11:48:53","slug":"savons-artisanaux-cgv","status":"publish","type":"page","link":"https:\/\/savonnerielescollinesdegenty.com\/index.php\/savons-artisanaux-cgv\/","title":{"rendered":"CGV"},"content":{"rendered":"\n[et_pb_section fb_built=\u00a0\u00bb1&Prime; _builder_version=\u00a0\u00bb4.22.1&Prime; _module_preset=\u00a0\u00bbdefault\u00a0\u00bb background_color=\u00a0\u00bb#91877D\u00a0\u00bb custom_margin=\u00a0\u00bb||0px||false|false\u00a0\u00bb custom_padding=\u00a0\u00bb||0px||false|false\u00a0\u00bb global_colors_info=\u00a0\u00bb{}\u00a0\u00bb][et_pb_row _builder_version=\u00a0\u00bb4.22.1&Prime; _module_preset=\u00a0\u00bbdefault\u00a0\u00bb width=\u00a0\u00bb100%\u00a0\u00bb max_width=\u00a0\u00bb100%\u00a0\u00bb custom_margin=\u00a0\u00bb0px||0px||false|false\u00a0\u00bb custom_padding=\u00a0\u00bb0px|40px|0px|40px|false|false\u00a0\u00bb global_colors_info=\u00a0\u00bb{}\u00a0\u00bb][et_pb_column type=\u00a0\u00bb4_4&Prime; _builder_version=\u00a0\u00bb4.22.1&Prime; _module_preset=\u00a0\u00bbdefault\u00a0\u00bb global_colors_info=\u00a0\u00bb{}\u00a0\u00bb][et_pb_text _builder_version=\u00a0\u00bb4.22.1&Prime; _module_preset=\u00a0\u00bbdefault\u00a0\u00bb header_font=\u00a0\u00bbMirage||||||||\u00a0\u00bb header_text_align=\u00a0\u00bbcenter\u00a0\u00bb header_text_color=\u00a0\u00bb#FFFFFF\u00a0\u00bb header_font_size=\u00a0\u00bb60px\u00a0\u00bb header_2_font=\u00a0\u00bbMirage||||||||\u00a0\u00bb header_2_text_align=\u00a0\u00bbcenter\u00a0\u00bb header_2_text_color=\u00a0\u00bb#FFFFFF\u00a0\u00bb header_2_font_size=\u00a0\u00bb50px\u00a0\u00bb header_3_font=\u00a0\u00bbMirage||||||||\u00a0\u00bb header_3_text_align=\u00a0\u00bbcenter\u00a0\u00bb header_3_text_color=\u00a0\u00bb#FFFFFF\u00a0\u00bb header_3_font_size=\u00a0\u00bb35px\u00a0\u00bb custom_margin_tablet=\u00a0\u00bb\u00a0\u00bb custom_margin_phone=\u00a0\u00bb||10px||false|false\u00a0\u00bb custom_margin_last_edited=\u00a0\u00bbon|phone\u00a0\u00bb custom_padding=\u00a0\u00bb0px||0px||false|false\u00a0\u00bb custom_padding_tablet=\u00a0\u00bb70px||||false|false\u00a0\u00bb custom_padding_phone=\u00a0\u00bb70px||||false|false\u00a0\u00bb custom_padding_last_edited=\u00a0\u00bbon|desktop\u00a0\u00bb header_font_size_tablet=\u00a0\u00bb50px\u00a0\u00bb header_font_size_phone=\u00a0\u00bb36px\u00a0\u00bb header_font_size_last_edited=\u00a0\u00bbon|phone\u00a0\u00bb header_line_height_tablet=\u00a0\u00bb\u00a0\u00bb header_line_height_phone=\u00a0\u00bb1.2em\u00a0\u00bb header_line_height_last_edited=\u00a0\u00bbon|phone\u00a0\u00bb global_colors_info=\u00a0\u00bb{}\u00a0\u00bb]<h1>Conditions G\u00e9n\u00e9rales de Vente<\/h1>[\/et_pb_text][et_pb_image src=\u00a0\u00bbhttp:\/\/savonnerielescollinesdegenty.com\/wp-content\/uploads\/2023\/09\/ligne.svg\u00a0\u00bb title_text=\u00a0\u00bbligne\u00a0\u00bb align=\u00a0\u00bbcenter\u00a0\u00bb _builder_version=\u00a0\u00bb4.22.1&Prime; _module_preset=\u00a0\u00bbdefault\u00a0\u00bb custom_margin=\u00a0\u00bb0px||0px||false|false\u00a0\u00bb custom_padding=\u00a0\u00bb0px||40px|0px|false|false\u00a0\u00bb custom_padding_tablet=\u00a0\u00bb0px||40px|0px|false|false\u00a0\u00bb custom_padding_phone=\u00a0\u00bb0px||0px|0px|false|false\u00a0\u00bb custom_padding_last_edited=\u00a0\u00bbon|phone\u00a0\u00bb hover_enabled=\u00a0\u00bb0&Prime; global_colors_info=\u00a0\u00bb{}\u00a0\u00bb sticky_enabled=\u00a0\u00bb0&Prime;][\/et_pb_image][\/et_pb_column][\/et_pb_row][et_pb_row custom_padding_last_edited=\u00a0\u00bbon|phone\u00a0\u00bb _builder_version=\u00a0\u00bb4.22.1&Prime; _module_preset=\u00a0\u00bbdefault\u00a0\u00bb width=\u00a0\u00bb100%\u00a0\u00bb max_width=\u00a0\u00bb100%\u00a0\u00bb custom_padding=\u00a0\u00bb|50px||50px|false|false\u00a0\u00bb custom_padding_tablet=\u00a0\u00bb|50px||50px|false|false\u00a0\u00bb custom_padding_phone=\u00a0\u00bb|20px||20px|false|false\u00a0\u00bb global_colors_info=\u00a0\u00bb{}\u00a0\u00bb][et_pb_column type=\u00a0\u00bb4_4&Prime; _builder_version=\u00a0\u00bb4.22.1&Prime; _module_preset=\u00a0\u00bbdefault\u00a0\u00bb global_colors_info=\u00a0\u00bb{}\u00a0\u00bb][et_pb_text _builder_version=\u00a0\u00bb4.22.1&Prime; _module_preset=\u00a0\u00bbdefault\u00a0\u00bb text_font=\u00a0\u00bbDM Sans||||||||\u00a0\u00bb text_text_color=\u00a0\u00bb#FFFFFF\u00a0\u00bb text_font_size=\u00a0\u00bb16px\u00a0\u00bb link_text_color=\u00a0\u00bb#2B473C\u00a0\u00bb header_2_font=\u00a0\u00bbDM Sans||||||||\u00a0\u00bb header_3_font=\u00a0\u00bbDM Sans||||||||\u00a0\u00bb header_6_font=\u00a0\u00bbDM Sans||||||||\u00a0\u00bb hover_enabled=\u00a0\u00bb0&Prime; global_colors_info=\u00a0\u00bb{}\u00a0\u00bb sticky_enabled=\u00a0\u00bb0&Prime; header_2_text_color=\u00a0\u00bb#FFFFFF\u00a0\u00bb header_2_font_size=\u00a0\u00bb21px\u00a0\u00bb]<p>&nbsp;<\/p>\n<h2><strong>1. Dispositions de la loi \u00ab\u00a0informatique et libert\u00e9s\u00a0\u00bb<\/strong><\/h2>\n<p>Pour les besoins de la vente par correspondance, la Savonnerie enregistre vos coordonn\u00e9es. Elle s&rsquo;engage \u00e0 ne pas utiliser ces donn\u00e9es \u00e0 d&rsquo;autres fins. Vous disposez d\u2019un droit d\u2019acc\u00e8s, de modification, de rectification et de suppression des donn\u00e9es qui vous concernent (<a href=\"https:\/\/www.legifrance.gouv.fr\/loda\/article_lc\/LEGIARTI000006528132\/2004-08-07\">article 34 de la Loi Informatique et Libert\u00e9s du 6 janvier 1978<\/a>). Vous pouvez exercer ce droit en adressant un E-mail depuis la page de <a href=\"https:\/\/savonnerielescollinesdegenty.com\/index.php\/nous-contacter\/\">contact<\/a>.<\/p>\n<p>&nbsp;<\/p>\n<h2><strong>2. Conditions g\u00e9n\u00e9rales de vente<\/strong><\/h2>\n<p>Ces conditions g\u00e9n\u00e9rales de vente d\u00e9finissent les relations commerciales entre la Savonnerie les collines de genty et le contractant. Les prestations concern\u00e9es par les pr\u00e9sentes Conditions G\u00e9n\u00e9rales de Vente sont celles propos\u00e9es par la savonnerie. Pr\u00e9alablement \u00e0 toute transaction le client reconna\u00eet avoir pris connaissance de l&rsquo;ensemble de nos conditions g\u00e9n\u00e9rales de ventes et les accepter. Elles sont conclues pour la dur\u00e9e n\u00e9cessaire \u00e0 la fourniture des produits. Les photos des produits sont non contractuelles, chaque savon est fait \u00e0 la main et est unique.<\/p>\n<p>&nbsp;<\/p>\n<h2><strong>3. Prix<\/strong><\/h2>\n<p>Les prix sont exprim\u00e9s en euros, toutes taxes comprises et la Savonnerie se r\u00e9serve le droit de modifier ses prix \u00e0 tout moment, mais s\u2019engage \u00e0 appliquer les tarifs en vigueur au moment de la commande.<\/p>\n<p>&nbsp;<\/p>\n<h2><strong>4. Moyens de paiement<\/strong><\/h2>\n<p>Moyens de paiement accept\u00e9 : carte bancaire. Les cartes de paiement sont d\u00e9bit\u00e9es \u00e0 la validation de la commande.<\/p>\n<p>&nbsp;<\/p>\n<h2><strong>5. Frais d&rsquo;exp\u00e9dition<\/strong><\/h2>\n<p>Les produits sont livr\u00e9s dans un d\u00e9lai de 5 \u00e0 7 jours ouvr\u00e9s. Dans le cas o\u00f9 les d\u00e9lais d\u2019exp\u00e9dition ne peuvent \u00eatre respect\u00e9s, un mail est envoy\u00e9 au contractant. Les colis sont exp\u00e9di\u00e9s par Colissimo selon le choix du contractant. Les frais varient selon le poids de la commande. Le d\u00e9lai de livraison d\u00e9pend du pays.<\/p>\n<p>&nbsp;<\/p>\n<h2><strong>6. Responsabilit\u00e9<\/strong><\/h2>\n<p>Le vendeur ne saurait \u00eatre tenu pour responsable de l&rsquo;inex\u00e9cution du contrat de vente en cas de force majeure, notamment en cas de gr\u00e8ve. Le vendeur d\u00e9gage toutes responsabilit\u00e9s quant \u00e0 l&rsquo;usage que l&rsquo;acheteur fera des produits. D&rsquo;aucune mani\u00e8re les commentaires et renseignements fournis sur ce site ne constituent une recommandation de traitement (pr\u00e9ventif ou curatif), une prescription ou un diagnostic ni ne doivent \u00eatre consid\u00e9r\u00e9s comme tels. La savonnerie n&rsquo;assume aucune responsabilit\u00e9 quant aux cons\u00e9quences que pourrait avoir l&rsquo;utilisation de ces informations. Le vendeur s&rsquo;engage \u00e0 \u00e9changer \u00e0 ses frais tout produit d\u00e9fectueux ou avari\u00e9. N&rsquo;est pas comprise dans cette garantie toute d\u00e9faillance li\u00e9e \u00e0 une utilisation ou un stockage anormal du produit par n\u00e9gligence ou faute du consommateur. Toutefois les articles ne correspondant pas \u00e0 l&rsquo;attente du client doivent \u00eatre retourn\u00e9s \u00e0 l&rsquo;\u00e9tat neuf dans l&#8217;emballage d&rsquo;origine.<\/p>\n<p>&nbsp;<\/p>\n<h2><strong>7. Droit de r\u00e9tractation (code de la consommation)<\/strong><\/h2>\n<p><span>Le d\u00e9lai de r\u00e9tractation est de\u00a0<\/span><span class=\"miseenevidence\">14 jours<\/span><span>. Il court \u00e0 compter du lendemain de la r\u00e9ception.\u00a0<\/span>Si le dernier jour de ce d\u00e9lai tombe un samedi, un dimanche ou un jour f\u00e9ri\u00e9, il est prolong\u00e9 jusqu&rsquo;au jour ouvrable suivant. L&rsquo;acheteur est en droit d&rsquo;annuler sa commande durant ce d\u00e9lai. Cette annulation est effective d\u00e8s qu&rsquo;il retourne la marchandise, \u00e0 ses frais, les produits ne doivent pas avoir \u00e9t\u00e9 utilis\u00e9s et \u00eatre dans leur emballage d&rsquo;origine, par colis postal avec remise contre signature de pr\u00e9f\u00e9rence. L&rsquo;acheteur n&rsquo;a pas \u00e0 justifier son changement d&rsquo;avis. L&rsquo;acheteur n&rsquo;a pas \u00e0 justifier son changement d&rsquo;avis. Les pr\u00e9sentes Conditions G\u00e9n\u00e9rales de Vente sont r\u00e9gies par le code commercial du droit fran\u00e7ais.<\/p>\n<p>&nbsp;<\/p>\n<h2><strong>8. Garanties l\u00e9gales<\/strong><\/h2>\n<p><span>Le consommateur dispose d&rsquo;un d\u00e9lai de deux ans \u00e0 compter de la d\u00e9livrance du bien pour obtenir la mise en \u0153uvre de la garantie l\u00e9gale de conformit\u00e9 en cas d&rsquo;apparition d&rsquo;un d\u00e9faut de conformit\u00e9. Durant ce d\u00e9lai, le consommateur n&rsquo;est tenu d&rsquo;\u00e9tablir que l&rsquo;existence du d\u00e9faut de conformit\u00e9 et non la date d&rsquo;apparition de celui-ci.<\/span><br \/><span>La garantie l\u00e9gale de conformit\u00e9 emporte obligation pour le professionnel, le cas \u00e9ch\u00e9ant, de fournir toutes les mises \u00e0 jour n\u00e9cessaires au maintien de la conformit\u00e9 du bien.<\/span><br \/><span>La garantie l\u00e9gale de conformit\u00e9 donne au consommateur droit \u00e0 la r\u00e9paration ou au remplacement du bien dans un d\u00e9lai de trente jours suivant sa demande, sans frais et sans inconv\u00e9nient majeur pour lui.<\/span><br \/><span>Si le bien est r\u00e9par\u00e9 dans le cadre de la garantie l\u00e9gale de conformit\u00e9, le consommateur b\u00e9n\u00e9ficie d&rsquo;une extension de six mois de la garantie initiale.<\/span><br \/><span>Si le consommateur demande la r\u00e9paration du bien, mais que le vendeur impose le remplacement, la garantie l\u00e9gale de conformit\u00e9 est renouvel\u00e9e pour une p\u00e9riode de deux ans \u00e0 compter de la date de remplacement du bien.<\/span><br \/><span>Le consommateur peut obtenir une r\u00e9duction du prix d&rsquo;achat en conservant le bien ou mettre fin au contrat en se faisant rembourser int\u00e9gralement contre restitution du bien, si :<\/span><br \/><span>1\u00b0 Le professionnel refuse de r\u00e9parer ou de remplacer le bien ;<\/span><br \/><span>2\u00b0 La r\u00e9paration ou le remplacement du bien intervient apr\u00e8s un d\u00e9lai de trente jours ;<\/span><br \/><span>3\u00b0 La r\u00e9paration ou le remplacement du bien occasionne un inconv\u00e9nient majeur pour le consommateur, notamment lorsque le consommateur supporte d\u00e9finitivement les frais de reprise ou d&rsquo;enl\u00e8vement du bien non conforme, ou s&rsquo;il supporte les frais d&rsquo;installation du bien r\u00e9par\u00e9 ou de remplacement ;<\/span><br \/><span>4\u00b0 La non-conformit\u00e9 du bien persiste en d\u00e9pit de la tentative de mise en conformit\u00e9 du vendeur rest\u00e9e infructueuse.<\/span><\/p>\n<p><span>Le consommateur a \u00e9galement droit \u00e0 une r\u00e9duction du prix du bien ou \u00e0 la r\u00e9solution du contrat lorsque le d\u00e9faut de conformit\u00e9 est si grave qu&rsquo;il justifie que la r\u00e9duction du prix ou la r\u00e9solution du contrat soit imm\u00e9diate. Le consommateur n&rsquo;est alors pas tenu de demander la r\u00e9paration ou le remplacement du bien au pr\u00e9alable.<\/span><br \/><span>Le consommateur n&rsquo;a pas droit \u00e0 la r\u00e9solution de la vente si le d\u00e9faut de conformit\u00e9 est mineur.<\/span><br \/><span>Toute p\u00e9riode d&rsquo;immobilisation du bien en vue de sa r\u00e9paration ou de son remplacement suspend la garantie qui restait \u00e0 courir jusqu&rsquo;\u00e0 la d\u00e9livrance du bien remis en \u00e9tat.<\/span><br \/><span>Les droits mentionn\u00e9s ci-dessus r\u00e9sultent de l&rsquo;application des articles\u00a0<a href=\"https:\/\/www.legifrance.gouv.fr\/codes\/section_lc\/LEGITEXT000006069565\/LEGISCTA000032221261\/#LEGISCTA000044142624\">L. 217-1<\/a><\/span><span><a href=\"https:\/\/www.legifrance.gouv.fr\/codes\/section_lc\/LEGITEXT000006069565\/LEGISCTA000032221261\/#LEGISCTA000044142624\">\u00a0\u00e0 L. 217-32<\/a> du code de la consommation.<\/span><br \/><span>Le vendeur qui fait obstacle de mauvaise foi \u00e0 la mise en \u0153uvre de la garantie l\u00e9gale de conformit\u00e9 encourt une amende civile d&rsquo;un montant maximal de 300 000 euros, qui peut \u00eatre port\u00e9 jusqu&rsquo;\u00e0 10 % du chiffre d&rsquo;affaires moyen annuel (<a href=\"https:\/\/www.legifrance.gouv.fr\/codes\/article_lc\/LEGIARTI000044142730#:~:text=Version%20en%20vigueur%20depuis%20le%2001%20octobre%202021,-Modifi%C3%A9%20par%20Ordonnance&amp;text=Sans%20pr%C3%A9judice%20de%20l'allocation,217%2D19.\">article L. 241-5<\/a> du code de la consommation<\/span><span>).<\/span><br \/><span>Le consommateur b\u00e9n\u00e9ficie \u00e9galement de la garantie l\u00e9gale des vices cach\u00e9s en application des articles <a href=\"https:\/\/www.legifrance.gouv.fr\/codes\/section_lc\/LEGITEXT000006070721\/LEGISCTA000006165624\/#LEGISCTA000006165624\">1641 \u00e0 1649<\/a> du code civil<\/span><span>, pendant une dur\u00e9e de deux ans \u00e0 compter de la d\u00e9couverte du d\u00e9faut. Cette garantie donne droit \u00e0 une r\u00e9duction de prix si le bien est conserv\u00e9 ou \u00e0 un remboursement int\u00e9gral contre restitution du bien.<\/span><\/p>\n<p>&nbsp;<\/p>\n<h2><strong>9.\u00a0Litiges &amp; M\u00e9diation<\/strong><\/h2>\n<p>Les pr\u00e9sentes Conditions g\u00e9n\u00e9rales de vente sont r\u00e9dig\u00e9es en langue fran\u00e7aise. Ainsi, seules les Conditions g\u00e9n\u00e9rales de vente en langue fran\u00e7aise font foi.<br \/>Les pr\u00e9sentes Conditions g\u00e9n\u00e9rales de vente sont soumises \u00e0 la loi fran\u00e7aise. Il en est ainsi pour les r\u00e8gles de fonds et pour les r\u00e8gles de forme. En cas de litige ou de r\u00e9clamation, l&rsquo;acheteur s\u2019adressera en priorit\u00e9\u00a0au vendeur pour obtenir une solution amiable.<br \/>L&rsquo;acheteur\u00a0d\u00e9clare avoir \u00e9t\u00e9 pr\u00e9alablement inform\u00e9\u00a0le vendeur de la possibilit\u00e9 de recourir, en cas de contestation, \u00e0 une proc\u00e9dure de m\u00e9diation de la consommation.<br \/>L&rsquo;acheteur s\u2019engage \u00e0 adresser sa r\u00e9clamation au Service client du vendeur aux coordonn\u00e9es indiqu\u00e9es sur la page <a href=\"https:\/\/savonnerielescollinesdegenty.com\/index.php\/nous-contacter\/\">\u00ab Contact \u00bb<\/a> du pr\u00e9sent site avant de contacter l&rsquo;organisme de m\u00e9diation choisi.<\/p>[\/et_pb_text][\/et_pb_column][\/et_pb_row][\/et_pb_section]\n","protected":false},"excerpt":{"rendered":"<p>Conditions G\u00e9n\u00e9rales de Vente&nbsp; 1. Dispositions de la loi \u00ab\u00a0informatique et libert\u00e9s\u00a0\u00bb Pour les besoins de la vente par correspondance, la Savonnerie enregistre vos coordonn\u00e9es. Elle s&rsquo;engage \u00e0 ne pas utiliser ces donn\u00e9es \u00e0 d&rsquo;autres fins. Vous disposez d\u2019un droit d\u2019acc\u00e8s, de modification, de rectification et de suppression des donn\u00e9es qui vous concernent (article 34 [&hellip;]<\/p>\n","protected":false},"author":1,"featured_media":0,"parent":0,"menu_order":0,"comment_status":"closed","ping_status":"closed","template":"","meta":{"_et_pb_use_builder":"on","_et_pb_old_content":"<!-- wp:divi\/placeholder \/-->","_et_gb_content_width":"","iawp_total_views":8,"footnotes":""},"class_list":["post-58","page","type-page","status-publish","hentry"],"yoast_head":"<!-- This site is optimized with the Yoast SEO plugin v27.3 - https:\/\/yoast.com\/product\/yoast-seo-wordpress\/ -->\n<title>Savons artisanaux CGV<\/title>\n<meta name=\"description\" content=\"CGV - Savons artisanaux locaux et \u00e9thiques. Fabriqu\u00e9s \u00e0 la main et saponifi\u00e9s \u00e0 froid dans la montagne noire.\" \/>\n<meta name=\"robots\" content=\"index, follow, max-snippet:-1, max-image-preview:large, max-video-preview:-1\" \/>\n<link rel=\"canonical\" href=\"https:\/\/savonnerielescollinesdegenty.com\/index.php\/savons-artisanaux-cgv\/\" \/>\n<meta property=\"og:locale\" content=\"fr_FR\" \/>\n<meta property=\"og:type\" content=\"article\" \/>\n<meta property=\"og:title\" content=\"Savons artisanaux CGV\" \/>\n<meta property=\"og:description\" content=\"CGV - Savons artisanaux locaux et \u00e9thiques. Fabriqu\u00e9s \u00e0 la main et saponifi\u00e9s \u00e0 froid dans la montagne noire.\" \/>\n<meta property=\"og:url\" content=\"https:\/\/savonnerielescollinesdegenty.com\/index.php\/savons-artisanaux-cgv\/\" \/>\n<meta property=\"og:site_name\" content=\"savonnerielescollinesdegenty.com\" \/>\n<meta property=\"article:modified_time\" content=\"2024-02-08T11:48:53+00:00\" \/>\n<meta name=\"twitter:card\" content=\"summary_large_image\" \/>\n<meta name=\"twitter:label1\" content=\"Dur\u00e9e de lecture estim\u00e9e\" \/>\n\t<meta name=\"twitter:data1\" content=\"7 minutes\" \/>\n<script type=\"application\/ld+json\" class=\"yoast-schema-graph\">{\"@context\":\"https:\\\/\\\/schema.org\",\"@graph\":[{\"@type\":\"WebPage\",\"@id\":\"https:\\\/\\\/savonnerielescollinesdegenty.com\\\/index.php\\\/savons-artisanaux-cgv\\\/\",\"url\":\"https:\\\/\\\/savonnerielescollinesdegenty.com\\\/index.php\\\/savons-artisanaux-cgv\\\/\",\"name\":\"Savons artisanaux CGV\",\"isPartOf\":{\"@id\":\"https:\\\/\\\/savonnerielescollinesdegenty.com\\\/#website\"},\"datePublished\":\"2023-09-15T13:08:11+00:00\",\"dateModified\":\"2024-02-08T11:48:53+00:00\",\"description\":\"CGV - Savons artisanaux locaux et \u00e9thiques. Fabriqu\u00e9s \u00e0 la main et saponifi\u00e9s \u00e0 froid dans la montagne noire.\",\"breadcrumb\":{\"@id\":\"https:\\\/\\\/savonnerielescollinesdegenty.com\\\/index.php\\\/savons-artisanaux-cgv\\\/#breadcrumb\"},\"inLanguage\":\"fr-FR\",\"potentialAction\":[{\"@type\":\"ReadAction\",\"target\":[\"https:\\\/\\\/savonnerielescollinesdegenty.com\\\/index.php\\\/savons-artisanaux-cgv\\\/\"]}]},{\"@type\":\"BreadcrumbList\",\"@id\":\"https:\\\/\\\/savonnerielescollinesdegenty.com\\\/index.php\\\/savons-artisanaux-cgv\\\/#breadcrumb\",\"itemListElement\":[{\"@type\":\"ListItem\",\"position\":1,\"name\":\"Accueil\",\"item\":\"https:\\\/\\\/savonnerielescollinesdegenty.com\\\/\"},{\"@type\":\"ListItem\",\"position\":2,\"name\":\"CGV\"}]},{\"@type\":\"WebSite\",\"@id\":\"https:\\\/\\\/savonnerielescollinesdegenty.com\\\/#website\",\"url\":\"https:\\\/\\\/savonnerielescollinesdegenty.com\\\/\",\"name\":\"savonnerielescollinesdegenty.com\",\"description\":\"Savons surgras, saponifi\u00e9s \u00e0 froid et fabriqu\u00e9s dans la Montagne Noire audoise.\",\"potentialAction\":[{\"@type\":\"SearchAction\",\"target\":{\"@type\":\"EntryPoint\",\"urlTemplate\":\"https:\\\/\\\/savonnerielescollinesdegenty.com\\\/?s={search_term_string}\"},\"query-input\":{\"@type\":\"PropertyValueSpecification\",\"valueRequired\":true,\"valueName\":\"search_term_string\"}}],\"inLanguage\":\"fr-FR\"}]}<\/script>\n<!-- \/ Yoast SEO plugin. -->","yoast_head_json":{"title":"Savons artisanaux CGV","description":"CGV - Savons artisanaux locaux et \u00e9thiques. Fabriqu\u00e9s \u00e0 la main et saponifi\u00e9s \u00e0 froid dans la montagne noire.","robots":{"index":"index","follow":"follow","max-snippet":"max-snippet:-1","max-image-preview":"max-image-preview:large","max-video-preview":"max-video-preview:-1"},"canonical":"https:\/\/savonnerielescollinesdegenty.com\/index.php\/savons-artisanaux-cgv\/","og_locale":"fr_FR","og_type":"article","og_title":"Savons artisanaux CGV","og_description":"CGV - Savons artisanaux locaux et \u00e9thiques. Fabriqu\u00e9s \u00e0 la main et saponifi\u00e9s \u00e0 froid dans la montagne noire.","og_url":"https:\/\/savonnerielescollinesdegenty.com\/index.php\/savons-artisanaux-cgv\/","og_site_name":"savonnerielescollinesdegenty.com","article_modified_time":"2024-02-08T11:48:53+00:00","twitter_card":"summary_large_image","twitter_misc":{"Dur\u00e9e de lecture estim\u00e9e":"7 minutes"},"schema":{"@context":"https:\/\/schema.org","@graph":[{"@type":"WebPage","@id":"https:\/\/savonnerielescollinesdegenty.com\/index.php\/savons-artisanaux-cgv\/","url":"https:\/\/savonnerielescollinesdegenty.com\/index.php\/savons-artisanaux-cgv\/","name":"Savons artisanaux CGV","isPartOf":{"@id":"https:\/\/savonnerielescollinesdegenty.com\/#website"},"datePublished":"2023-09-15T13:08:11+00:00","dateModified":"2024-02-08T11:48:53+00:00","description":"CGV - Savons artisanaux locaux et \u00e9thiques. Fabriqu\u00e9s \u00e0 la main et saponifi\u00e9s \u00e0 froid dans la montagne noire.","breadcrumb":{"@id":"https:\/\/savonnerielescollinesdegenty.com\/index.php\/savons-artisanaux-cgv\/#breadcrumb"},"inLanguage":"fr-FR","potentialAction":[{"@type":"ReadAction","target":["https:\/\/savonnerielescollinesdegenty.com\/index.php\/savons-artisanaux-cgv\/"]}]},{"@type":"BreadcrumbList","@id":"https:\/\/savonnerielescollinesdegenty.com\/index.php\/savons-artisanaux-cgv\/#breadcrumb","itemListElement":[{"@type":"ListItem","position":1,"name":"Accueil","item":"https:\/\/savonnerielescollinesdegenty.com\/"},{"@type":"ListItem","position":2,"name":"CGV"}]},{"@type":"WebSite","@id":"https:\/\/savonnerielescollinesdegenty.com\/#website","url":"https:\/\/savonnerielescollinesdegenty.com\/","name":"savonnerielescollinesdegenty.com","description":"Savons surgras, saponifi\u00e9s \u00e0 froid et fabriqu\u00e9s dans la Montagne Noire audoise.","potentialAction":[{"@type":"SearchAction","target":{"@type":"EntryPoint","urlTemplate":"https:\/\/savonnerielescollinesdegenty.com\/?s={search_term_string}"},"query-input":{"@type":"PropertyValueSpecification","valueRequired":true,"valueName":"search_term_string"}}],"inLanguage":"fr-FR"}]}},"_links":{"self":[{"href":"https:\/\/savonnerielescollinesdegenty.com\/index.php\/wp-json\/wp\/v2\/pages\/58","targetHints":{"allow":["GET"]}}],"collection":[{"href":"https:\/\/savonnerielescollinesdegenty.com\/index.php\/wp-json\/wp\/v2\/pages"}],"about":[{"href":"https:\/\/savonnerielescollinesdegenty.com\/index.php\/wp-json\/wp\/v2\/types\/page"}],"author":[{"embeddable":true,"href":"https:\/\/savonnerielescollinesdegenty.com\/index.php\/wp-json\/wp\/v2\/users\/1"}],"replies":[{"embeddable":true,"href":"https:\/\/savonnerielescollinesdegenty.com\/index.php\/wp-json\/wp\/v2\/comments?post=58"}],"version-history":[{"count":8,"href":"https:\/\/savonnerielescollinesdegenty.com\/index.php\/wp-json\/wp\/v2\/pages\/58\/revisions"}],"predecessor-version":[{"id":544,"href":"https:\/\/savonnerielescollinesdegenty.com\/index.php\/wp-json\/wp\/v2\/pages\/58\/revisions\/544"}],"wp:attachment":[{"href":"https:\/\/savonnerielescollinesdegenty.com\/index.php\/wp-json\/wp\/v2\/media?parent=58"}],"curies":[{"name":"wp","href":"https:\/\/api.w.org\/{rel}","templated":true}]}}