{"id":706,"date":"2025-04-24T11:50:44","date_gmt":"2025-04-24T09:50:44","guid":{"rendered":"https:\/\/savonnerielescollinesdegenty.com\/?page_id=706"},"modified":"2026-02-20T15:14:47","modified_gmt":"2026-02-20T14:14:47","slug":"stages","status":"publish","type":"page","link":"https:\/\/savonnerielescollinesdegenty.com\/index.php\/stages\/","title":{"rendered":"Stages"},"content":{"rendered":"<p>[et_pb_section fb_built=\u00a0\u00bb1&Prime; custom_padding_last_edited=\u00a0\u00bbon|phone\u00a0\u00bb _builder_version=\u00a0\u00bb4.22.1&Prime; _module_preset=\u00a0\u00bbdefault\u00a0\u00bb background_color=\u00a0\u00bb#FFEADC\u00a0\u00bb custom_margin=\u00a0\u00bb||0px||false|false\u00a0\u00bb custom_padding=\u00a0\u00bb||0px||false|false\u00a0\u00bb custom_padding_tablet=\u00a0\u00bb||0px||false|false\u00a0\u00bb custom_padding_phone=\u00a0\u00bb120px||||false|false\u00a0\u00bb global_colors_info=\u00a0\u00bb{}\u00a0\u00bb][et_pb_row custom_padding_last_edited=\u00a0\u00bbon|phone\u00a0\u00bb _builder_version=\u00a0\u00bb4.22.1&Prime; _module_preset=\u00a0\u00bbdefault\u00a0\u00bb width=\u00a0\u00bb100%\u00a0\u00bb max_width=\u00a0\u00bb100%\u00a0\u00bb custom_margin=\u00a0\u00bb0px||0px||false|false\u00a0\u00bb custom_padding=\u00a0\u00bb0px|40px|0px|40px|false|false\u00a0\u00bb custom_padding_tablet=\u00a0\u00bb0px|40px|0px|40px|false|false\u00a0\u00bb custom_padding_phone=\u00a0\u00bb40px|40px|0px|40px|false|false\u00a0\u00bb global_colors_info=\u00a0\u00bb{}\u00a0\u00bb][et_pb_column type=\u00a0\u00bb4_4&Prime; _builder_version=\u00a0\u00bb4.22.1&Prime; _module_preset=\u00a0\u00bbdefault\u00a0\u00bb global_colors_info=\u00a0\u00bb{}\u00a0\u00bb][et_pb_text _builder_version=\u00a0\u00bb4.22.1&Prime; _module_preset=\u00a0\u00bbdefault\u00a0\u00bb header_font=\u00a0\u00bbMirage||||||||\u00a0\u00bb header_text_align=\u00a0\u00bbcenter\u00a0\u00bb header_text_color=\u00a0\u00bb#9C6644&Prime; header_font_size=\u00a0\u00bb60px\u00a0\u00bb header_2_font=\u00a0\u00bbMirage||||||||\u00a0\u00bb header_2_text_align=\u00a0\u00bbcenter\u00a0\u00bb header_2_text_color=\u00a0\u00bb#FFFFFF\u00a0\u00bb header_2_font_size=\u00a0\u00bb50px\u00a0\u00bb header_3_font=\u00a0\u00bbMirage||||||||\u00a0\u00bb header_3_text_align=\u00a0\u00bbcenter\u00a0\u00bb header_3_text_color=\u00a0\u00bb#FFFFFF\u00a0\u00bb header_3_font_size=\u00a0\u00bb35px\u00a0\u00bb custom_padding=\u00a0\u00bb||0px||false|false\u00a0\u00bb custom_padding_tablet=\u00a0\u00bb90px||0px||false|false\u00a0\u00bb custom_padding_phone=\u00a0\u00bb0px||||false|false\u00a0\u00bb custom_padding_last_edited=\u00a0\u00bbon|phone\u00a0\u00bb header_font_size_tablet=\u00a0\u00bb55px\u00a0\u00bb header_font_size_phone=\u00a0\u00bb45px\u00a0\u00bb header_font_size_last_edited=\u00a0\u00bbon|phone\u00a0\u00bb global_colors_info=\u00a0\u00bb{}\u00a0\u00bb]<\/p>\n<h1>Les Stages<\/h1>\n<p>[\/et_pb_text][et_pb_image src=\u00a0\u00bbhttp:\/\/savonnerielescollinesdegenty.com\/wp-content\/uploads\/2023\/09\/Union-marron.svg\u00a0\u00bb title_text=\u00a0\u00bbUnion marron\u00a0\u00bb align=\u00a0\u00bbcenter\u00a0\u00bb _builder_version=\u00a0\u00bb4.22.1&Prime; _module_preset=\u00a0\u00bbdefault\u00a0\u00bb custom_margin=\u00a0\u00bb0px||0px||false|false\u00a0\u00bb custom_padding=\u00a0\u00bb0px||40px|0px|false|false\u00a0\u00bb global_colors_info=\u00a0\u00bb{}\u00a0\u00bb][\/et_pb_image][\/et_pb_column][\/et_pb_row][et_pb_row column_structure=\u00a0\u00bb1_2,1_2&Prime; _builder_version=\u00a0\u00bb4.22.1&Prime; _module_preset=\u00a0\u00bbdefault\u00a0\u00bb global_colors_info=\u00a0\u00bb{}\u00a0\u00bb][et_pb_column type=\u00a0\u00bb1_2&Prime; _builder_version=\u00a0\u00bb4.22.1&Prime; _module_preset=\u00a0\u00bbdefault\u00a0\u00bb global_colors_info=\u00a0\u00bb{}\u00a0\u00bb][et_pb_image src=\u00a0\u00bbhttp:\/\/savonnerielescollinesdegenty.com\/wp-content\/uploads\/2025\/04\/STAGE-12-JOURNEE-SAF.jpg\u00a0\u00bb title_text=\u00a0\u00bbSTAGE 12 JOURN\u00c9E SAF\u00a0\u00bb url=\u00a0\u00bb@ET-DC@eyJkeW5hbWljIjp0cnVlLCJjb250ZW50IjoicG9zdF9saW5rX3VybF9wYWdlIiwic2V0dGluZ3MiOnsicG9zdF9pZCI6IjcxMCJ9fQ==@\u00a0\u00bb align=\u00a0\u00bbcenter\u00a0\u00bb _builder_version=\u00a0\u00bb4.22.1&Prime; _dynamic_attributes=\u00a0\u00bburl\u00a0\u00bb _module_preset=\u00a0\u00bbdefault\u00a0\u00bb border_radii=\u00a0\u00bbon|70px|70px|70px|70px\u00a0\u00bb border_width_all=\u00a0\u00bb2px\u00a0\u00bb border_color_all=\u00a0\u00bb#9C6644&Prime; global_colors_info=\u00a0\u00bb{}\u00a0\u00bb][\/et_pb_image][et_pb_text _builder_version=\u00a0\u00bb4.22.1&Prime; _dynamic_attributes=\u00a0\u00bblink_option_url\u00a0\u00bb _module_preset=\u00a0\u00bbdefault\u00a0\u00bb header_2_font=\u00a0\u00bbMirage|500|||||||\u00a0\u00bb header_2_text_color=\u00a0\u00bb#9C6644&Prime; header_2_font_size=\u00a0\u00bb30px\u00a0\u00bb link_option_url=\u00a0\u00bb@ET-DC@eyJkeW5hbWljIjp0cnVlLCJjb250ZW50IjoicG9zdF9saW5rX3VybF9wYWdlIiwic2V0dGluZ3MiOnsicG9zdF9pZCI6IjcxMCJ9fQ==@\u00a0\u00bb hover_enabled=\u00a0\u00bb0&Prime; global_colors_info=\u00a0\u00bb{}\u00a0\u00bb sticky_enabled=\u00a0\u00bb0&Prime;]<\/p>\n<h2 style=\"text-align: center;\">Stages Initiation \u00e0 la Saponification \u00e0 froid<\/h2>\n<p>[\/et_pb_text][\/et_pb_column][et_pb_column type=\u00a0\u00bb1_2&Prime; _builder_version=\u00a0\u00bb4.22.1&Prime; _module_preset=\u00a0\u00bbdefault\u00a0\u00bb global_colors_info=\u00a0\u00bb{}\u00a0\u00bb][et_pb_image src=\u00a0\u00bbhttp:\/\/savonnerielescollinesdegenty.com\/wp-content\/uploads\/2025\/04\/STAGE-SAF-02.png\u00a0\u00bb title_text=\u00a0\u00bbSTAGE SAF-02&Prime; url=\u00a0\u00bb@ET-DC@eyJkeW5hbWljIjp0cnVlLCJjb250ZW50IjoicG9zdF9saW5rX3VybF9wYWdlIiwic2V0dGluZ3MiOnsicG9zdF9pZCI6IjcxNCJ9fQ==@\u00a0\u00bb align=\u00a0\u00bbcenter\u00a0\u00bb _builder_version=\u00a0\u00bb4.22.1&Prime; _dynamic_attributes=\u00a0\u00bburl\u00a0\u00bb _module_preset=\u00a0\u00bbdefault\u00a0\u00bb border_radii=\u00a0\u00bbon|70px|70px|70px|70px\u00a0\u00bb border_width_all=\u00a0\u00bb2px\u00a0\u00bb border_color_all=\u00a0\u00bb#9C6644&Prime; global_colors_info=\u00a0\u00bb{}\u00a0\u00bb][\/et_pb_image][et_pb_text _builder_version=\u00a0\u00bb4.22.1&Prime; _dynamic_attributes=\u00a0\u00bblink_option_url\u00a0\u00bb _module_preset=\u00a0\u00bbdefault\u00a0\u00bb header_2_font=\u00a0\u00bbMirage|500|||||||\u00a0\u00bb header_2_text_color=\u00a0\u00bb#9C6644&Prime; header_2_font_size=\u00a0\u00bb30px\u00a0\u00bb link_option_url=\u00a0\u00bb@ET-DC@eyJkeW5hbWljIjp0cnVlLCJjb250ZW50IjoicG9zdF9saW5rX3VybF9wYWdlIiwic2V0dGluZ3MiOnsicG9zdF9pZCI6IjcxNCJ9fQ==@\u00a0\u00bb hover_enabled=\u00a0\u00bb0&Prime; global_colors_info=\u00a0\u00bb{}\u00a0\u00bb sticky_enabled=\u00a0\u00bb0&Prime;]<\/p>\n<h2 style=\"text-align: center;\">Stages Fabrication de savons et de cosm\u00e9tique naturelle<\/h2>\n<p>[\/et_pb_text][\/et_pb_column][\/et_pb_row][\/et_pb_section]<\/p>\n","protected":false},"excerpt":{"rendered":"<p>Les StagesStages Initiation \u00e0 la Saponification \u00e0 froidStages Fabrication de savons et de cosm\u00e9tique naturelle<\/p>\n","protected":false},"author":1,"featured_media":0,"parent":0,"menu_order":0,"comment_status":"closed","ping_status":"closed","template":"","meta":{"_et_pb_use_builder":"on","_et_pb_old_content":"","_et_gb_content_width":"","iawp_total_views":115,"footnotes":""},"class_list":["post-706","page","type-page","status-publish","hentry"],"yoast_head":"<!-- This site is optimized with the Yoast SEO plugin v27.5 - https:\/\/yoast.com\/product\/yoast-seo-wordpress\/ -->\n<title>Stages - savonnerielescollinesdegenty.com<\/title>\n<meta name=\"robots\" content=\"index, follow, max-snippet:-1, max-image-preview:large, max-video-preview:-1\" \/>\n<link rel=\"canonical\" href=\"https:\/\/savonnerielescollinesdegenty.com\/index.php\/stages\/\" \/>\n<meta property=\"og:locale\" content=\"fr_FR\" \/>\n<meta property=\"og:type\" content=\"article\" \/>\n<meta property=\"og:title\" content=\"Stages - savonnerielescollinesdegenty.com\" \/>\n<meta property=\"og:description\" content=\"Les StagesStages Initiation \u00e0 la Saponification \u00e0 froidStages Fabrication de savons et de cosm\u00e9tique naturelle\" \/>\n<meta property=\"og:url\" content=\"https:\/\/savonnerielescollinesdegenty.com\/index.php\/stages\/\" \/>\n<meta property=\"og:site_name\" content=\"savonnerielescollinesdegenty.com\" \/>\n<meta property=\"article:modified_time\" content=\"2026-02-20T14:14:47+00:00\" \/>\n<meta name=\"twitter:card\" content=\"summary_large_image\" \/>\n<script type=\"application\/ld+json\" class=\"yoast-schema-graph\">{\"@context\":\"https:\\\/\\\/schema.org\",\"@graph\":[{\"@type\":\"WebPage\",\"@id\":\"https:\\\/\\\/savonnerielescollinesdegenty.com\\\/index.php\\\/stages\\\/\",\"url\":\"https:\\\/\\\/savonnerielescollinesdegenty.com\\\/index.php\\\/stages\\\/\",\"name\":\"Stages - savonnerielescollinesdegenty.com\",\"isPartOf\":{\"@id\":\"https:\\\/\\\/savonnerielescollinesdegenty.com\\\/#website\"},\"datePublished\":\"2025-04-24T09:50:44+00:00\",\"dateModified\":\"2026-02-20T14:14:47+00:00\",\"breadcrumb\":{\"@id\":\"https:\\\/\\\/savonnerielescollinesdegenty.com\\\/index.php\\\/stages\\\/#breadcrumb\"},\"inLanguage\":\"fr-FR\",\"potentialAction\":[{\"@type\":\"ReadAction\",\"target\":[\"https:\\\/\\\/savonnerielescollinesdegenty.com\\\/index.php\\\/stages\\\/\"]}]},{\"@type\":\"BreadcrumbList\",\"@id\":\"https:\\\/\\\/savonnerielescollinesdegenty.com\\\/index.php\\\/stages\\\/#breadcrumb\",\"itemListElement\":[{\"@type\":\"ListItem\",\"position\":1,\"name\":\"Accueil\",\"item\":\"https:\\\/\\\/savonnerielescollinesdegenty.com\\\/\"},{\"@type\":\"ListItem\",\"position\":2,\"name\":\"Stages\"}]},{\"@type\":\"WebSite\",\"@id\":\"https:\\\/\\\/savonnerielescollinesdegenty.com\\\/#website\",\"url\":\"https:\\\/\\\/savonnerielescollinesdegenty.com\\\/\",\"name\":\"savonnerielescollinesdegenty.com\",\"description\":\"Savons surgras, saponifi\u00e9s \u00e0 froid et fabriqu\u00e9s dans la Montagne Noire audoise.\",\"potentialAction\":[{\"@type\":\"SearchAction\",\"target\":{\"@type\":\"EntryPoint\",\"urlTemplate\":\"https:\\\/\\\/savonnerielescollinesdegenty.com\\\/?s={search_term_string}\"},\"query-input\":{\"@type\":\"PropertyValueSpecification\",\"valueRequired\":true,\"valueName\":\"search_term_string\"}}],\"inLanguage\":\"fr-FR\"}]}<\/script>\n<!-- \/ Yoast SEO plugin. -->","yoast_head_json":{"title":"Stages - savonnerielescollinesdegenty.com","robots":{"index":"index","follow":"follow","max-snippet":"max-snippet:-1","max-image-preview":"max-image-preview:large","max-video-preview":"max-video-preview:-1"},"canonical":"https:\/\/savonnerielescollinesdegenty.com\/index.php\/stages\/","og_locale":"fr_FR","og_type":"article","og_title":"Stages - savonnerielescollinesdegenty.com","og_description":"Les StagesStages Initiation \u00e0 la Saponification \u00e0 froidStages Fabrication de savons et de cosm\u00e9tique naturelle","og_url":"https:\/\/savonnerielescollinesdegenty.com\/index.php\/stages\/","og_site_name":"savonnerielescollinesdegenty.com","article_modified_time":"2026-02-20T14:14:47+00:00","twitter_card":"summary_large_image","schema":{"@context":"https:\/\/schema.org","@graph":[{"@type":"WebPage","@id":"https:\/\/savonnerielescollinesdegenty.com\/index.php\/stages\/","url":"https:\/\/savonnerielescollinesdegenty.com\/index.php\/stages\/","name":"Stages - savonnerielescollinesdegenty.com","isPartOf":{"@id":"https:\/\/savonnerielescollinesdegenty.com\/#website"},"datePublished":"2025-04-24T09:50:44+00:00","dateModified":"2026-02-20T14:14:47+00:00","breadcrumb":{"@id":"https:\/\/savonnerielescollinesdegenty.com\/index.php\/stages\/#breadcrumb"},"inLanguage":"fr-FR","potentialAction":[{"@type":"ReadAction","target":["https:\/\/savonnerielescollinesdegenty.com\/index.php\/stages\/"]}]},{"@type":"BreadcrumbList","@id":"https:\/\/savonnerielescollinesdegenty.com\/index.php\/stages\/#breadcrumb","itemListElement":[{"@type":"ListItem","position":1,"name":"Accueil","item":"https:\/\/savonnerielescollinesdegenty.com\/"},{"@type":"ListItem","position":2,"name":"Stages"}]},{"@type":"WebSite","@id":"https:\/\/savonnerielescollinesdegenty.com\/#website","url":"https:\/\/savonnerielescollinesdegenty.com\/","name":"savonnerielescollinesdegenty.com","description":"Savons surgras, saponifi\u00e9s \u00e0 froid et fabriqu\u00e9s dans la Montagne Noire audoise.","potentialAction":[{"@type":"SearchAction","target":{"@type":"EntryPoint","urlTemplate":"https:\/\/savonnerielescollinesdegenty.com\/?s={search_term_string}"},"query-input":{"@type":"PropertyValueSpecification","valueRequired":true,"valueName":"search_term_string"}}],"inLanguage":"fr-FR"}]}},"_links":{"self":[{"href":"https:\/\/savonnerielescollinesdegenty.com\/index.php\/wp-json\/wp\/v2\/pages\/706","targetHints":{"allow":["GET"]}}],"collection":[{"href":"https:\/\/savonnerielescollinesdegenty.com\/index.php\/wp-json\/wp\/v2\/pages"}],"about":[{"href":"https:\/\/savonnerielescollinesdegenty.com\/index.php\/wp-json\/wp\/v2\/types\/page"}],"author":[{"embeddable":true,"href":"https:\/\/savonnerielescollinesdegenty.com\/index.php\/wp-json\/wp\/v2\/users\/1"}],"replies":[{"embeddable":true,"href":"https:\/\/savonnerielescollinesdegenty.com\/index.php\/wp-json\/wp\/v2\/comments?post=706"}],"version-history":[{"count":5,"href":"https:\/\/savonnerielescollinesdegenty.com\/index.php\/wp-json\/wp\/v2\/pages\/706\/revisions"}],"predecessor-version":[{"id":943,"href":"https:\/\/savonnerielescollinesdegenty.com\/index.php\/wp-json\/wp\/v2\/pages\/706\/revisions\/943"}],"wp:attachment":[{"href":"https:\/\/savonnerielescollinesdegenty.com\/index.php\/wp-json\/wp\/v2\/media?parent=706"}],"curies":[{"name":"wp","href":"https:\/\/api.w.org\/{rel}","templated":true}]}}