{"id":714,"date":"2025-04-24T11:57:21","date_gmt":"2025-04-24T09:57:21","guid":{"rendered":"https:\/\/savonnerielescollinesdegenty.com\/?page_id=714"},"modified":"2026-02-20T15:23:50","modified_gmt":"2026-02-20T14:23:50","slug":"stages-fabricaion","status":"publish","type":"page","link":"https:\/\/savonnerielescollinesdegenty.com\/index.php\/stages-fabricaion\/","title":{"rendered":"Stages de Fabrication savons et cosm\u00e9tique naturelle"},"content":{"rendered":"<p>[et_pb_section fb_built=\u00a0\u00bb1&Prime; custom_padding_last_edited=\u00a0\u00bbon|phone\u00a0\u00bb _builder_version=\u00a0\u00bb4.22.1&Prime; _module_preset=\u00a0\u00bbdefault\u00a0\u00bb background_color=\u00a0\u00bb#FFEADC\u00a0\u00bb custom_margin=\u00a0\u00bb||0px||false|false\u00a0\u00bb custom_padding=\u00a0\u00bb||0px||false|false\u00a0\u00bb custom_padding_tablet=\u00a0\u00bb||0px||false|false\u00a0\u00bb custom_padding_phone=\u00a0\u00bb120px||||false|false\u00a0\u00bb hover_enabled=\u00a0\u00bb0&Prime; global_colors_info=\u00a0\u00bb{}\u00a0\u00bb sticky_enabled=\u00a0\u00bb0&Prime;][et_pb_row custom_padding_last_edited=\u00a0\u00bbon|phone\u00a0\u00bb _builder_version=\u00a0\u00bb4.22.1&Prime; _module_preset=\u00a0\u00bbdefault\u00a0\u00bb width=\u00a0\u00bb100%\u00a0\u00bb max_width=\u00a0\u00bb100%\u00a0\u00bb custom_margin=\u00a0\u00bb0px||0px||false|false\u00a0\u00bb custom_padding=\u00a0\u00bb0px|40px|0px|40px|false|false\u00a0\u00bb custom_padding_tablet=\u00a0\u00bb0px|40px|0px|40px|false|false\u00a0\u00bb custom_padding_phone=\u00a0\u00bb40px|40px|0px|40px|false|false\u00a0\u00bb global_colors_info=\u00a0\u00bb{}\u00a0\u00bb][et_pb_column type=\u00a0\u00bb4_4&Prime; _builder_version=\u00a0\u00bb4.22.1&Prime; _module_preset=\u00a0\u00bbdefault\u00a0\u00bb global_colors_info=\u00a0\u00bb{}\u00a0\u00bb][et_pb_text _builder_version=\u00a0\u00bb4.22.1&Prime; _module_preset=\u00a0\u00bbdefault\u00a0\u00bb header_font=\u00a0\u00bbMirage||||||||\u00a0\u00bb header_text_align=\u00a0\u00bbcenter\u00a0\u00bb header_text_color=\u00a0\u00bb#9C6644&Prime; header_font_size=\u00a0\u00bb60px\u00a0\u00bb header_2_font=\u00a0\u00bbMirage||||||||\u00a0\u00bb header_2_text_align=\u00a0\u00bbcenter\u00a0\u00bb header_2_text_color=\u00a0\u00bb#FFFFFF\u00a0\u00bb header_2_font_size=\u00a0\u00bb50px\u00a0\u00bb header_3_font=\u00a0\u00bbMirage||||||||\u00a0\u00bb header_3_text_align=\u00a0\u00bbcenter\u00a0\u00bb header_3_text_color=\u00a0\u00bb#FFFFFF\u00a0\u00bb header_3_font_size=\u00a0\u00bb35px\u00a0\u00bb custom_padding=\u00a0\u00bb||0px||false|false\u00a0\u00bb custom_padding_tablet=\u00a0\u00bb90px||0px||false|false\u00a0\u00bb custom_padding_phone=\u00a0\u00bb0px||||false|false\u00a0\u00bb custom_padding_last_edited=\u00a0\u00bbon|phone\u00a0\u00bb hover_enabled=\u00a0\u00bb0&Prime; header_font_size_tablet=\u00a0\u00bb55px\u00a0\u00bb header_font_size_phone=\u00a0\u00bb33px\u00a0\u00bb header_font_size_last_edited=\u00a0\u00bbon|phone\u00a0\u00bb global_colors_info=\u00a0\u00bb{}\u00a0\u00bb sticky_enabled=\u00a0\u00bb0&Prime;]<\/p>\n<h1>Les Stages de Fabrication de savons<br \/>et de cosm\u00e9tique naturelle<\/h1>\n<p>[\/et_pb_text][et_pb_image src=\u00a0\u00bbhttp:\/\/savonnerielescollinesdegenty.com\/wp-content\/uploads\/2023\/09\/Union-marron.svg\u00a0\u00bb title_text=\u00a0\u00bbUnion marron\u00a0\u00bb align=\u00a0\u00bbcenter\u00a0\u00bb _builder_version=\u00a0\u00bb4.22.1&Prime; _module_preset=\u00a0\u00bbdefault\u00a0\u00bb custom_margin=\u00a0\u00bb0px||0px||false|false\u00a0\u00bb custom_padding=\u00a0\u00bb0px||40px|0px|false|false\u00a0\u00bb global_colors_info=\u00a0\u00bb{}\u00a0\u00bb][\/et_pb_image][\/et_pb_column][\/et_pb_row][et_pb_row _builder_version=\u00a0\u00bb4.22.1&Prime; _module_preset=\u00a0\u00bbdefault\u00a0\u00bb width=\u00a0\u00bb100%\u00a0\u00bb max_width=\u00a0\u00bb1100px\u00a0\u00bb custom_margin=\u00a0\u00bb0px||0px||false|false\u00a0\u00bb custom_padding=\u00a0\u00bb10px|0px|20px|0px|false|false\u00a0\u00bb global_colors_info=\u00a0\u00bb{}\u00a0\u00bb][et_pb_column type=\u00a0\u00bb4_4&Prime; _builder_version=\u00a0\u00bb4.22.1&Prime; _module_preset=\u00a0\u00bbdefault\u00a0\u00bb global_colors_info=\u00a0\u00bb{}\u00a0\u00bb][et_pb_shop type=\u00a0\u00bbproduct_category\u00a0\u00bb include_categories=\u00a0\u00bb30&Prime; columns_number=\u00a0\u00bb3&Prime; orderby=\u00a0\u00bbdate\u00a0\u00bb icon_hover_color=\u00a0\u00bb#FFFFFF\u00a0\u00bb hover_overlay_color=\u00a0\u00bbrgba(156,102,68,0.64)\u00a0\u00bb hover_icon=\u00a0\u00bb&#xe06e;||fa||900&Prime; show_sale_badge=\u00a0\u00bboff\u00a0\u00bb _builder_version=\u00a0\u00bb4.22.1&Prime; _module_preset=\u00a0\u00bbdefault\u00a0\u00bb title_font=\u00a0\u00bbMirage||||||||\u00a0\u00bb title_text_color=\u00a0\u00bb#9C6644&Prime; title_font_size=\u00a0\u00bb31px\u00a0\u00bb price_font=\u00a0\u00bbDM Sans|500|||||||\u00a0\u00bb price_text_color=\u00a0\u00bb#91877D\u00a0\u00bb price_line_height=\u00a0\u00bb10px\u00a0\u00bb rating_text_color=\u00a0\u00bb#FFFFFF\u00a0\u00bb text_orientation=\u00a0\u00bbcenter\u00a0\u00bb custom_padding=\u00a0\u00bb|50px||50px|false|false\u00a0\u00bb custom_padding_tablet=\u00a0\u00bb|50px||50px|false|false\u00a0\u00bb custom_padding_phone=\u00a0\u00bb|20px||20px|false|false\u00a0\u00bb custom_padding_last_edited=\u00a0\u00bbon|phone\u00a0\u00bb title_font_size_tablet=\u00a0\u00bb31px\u00a0\u00bb title_font_size_phone=\u00a0\u00bb20px\u00a0\u00bb title_font_size_last_edited=\u00a0\u00bbon|phone\u00a0\u00bb border_radii_image=\u00a0\u00bbon|50px|50px|50px|50px\u00a0\u00bb border_width_all_image=\u00a0\u00bb2px\u00a0\u00bb border_color_all_image=\u00a0\u00bb#9C6644&Prime; border_radii_image_tablet=\u00a0\u00bbon|50px|50px|50px|50px\u00a0\u00bb border_radii_image_phone=\u00a0\u00bbon|30px|30px|30px|30px\u00a0\u00bb border_radii_image_last_edited=\u00a0\u00bbon|phone\u00a0\u00bb global_colors_info=\u00a0\u00bb{}\u00a0\u00bb][\/et_pb_shop][\/et_pb_column][\/et_pb_row][\/et_pb_section]<\/p>\n","protected":false},"excerpt":{"rendered":"<p>Les Stages de Fabrication de savonset de cosm\u00e9tique naturelle<\/p>\n","protected":false},"author":1,"featured_media":0,"parent":0,"menu_order":0,"comment_status":"closed","ping_status":"closed","template":"","meta":{"_et_pb_use_builder":"on","_et_pb_old_content":"","_et_gb_content_width":"","iawp_total_views":32,"footnotes":""},"class_list":["post-714","page","type-page","status-publish","hentry"],"yoast_head":"<!-- This site is optimized with the Yoast SEO plugin v27.3 - https:\/\/yoast.com\/product\/yoast-seo-wordpress\/ -->\n<title>Stages de Fabrication savons et cosm\u00e9tique naturelle - savonnerielescollinesdegenty.com<\/title>\n<meta name=\"robots\" content=\"index, follow, max-snippet:-1, max-image-preview:large, max-video-preview:-1\" \/>\n<link rel=\"canonical\" href=\"https:\/\/savonnerielescollinesdegenty.com\/index.php\/stages-fabricaion\/\" \/>\n<meta property=\"og:locale\" content=\"fr_FR\" \/>\n<meta property=\"og:type\" content=\"article\" \/>\n<meta property=\"og:title\" content=\"Stages de Fabrication savons et cosm\u00e9tique naturelle - savonnerielescollinesdegenty.com\" \/>\n<meta property=\"og:description\" content=\"Les Stages de Fabrication de savonset de cosm\u00e9tique naturelle\" \/>\n<meta property=\"og:url\" content=\"https:\/\/savonnerielescollinesdegenty.com\/index.php\/stages-fabricaion\/\" \/>\n<meta property=\"og:site_name\" content=\"savonnerielescollinesdegenty.com\" \/>\n<meta property=\"article:modified_time\" content=\"2026-02-20T14:23:50+00:00\" \/>\n<meta name=\"twitter:card\" content=\"summary_large_image\" \/>\n<script type=\"application\/ld+json\" class=\"yoast-schema-graph\">{\"@context\":\"https:\\\/\\\/schema.org\",\"@graph\":[{\"@type\":\"WebPage\",\"@id\":\"https:\\\/\\\/savonnerielescollinesdegenty.com\\\/index.php\\\/stages-fabricaion\\\/\",\"url\":\"https:\\\/\\\/savonnerielescollinesdegenty.com\\\/index.php\\\/stages-fabricaion\\\/\",\"name\":\"Stages de Fabrication savons et cosm\u00e9tique naturelle - savonnerielescollinesdegenty.com\",\"isPartOf\":{\"@id\":\"https:\\\/\\\/savonnerielescollinesdegenty.com\\\/#website\"},\"datePublished\":\"2025-04-24T09:57:21+00:00\",\"dateModified\":\"2026-02-20T14:23:50+00:00\",\"breadcrumb\":{\"@id\":\"https:\\\/\\\/savonnerielescollinesdegenty.com\\\/index.php\\\/stages-fabricaion\\\/#breadcrumb\"},\"inLanguage\":\"fr-FR\",\"potentialAction\":[{\"@type\":\"ReadAction\",\"target\":[\"https:\\\/\\\/savonnerielescollinesdegenty.com\\\/index.php\\\/stages-fabricaion\\\/\"]}]},{\"@type\":\"BreadcrumbList\",\"@id\":\"https:\\\/\\\/savonnerielescollinesdegenty.com\\\/index.php\\\/stages-fabricaion\\\/#breadcrumb\",\"itemListElement\":[{\"@type\":\"ListItem\",\"position\":1,\"name\":\"Accueil\",\"item\":\"https:\\\/\\\/savonnerielescollinesdegenty.com\\\/\"},{\"@type\":\"ListItem\",\"position\":2,\"name\":\"Stages de Fabrication savons et cosm\u00e9tique naturelle\"}]},{\"@type\":\"WebSite\",\"@id\":\"https:\\\/\\\/savonnerielescollinesdegenty.com\\\/#website\",\"url\":\"https:\\\/\\\/savonnerielescollinesdegenty.com\\\/\",\"name\":\"savonnerielescollinesdegenty.com\",\"description\":\"Savons surgras, saponifi\u00e9s \u00e0 froid et fabriqu\u00e9s dans la Montagne Noire audoise.\",\"potentialAction\":[{\"@type\":\"SearchAction\",\"target\":{\"@type\":\"EntryPoint\",\"urlTemplate\":\"https:\\\/\\\/savonnerielescollinesdegenty.com\\\/?s={search_term_string}\"},\"query-input\":{\"@type\":\"PropertyValueSpecification\",\"valueRequired\":true,\"valueName\":\"search_term_string\"}}],\"inLanguage\":\"fr-FR\"}]}<\/script>\n<!-- \/ Yoast SEO plugin. -->","yoast_head_json":{"title":"Stages de Fabrication savons et cosm\u00e9tique naturelle - savonnerielescollinesdegenty.com","robots":{"index":"index","follow":"follow","max-snippet":"max-snippet:-1","max-image-preview":"max-image-preview:large","max-video-preview":"max-video-preview:-1"},"canonical":"https:\/\/savonnerielescollinesdegenty.com\/index.php\/stages-fabricaion\/","og_locale":"fr_FR","og_type":"article","og_title":"Stages de Fabrication savons et cosm\u00e9tique naturelle - savonnerielescollinesdegenty.com","og_description":"Les Stages de Fabrication de savonset de cosm\u00e9tique naturelle","og_url":"https:\/\/savonnerielescollinesdegenty.com\/index.php\/stages-fabricaion\/","og_site_name":"savonnerielescollinesdegenty.com","article_modified_time":"2026-02-20T14:23:50+00:00","twitter_card":"summary_large_image","schema":{"@context":"https:\/\/schema.org","@graph":[{"@type":"WebPage","@id":"https:\/\/savonnerielescollinesdegenty.com\/index.php\/stages-fabricaion\/","url":"https:\/\/savonnerielescollinesdegenty.com\/index.php\/stages-fabricaion\/","name":"Stages de Fabrication savons et cosm\u00e9tique naturelle - savonnerielescollinesdegenty.com","isPartOf":{"@id":"https:\/\/savonnerielescollinesdegenty.com\/#website"},"datePublished":"2025-04-24T09:57:21+00:00","dateModified":"2026-02-20T14:23:50+00:00","breadcrumb":{"@id":"https:\/\/savonnerielescollinesdegenty.com\/index.php\/stages-fabricaion\/#breadcrumb"},"inLanguage":"fr-FR","potentialAction":[{"@type":"ReadAction","target":["https:\/\/savonnerielescollinesdegenty.com\/index.php\/stages-fabricaion\/"]}]},{"@type":"BreadcrumbList","@id":"https:\/\/savonnerielescollinesdegenty.com\/index.php\/stages-fabricaion\/#breadcrumb","itemListElement":[{"@type":"ListItem","position":1,"name":"Accueil","item":"https:\/\/savonnerielescollinesdegenty.com\/"},{"@type":"ListItem","position":2,"name":"Stages de Fabrication savons et cosm\u00e9tique naturelle"}]},{"@type":"WebSite","@id":"https:\/\/savonnerielescollinesdegenty.com\/#website","url":"https:\/\/savonnerielescollinesdegenty.com\/","name":"savonnerielescollinesdegenty.com","description":"Savons surgras, saponifi\u00e9s \u00e0 froid et fabriqu\u00e9s dans la Montagne Noire audoise.","potentialAction":[{"@type":"SearchAction","target":{"@type":"EntryPoint","urlTemplate":"https:\/\/savonnerielescollinesdegenty.com\/?s={search_term_string}"},"query-input":{"@type":"PropertyValueSpecification","valueRequired":true,"valueName":"search_term_string"}}],"inLanguage":"fr-FR"}]}},"_links":{"self":[{"href":"https:\/\/savonnerielescollinesdegenty.com\/index.php\/wp-json\/wp\/v2\/pages\/714","targetHints":{"allow":["GET"]}}],"collection":[{"href":"https:\/\/savonnerielescollinesdegenty.com\/index.php\/wp-json\/wp\/v2\/pages"}],"about":[{"href":"https:\/\/savonnerielescollinesdegenty.com\/index.php\/wp-json\/wp\/v2\/types\/page"}],"author":[{"embeddable":true,"href":"https:\/\/savonnerielescollinesdegenty.com\/index.php\/wp-json\/wp\/v2\/users\/1"}],"replies":[{"embeddable":true,"href":"https:\/\/savonnerielescollinesdegenty.com\/index.php\/wp-json\/wp\/v2\/comments?post=714"}],"version-history":[{"count":7,"href":"https:\/\/savonnerielescollinesdegenty.com\/index.php\/wp-json\/wp\/v2\/pages\/714\/revisions"}],"predecessor-version":[{"id":949,"href":"https:\/\/savonnerielescollinesdegenty.com\/index.php\/wp-json\/wp\/v2\/pages\/714\/revisions\/949"}],"wp:attachment":[{"href":"https:\/\/savonnerielescollinesdegenty.com\/index.php\/wp-json\/wp\/v2\/media?parent=714"}],"curies":[{"name":"wp","href":"https:\/\/api.w.org\/{rel}","templated":true}]}}