{"id":9,"date":"2023-08-24T09:57:11","date_gmt":"2023-08-24T07:57:11","guid":{"rendered":"http:\/\/savonnerielescollinesdegenty.com\/index.php\/my-account\/"},"modified":"2024-02-08T13:12:24","modified_gmt":"2024-02-08T12:12:24","slug":"mon-compte","status":"publish","type":"page","link":"https:\/\/savonnerielescollinesdegenty.com\/index.php\/mon-compte\/","title":{"rendered":"Mon compte"},"content":{"rendered":"\n[et_pb_section fb_built=\u00a0\u00bb1&Prime; admin_label=\u00a0\u00bbsection\u00a0\u00bb _builder_version=\u00a0\u00bb4.22.1&Prime; background_color=\u00a0\u00bb#91877D\u00a0\u00bb min_height=\u00a0\u00bb100vh\u00a0\u00bb global_colors_info=\u00a0\u00bb{}\u00a0\u00bb][et_pb_row admin_label=\u00a0\u00bbrow\u00a0\u00bb _builder_version=\u00a0\u00bb4.22.1&Prime; background_size=\u00a0\u00bbinitial\u00a0\u00bb background_position=\u00a0\u00bbtop_left\u00a0\u00bb background_repeat=\u00a0\u00bbrepeat\u00a0\u00bb global_colors_info=\u00a0\u00bb{}\u00a0\u00bb][et_pb_column type=\u00a0\u00bb4_4&Prime; _builder_version=\u00a0\u00bb4.16&Prime; custom_padding=\u00a0\u00bb|||\u00a0\u00bb global_colors_info=\u00a0\u00bb{}\u00a0\u00bb custom_padding__hover=\u00a0\u00bb|||\u00a0\u00bb][et_pb_text admin_label=\u00a0\u00bbText\u00a0\u00bb _builder_version=\u00a0\u00bb4.22.1&Prime; text_font=\u00a0\u00bbDM Sans||||||||\u00a0\u00bb text_text_color=\u00a0\u00bb#2B473C\u00a0\u00bb text_font_size=\u00a0\u00bb18px\u00a0\u00bb text_line_height=\u00a0\u00bb2em\u00a0\u00bb link_font=\u00a0\u00bbDM Sans|700|||||||\u00a0\u00bb link_text_color=\u00a0\u00bb#FFFFFF\u00a0\u00bb ul_font=\u00a0\u00bbDM Sans||||||||\u00a0\u00bb ul_line_height=\u00a0\u00bb3.5em\u00a0\u00bb background_size=\u00a0\u00bbinitial\u00a0\u00bb background_position=\u00a0\u00bbtop_left\u00a0\u00bb background_repeat=\u00a0\u00bbrepeat\u00a0\u00bb global_colors_info=\u00a0\u00bb{}\u00a0\u00bb]<p><!-- divi:shortcode --><br \/><div class=\"woocommerce\"><\/div><br \/><!-- \/divi:shortcode --><\/p>[\/et_pb_text][et_pb_text content_tablet=\u00a0\u00bb<h3 style=%22text-align: center;%22>Suivez nous sur nos r\u00e9seaux sociaux <a href=%22https:\/\/www.facebook.com\/profile.php?id=61550652580247%22 data-et-target-link=%22_blank%22 rel=%22noopener%22><img src=%22http:\/\/savonnerielescollinesdegenty.com\/wp-content\/uploads\/2023\/09\/face.svg%22 width=%2250%22 height=%2250%22 alt=%22%22 class=%22icone_rs%22 \/> <\/a><img src=%22http:\/\/savonnerielescollinesdegenty.com\/wp-content\/uploads\/2023\/09\/insta.svg%22 width=%2250%22 height=%2250%22 alt=%22%22 class=%22icone_rs%22 \/><\/h3>\u00a0\u00bb content_phone=\u00a0\u00bb<h3 style=%22text-align: center;%22>Suivez nous sur nos r\u00e9seaux sociaux <a href=%22https:\/\/www.facebook.com\/profile.php?id=61550652580247%22 data-et-target-link=%22_blank%22 rel=%22noopener%22><img src=%22http:\/\/savonnerielescollinesdegenty.com\/wp-content\/uploads\/2023\/09\/face.svg%22 width=%2240%22 height=%2240%22 alt=%22%22 class=%22icone_rs%22 \/> <\/a><img src=%22http:\/\/savonnerielescollinesdegenty.com\/wp-content\/uploads\/2023\/09\/insta.svg%22 width=%2240%22 height=%2240%22 alt=%22%22 class=%22icone_rs%22 \/><\/h3>\u00a0\u00bb content_last_edited=\u00a0\u00bboff|desktop\u00a0\u00bb _builder_version=\u00a0\u00bb4.22.1&Prime; _module_preset=\u00a0\u00bbdefault\u00a0\u00bb header_2_text_color=\u00a0\u00bb#A08843&Prime; header_3_font=\u00a0\u00bbMirage||||||||\u00a0\u00bb header_3_text_align=\u00a0\u00bbcenter\u00a0\u00bb header_3_text_color=\u00a0\u00bb#FFFFFF\u00a0\u00bb header_3_font_size=\u00a0\u00bb32px\u00a0\u00bb custom_margin=\u00a0\u00bb0px||||false|false\u00a0\u00bb custom_padding=\u00a0\u00bb15px||15px||false|false\u00a0\u00bb custom_padding_tablet=\u00a0\u00bb15px||15px||false|false\u00a0\u00bb custom_padding_phone=\u00a0\u00bb0px||0px||false|false\u00a0\u00bb custom_padding_last_edited=\u00a0\u00bbon|phone\u00a0\u00bb hover_enabled=\u00a0\u00bb0&Prime; header_3_font_size_tablet=\u00a0\u00bb32px\u00a0\u00bb header_3_font_size_phone=\u00a0\u00bb25px\u00a0\u00bb header_3_font_size_last_edited=\u00a0\u00bbon|phone\u00a0\u00bb global_colors_info=\u00a0\u00bb{}\u00a0\u00bb theme_builder_area=\u00a0\u00bbpost_content\u00a0\u00bb module_alignment_last_edited=\u00a0\u00bbon|desktop\u00a0\u00bb module_alignment=\u00a0\u00bbright\u00a0\u00bb sticky_enabled=\u00a0\u00bb0&Prime; header_3_line_height_last_edited=\u00a0\u00bbon|phone\u00a0\u00bb header_3_line_height_phone=\u00a0\u00bb2.4em\u00a0\u00bb custom_margin_last_edited=\u00a0\u00bbon|phone\u00a0\u00bb custom_margin_phone=\u00a0\u00bb0px||0px||false|false\u00a0\u00bb module_alignment_tablet=\u00a0\u00bbright\u00a0\u00bb module_alignment_phone=\u00a0\u00bbright\u00a0\u00bb custom_margin_tablet=\u00a0\u00bb0px||||false|false\u00a0\u00bb]<h3 style=\"text-align: center;\">Suivez moi sur mes r\u00e9seaux sociaux \u00a0 <a href=\"https:\/\/www.facebook.com\/profile.php?id=61550652580247\" target=\"_blank\" rel=\"noopener\"><img loading=\"lazy\" decoding=\"async\" src=\"http:\/\/savonnerielescollinesdegenty.com\/wp-content\/uploads\/2023\/09\/face.svg\" width=\"30\" height=\"30\" alt=\"\" class=\"icone_rs\" \/>\u00a0 <\/a><a href=\"https:\/\/www.instagram.com\/savonnerie_lescollinesdegenty\/\" target=\"_blank\" rel=\"noopener\"><img loading=\"lazy\" decoding=\"async\" src=\"http:\/\/savonnerielescollinesdegenty.com\/wp-content\/uploads\/2023\/09\/insta.svg\" width=\"30\" height=\"30\" alt=\"\" class=\"icone_rs\" \/><\/a><\/h3>[\/et_pb_text][\/et_pb_column][\/et_pb_row][\/et_pb_section]\n","protected":false},"excerpt":{"rendered":"<p><div class=\"woocommerce\"><\/div>Suivez moi sur mes r\u00e9seaux sociaux \u00a0 \u00a0<\/p>\n","protected":false},"author":1,"featured_media":0,"parent":0,"menu_order":0,"comment_status":"closed","ping_status":"closed","template":"","meta":{"_et_pb_use_builder":"on","_et_pb_old_content":"<!-- wp:shortcode -->\n[woocommerce_my_account]\n<!-- \/wp:shortcode -->","_et_gb_content_width":"","iawp_total_views":31,"footnotes":""},"class_list":["post-9","page","type-page","status-publish","hentry"],"yoast_head":"<!-- This site is optimized with the Yoast SEO plugin v27.5 - https:\/\/yoast.com\/product\/yoast-seo-wordpress\/ -->\n<title>Mon compte - Savonnerie Les Collines de Genty<\/title>\n<meta name=\"description\" content=\"Mon compte - Savonnerie Les Collines de Genty - Acc\u00e9dez \u00e0 votre compte et g\u00e9rez vos commandes en ligne ainsi que vos factures.\" \/>\n<meta name=\"robots\" content=\"index, follow, max-snippet:-1, max-image-preview:large, max-video-preview:-1\" \/>\n<link rel=\"canonical\" href=\"https:\/\/savonnerielescollinesdegenty.com\/index.php\/mon-compte\/\" \/>\n<meta property=\"og:locale\" content=\"fr_FR\" \/>\n<meta property=\"og:type\" content=\"article\" \/>\n<meta property=\"og:title\" content=\"Mon compte - Savonnerie Les Collines de Genty\" \/>\n<meta property=\"og:description\" content=\"Mon compte - Savonnerie Les Collines de Genty - Acc\u00e9dez \u00e0 votre compte et g\u00e9rez vos commandes en ligne ainsi que vos factures.\" \/>\n<meta property=\"og:url\" content=\"https:\/\/savonnerielescollinesdegenty.com\/index.php\/mon-compte\/\" \/>\n<meta property=\"og:site_name\" content=\"savonnerielescollinesdegenty.com\" \/>\n<meta property=\"article:modified_time\" content=\"2024-02-08T12:12:24+00:00\" \/>\n<meta property=\"og:image\" content=\"http:\/\/savonnerielescollinesdegenty.com\/wp-content\/uploads\/2023\/09\/face.svg\" \/>\n<meta name=\"twitter:card\" content=\"summary_large_image\" \/>\n<meta name=\"twitter:label1\" content=\"Dur\u00e9e de lecture estim\u00e9e\" \/>\n\t<meta name=\"twitter:data1\" content=\"1 minute\" \/>\n<script type=\"application\/ld+json\" class=\"yoast-schema-graph\">{\"@context\":\"https:\\\/\\\/schema.org\",\"@graph\":[{\"@type\":\"WebPage\",\"@id\":\"https:\\\/\\\/savonnerielescollinesdegenty.com\\\/index.php\\\/mon-compte\\\/\",\"url\":\"https:\\\/\\\/savonnerielescollinesdegenty.com\\\/index.php\\\/mon-compte\\\/\",\"name\":\"Mon compte - Savonnerie Les Collines de Genty\",\"isPartOf\":{\"@id\":\"https:\\\/\\\/savonnerielescollinesdegenty.com\\\/#website\"},\"primaryImageOfPage\":{\"@id\":\"https:\\\/\\\/savonnerielescollinesdegenty.com\\\/index.php\\\/mon-compte\\\/#primaryimage\"},\"image\":{\"@id\":\"https:\\\/\\\/savonnerielescollinesdegenty.com\\\/index.php\\\/mon-compte\\\/#primaryimage\"},\"thumbnailUrl\":\"http:\\\/\\\/savonnerielescollinesdegenty.com\\\/wp-content\\\/uploads\\\/2023\\\/09\\\/face.svg\",\"datePublished\":\"2023-08-24T07:57:11+00:00\",\"dateModified\":\"2024-02-08T12:12:24+00:00\",\"description\":\"Mon compte - Savonnerie Les Collines de Genty - Acc\u00e9dez \u00e0 votre compte et g\u00e9rez vos commandes en ligne ainsi que vos factures.\",\"breadcrumb\":{\"@id\":\"https:\\\/\\\/savonnerielescollinesdegenty.com\\\/index.php\\\/mon-compte\\\/#breadcrumb\"},\"inLanguage\":\"fr-FR\",\"potentialAction\":[{\"@type\":\"ReadAction\",\"target\":[\"https:\\\/\\\/savonnerielescollinesdegenty.com\\\/index.php\\\/mon-compte\\\/\"]}]},{\"@type\":\"ImageObject\",\"inLanguage\":\"fr-FR\",\"@id\":\"https:\\\/\\\/savonnerielescollinesdegenty.com\\\/index.php\\\/mon-compte\\\/#primaryimage\",\"url\":\"http:\\\/\\\/savonnerielescollinesdegenty.com\\\/wp-content\\\/uploads\\\/2023\\\/09\\\/face.svg\",\"contentUrl\":\"http:\\\/\\\/savonnerielescollinesdegenty.com\\\/wp-content\\\/uploads\\\/2023\\\/09\\\/face.svg\"},{\"@type\":\"BreadcrumbList\",\"@id\":\"https:\\\/\\\/savonnerielescollinesdegenty.com\\\/index.php\\\/mon-compte\\\/#breadcrumb\",\"itemListElement\":[{\"@type\":\"ListItem\",\"position\":1,\"name\":\"Accueil\",\"item\":\"https:\\\/\\\/savonnerielescollinesdegenty.com\\\/\"},{\"@type\":\"ListItem\",\"position\":2,\"name\":\"Mon compte\"}]},{\"@type\":\"WebSite\",\"@id\":\"https:\\\/\\\/savonnerielescollinesdegenty.com\\\/#website\",\"url\":\"https:\\\/\\\/savonnerielescollinesdegenty.com\\\/\",\"name\":\"savonnerielescollinesdegenty.com\",\"description\":\"Savons surgras, saponifi\u00e9s \u00e0 froid et fabriqu\u00e9s dans la Montagne Noire audoise.\",\"potentialAction\":[{\"@type\":\"SearchAction\",\"target\":{\"@type\":\"EntryPoint\",\"urlTemplate\":\"https:\\\/\\\/savonnerielescollinesdegenty.com\\\/?s={search_term_string}\"},\"query-input\":{\"@type\":\"PropertyValueSpecification\",\"valueRequired\":true,\"valueName\":\"search_term_string\"}}],\"inLanguage\":\"fr-FR\"}]}<\/script>\n<!-- \/ Yoast SEO plugin. -->","yoast_head_json":{"title":"Mon compte - Savonnerie Les Collines de Genty","description":"Mon compte - Savonnerie Les Collines de Genty - Acc\u00e9dez \u00e0 votre compte et g\u00e9rez vos commandes en ligne ainsi que vos factures.","robots":{"index":"index","follow":"follow","max-snippet":"max-snippet:-1","max-image-preview":"max-image-preview:large","max-video-preview":"max-video-preview:-1"},"canonical":"https:\/\/savonnerielescollinesdegenty.com\/index.php\/mon-compte\/","og_locale":"fr_FR","og_type":"article","og_title":"Mon compte - Savonnerie Les Collines de Genty","og_description":"Mon compte - Savonnerie Les Collines de Genty - Acc\u00e9dez \u00e0 votre compte et g\u00e9rez vos commandes en ligne ainsi que vos factures.","og_url":"https:\/\/savonnerielescollinesdegenty.com\/index.php\/mon-compte\/","og_site_name":"savonnerielescollinesdegenty.com","article_modified_time":"2024-02-08T12:12:24+00:00","og_image":[{"url":"http:\/\/savonnerielescollinesdegenty.com\/wp-content\/uploads\/2023\/09\/face.svg","type":"","width":"","height":""}],"twitter_card":"summary_large_image","twitter_misc":{"Dur\u00e9e de lecture estim\u00e9e":"1 minute"},"schema":{"@context":"https:\/\/schema.org","@graph":[{"@type":"WebPage","@id":"https:\/\/savonnerielescollinesdegenty.com\/index.php\/mon-compte\/","url":"https:\/\/savonnerielescollinesdegenty.com\/index.php\/mon-compte\/","name":"Mon compte - Savonnerie Les Collines de Genty","isPartOf":{"@id":"https:\/\/savonnerielescollinesdegenty.com\/#website"},"primaryImageOfPage":{"@id":"https:\/\/savonnerielescollinesdegenty.com\/index.php\/mon-compte\/#primaryimage"},"image":{"@id":"https:\/\/savonnerielescollinesdegenty.com\/index.php\/mon-compte\/#primaryimage"},"thumbnailUrl":"http:\/\/savonnerielescollinesdegenty.com\/wp-content\/uploads\/2023\/09\/face.svg","datePublished":"2023-08-24T07:57:11+00:00","dateModified":"2024-02-08T12:12:24+00:00","description":"Mon compte - Savonnerie Les Collines de Genty - Acc\u00e9dez \u00e0 votre compte et g\u00e9rez vos commandes en ligne ainsi que vos factures.","breadcrumb":{"@id":"https:\/\/savonnerielescollinesdegenty.com\/index.php\/mon-compte\/#breadcrumb"},"inLanguage":"fr-FR","potentialAction":[{"@type":"ReadAction","target":["https:\/\/savonnerielescollinesdegenty.com\/index.php\/mon-compte\/"]}]},{"@type":"ImageObject","inLanguage":"fr-FR","@id":"https:\/\/savonnerielescollinesdegenty.com\/index.php\/mon-compte\/#primaryimage","url":"http:\/\/savonnerielescollinesdegenty.com\/wp-content\/uploads\/2023\/09\/face.svg","contentUrl":"http:\/\/savonnerielescollinesdegenty.com\/wp-content\/uploads\/2023\/09\/face.svg"},{"@type":"BreadcrumbList","@id":"https:\/\/savonnerielescollinesdegenty.com\/index.php\/mon-compte\/#breadcrumb","itemListElement":[{"@type":"ListItem","position":1,"name":"Accueil","item":"https:\/\/savonnerielescollinesdegenty.com\/"},{"@type":"ListItem","position":2,"name":"Mon compte"}]},{"@type":"WebSite","@id":"https:\/\/savonnerielescollinesdegenty.com\/#website","url":"https:\/\/savonnerielescollinesdegenty.com\/","name":"savonnerielescollinesdegenty.com","description":"Savons surgras, saponifi\u00e9s \u00e0 froid et fabriqu\u00e9s dans la Montagne Noire audoise.","potentialAction":[{"@type":"SearchAction","target":{"@type":"EntryPoint","urlTemplate":"https:\/\/savonnerielescollinesdegenty.com\/?s={search_term_string}"},"query-input":{"@type":"PropertyValueSpecification","valueRequired":true,"valueName":"search_term_string"}}],"inLanguage":"fr-FR"}]}},"_links":{"self":[{"href":"https:\/\/savonnerielescollinesdegenty.com\/index.php\/wp-json\/wp\/v2\/pages\/9","targetHints":{"allow":["GET"]}}],"collection":[{"href":"https:\/\/savonnerielescollinesdegenty.com\/index.php\/wp-json\/wp\/v2\/pages"}],"about":[{"href":"https:\/\/savonnerielescollinesdegenty.com\/index.php\/wp-json\/wp\/v2\/types\/page"}],"author":[{"embeddable":true,"href":"https:\/\/savonnerielescollinesdegenty.com\/index.php\/wp-json\/wp\/v2\/users\/1"}],"replies":[{"embeddable":true,"href":"https:\/\/savonnerielescollinesdegenty.com\/index.php\/wp-json\/wp\/v2\/comments?post=9"}],"version-history":[{"count":6,"href":"https:\/\/savonnerielescollinesdegenty.com\/index.php\/wp-json\/wp\/v2\/pages\/9\/revisions"}],"predecessor-version":[{"id":559,"href":"https:\/\/savonnerielescollinesdegenty.com\/index.php\/wp-json\/wp\/v2\/pages\/9\/revisions\/559"}],"wp:attachment":[{"href":"https:\/\/savonnerielescollinesdegenty.com\/index.php\/wp-json\/wp\/v2\/media?parent=9"}],"curies":[{"name":"wp","href":"https:\/\/api.w.org\/{rel}","templated":true}]}}