{"id":173,"date":"2023-09-22T15:45:55","date_gmt":"2023-09-22T13:45:55","guid":{"rendered":"https:\/\/savonnerielescollinesdegenty.com\/?post_type=product&#038;p=173"},"modified":"2026-03-06T17:28:27","modified_gmt":"2026-03-06T16:28:27","slug":"aude-a-la-carotte-savon-artisanal","status":"publish","type":"product","link":"https:\/\/savonnerielescollinesdegenty.com\/index.php\/product\/aude-a-la-carotte-savon-artisanal\/","title":{"rendered":"L&rsquo;Aude \u00e0 la Carotte"},"content":{"rendered":"<p>[et_pb_section fb_built=\u00a0\u00bb1&Prime; custom_padding_last_edited=\u00a0\u00bbon|phone\u00a0\u00bb _builder_version=\u00a0\u00bb4.22.1&Prime; background_color=\u00a0\u00bb#FFEADC\u00a0\u00bb custom_padding=\u00a0\u00bb40px||||false|false\u00a0\u00bb custom_padding_tablet=\u00a0\u00bb40px|40px||40px|false|false\u00a0\u00bb custom_padding_phone=\u00a0\u00bb10px|20px||20px|false|false\u00a0\u00bb global_colors_info=\u00a0\u00bb{}\u00a0\u00bb][et_pb_row custom_padding_last_edited=\u00a0\u00bbon|phone\u00a0\u00bb _builder_version=\u00a0\u00bb4.22.1&Prime; background_size=\u00a0\u00bbinitial\u00a0\u00bb background_position=\u00a0\u00bbtop_left\u00a0\u00bb background_repeat=\u00a0\u00bbrepeat\u00a0\u00bb width=\u00a0\u00bb100%\u00a0\u00bb custom_padding=\u00a0\u00bb0px||0px||false|false\u00a0\u00bb custom_padding_tablet=\u00a0\u00bb100px||||false|false\u00a0\u00bb custom_padding_phone=\u00a0\u00bb100px||||false|false\u00a0\u00bb global_colors_info=\u00a0\u00bb{}\u00a0\u00bb][et_pb_column type=\u00a0\u00bb4_4&Prime; _builder_version=\u00a0\u00bb4.16&Prime; custom_padding=\u00a0\u00bb|||\u00a0\u00bb global_colors_info=\u00a0\u00bb{}\u00a0\u00bb custom_padding__hover=\u00a0\u00bb|||\u00a0\u00bb][et_pb_wc_cart_notice _builder_version=\u00a0\u00bb4.22.1&Prime; title_font=\u00a0\u00bbDM Sans||||||||\u00a0\u00bb error_font=\u00a0\u00bbDM Sans||||||||\u00a0\u00bb content_font=\u00a0\u00bbDM Sans||||||||\u00a0\u00bb background_color=\u00a0\u00bb#9C6644&Prime; custom_button=\u00a0\u00bbon\u00a0\u00bb button_text_color=\u00a0\u00bb#9C6644&Prime; button_bg_color=\u00a0\u00bb#FFFFFF\u00a0\u00bb button_border_radius=\u00a0\u00bb31px\u00a0\u00bb button_font=\u00a0\u00bbDM Sans||||||||\u00a0\u00bb button_icon=\u00a0\u00bb&#xe015;||divi||400&Prime; title_font_size_tablet=\u00a0\u00bb\u00a0\u00bb title_font_size_phone=\u00a0\u00bb16px\u00a0\u00bb title_font_size_last_edited=\u00a0\u00bbon|phone\u00a0\u00bb border_radii=\u00a0\u00bbon|30px|30px|30px|30px\u00a0\u00bb global_colors_info=\u00a0\u00bb{}\u00a0\u00bb][\/et_pb_wc_cart_notice][\/et_pb_column][\/et_pb_row][et_pb_row _builder_version=\u00a0\u00bb4.22.1&Prime; _module_preset=\u00a0\u00bbdefault\u00a0\u00bb width=\u00a0\u00bb100%\u00a0\u00bb custom_margin=\u00a0\u00bb0px||0px||false|false\u00a0\u00bb custom_padding=\u00a0\u00bb0px||20px||false|false\u00a0\u00bb global_colors_info=\u00a0\u00bb{}\u00a0\u00bb][et_pb_column type=\u00a0\u00bb4_4&Prime; _builder_version=\u00a0\u00bb4.22.1&Prime; _module_preset=\u00a0\u00bbdefault\u00a0\u00bb global_colors_info=\u00a0\u00bb{}\u00a0\u00bb][et_pb_button button_url=\u00a0\u00bb@ET-DC@eyJkeW5hbWljIjp0cnVlLCJjb250ZW50IjoicG9zdF9saW5rX3VybF9wYWdlIiwic2V0dGluZ3MiOnsicG9zdF9pZCI6IjIzMCJ9fQ==@\u00a0\u00bb button_text=\u00a0\u00bbRetour \u00e0 la boutique\u00a0\u00bb _builder_version=\u00a0\u00bb4.22.1&Prime; _dynamic_attributes=\u00a0\u00bbbutton_url\u00a0\u00bb _module_preset=\u00a0\u00bbdefault\u00a0\u00bb custom_button=\u00a0\u00bbon\u00a0\u00bb button_text_size=\u00a0\u00bb14px\u00a0\u00bb button_text_color=\u00a0\u00bb#9C6644&Prime; button_bg_color=\u00a0\u00bbRGBA(255,255,255,0)\u00a0\u00bb button_border_width=\u00a0\u00bb0px\u00a0\u00bb button_font=\u00a0\u00bbDM Sans||||||||\u00a0\u00bb button_icon=\u00a0\u00bb&#x34;||divi||400&Prime; button_icon_placement=\u00a0\u00bbleft\u00a0\u00bb button_on_hover=\u00a0\u00bboff\u00a0\u00bb custom_margin=\u00a0\u00bb0px||0px||false|false\u00a0\u00bb custom_padding=\u00a0\u00bb0px||0px||false|false\u00a0\u00bb global_colors_info=\u00a0\u00bb{}\u00a0\u00bb][\/et_pb_button][\/et_pb_column][\/et_pb_row][et_pb_row _builder_version=\u00a0\u00bb4.22.1&Prime; _module_preset=\u00a0\u00bbdefault\u00a0\u00bb global_colors_info=\u00a0\u00bb{}\u00a0\u00bb][et_pb_column type=\u00a0\u00bb4_4&Prime; _builder_version=\u00a0\u00bb4.22.1&Prime; _module_preset=\u00a0\u00bbdefault\u00a0\u00bb global_colors_info=\u00a0\u00bb{}\u00a0\u00bb][et_pb_wc_title _builder_version=\u00a0\u00bb4.22.1&Prime; header_font=\u00a0\u00bbMirage||||||||\u00a0\u00bb header_text_align=\u00a0\u00bbcenter\u00a0\u00bb header_text_color=\u00a0\u00bb#9C6644&Prime; header_font_size=\u00a0\u00bb60px\u00a0\u00bb header_font_size_tablet=\u00a0\u00bb60px\u00a0\u00bb header_font_size_phone=\u00a0\u00bb45px\u00a0\u00bb header_font_size_last_edited=\u00a0\u00bbon|phone\u00a0\u00bb global_colors_info=\u00a0\u00bb{}\u00a0\u00bb][\/et_pb_wc_title][et_pb_image src=\u00a0\u00bbhttp:\/\/savonnerielescollinesdegenty.com\/wp-content\/uploads\/2023\/09\/Union-marron.svg\u00a0\u00bb title_text=\u00a0\u00bbUnion marron\u00a0\u00bb align=\u00a0\u00bbcenter\u00a0\u00bb _builder_version=\u00a0\u00bb4.22.1&Prime; _module_preset=\u00a0\u00bbdefault\u00a0\u00bb global_colors_info=\u00a0\u00bb{}\u00a0\u00bb][\/et_pb_image][\/et_pb_column][\/et_pb_row][et_pb_row column_structure=\u00a0\u00bb1_2,1_2&Prime; _builder_version=\u00a0\u00bb4.22.1&Prime; background_size=\u00a0\u00bbinitial\u00a0\u00bb background_position=\u00a0\u00bbtop_left\u00a0\u00bb background_repeat=\u00a0\u00bbrepeat\u00a0\u00bb width=\u00a0\u00bb100%\u00a0\u00bb custom_padding=\u00a0\u00bb20px|20px|40px|20px|false|false\u00a0\u00bb border_radii=\u00a0\u00bbon|60px|60px|60px|60px\u00a0\u00bb border_width_all=\u00a0\u00bb3px\u00a0\u00bb border_color_all=\u00a0\u00bb#FFFFFF\u00a0\u00bb global_colors_info=\u00a0\u00bb{}\u00a0\u00bb][et_pb_column type=\u00a0\u00bb1_2&Prime; _builder_version=\u00a0\u00bb4.16&Prime; custom_padding=\u00a0\u00bb|||\u00a0\u00bb global_colors_info=\u00a0\u00bb{}\u00a0\u00bb custom_padding__hover=\u00a0\u00bb|||\u00a0\u00bb][et_pb_wc_images _builder_version=\u00a0\u00bb4.22.1&Prime; custom_padding=\u00a0\u00bb20px||||false|false\u00a0\u00bb border_radii_image=\u00a0\u00bbon|20px|20px|20px|20px\u00a0\u00bb border_width_all_image=\u00a0\u00bb2px\u00a0\u00bb border_color_all_image=\u00a0\u00bb#9C6644&Prime; global_colors_info=\u00a0\u00bb{}\u00a0\u00bb][\/et_pb_wc_images][et_pb_wc_rating _builder_version=\u00a0\u00bb4.22.1&Prime; rating_text_color=\u00a0\u00bb#9C6644&Prime; body_font=\u00a0\u00bbDM Sans||||||||\u00a0\u00bb body_text_color=\u00a0\u00bb#9C6644&Prime; body_font_size=\u00a0\u00bb13px\u00a0\u00bb custom_margin_tablet=\u00a0\u00bb0em|0em|-1em|0em|false|false\u00a0\u00bb custom_margin_phone=\u00a0\u00bb0em|0em|-1em|0em|false|false\u00a0\u00bb custom_margin_last_edited=\u00a0\u00bbon|phone\u00a0\u00bb global_colors_info=\u00a0\u00bb{}\u00a0\u00bb][\/et_pb_wc_rating][\/et_pb_column][et_pb_column type=\u00a0\u00bb1_2&Prime; _builder_version=\u00a0\u00bb4.16&Prime; custom_padding=\u00a0\u00bb|||\u00a0\u00bb global_colors_info=\u00a0\u00bb{}\u00a0\u00bb custom_padding__hover=\u00a0\u00bb|||\u00a0\u00bb][et_pb_wc_description _builder_version=\u00a0\u00bb4.22.1&Prime; body_font=\u00a0\u00bbDM Sans|500|||||||\u00a0\u00bb body_text_color=\u00a0\u00bb#91877D\u00a0\u00bb body_font_size=\u00a0\u00bb16px\u00a0\u00bb link_font=\u00a0\u00bb|600|||||||\u00a0\u00bb link_text_color=\u00a0\u00bb#91877D\u00a0\u00bb header_2_font=\u00a0\u00bbDM Sans||||||||\u00a0\u00bb header_2_text_color=\u00a0\u00bb#9C6644&Prime; header_2_font_size=\u00a0\u00bb20px\u00a0\u00bb header_2_line_height=\u00a0\u00bb1.5em\u00a0\u00bb custom_margin_tablet=\u00a0\u00bb0px||0px||false|false\u00a0\u00bb custom_margin_phone=\u00a0\u00bb0px||0px||false|false\u00a0\u00bb custom_margin_last_edited=\u00a0\u00bbon|tablet\u00a0\u00bb custom_padding_tablet=\u00a0\u00bb0px||0px||false|false\u00a0\u00bb custom_padding_phone=\u00a0\u00bb0px||0px||false|false\u00a0\u00bb custom_padding_last_edited=\u00a0\u00bbon|tablet\u00a0\u00bb global_colors_info=\u00a0\u00bb{}\u00a0\u00bb][\/et_pb_wc_description][et_pb_wc_price _builder_version=\u00a0\u00bb4.22.1&Prime; body_font=\u00a0\u00bbDM Sans||||||||\u00a0\u00bb body_text_color=\u00a0\u00bb#9C6644&Prime; body_font_size=\u00a0\u00bb20px\u00a0\u00bb body_line_height=\u00a0\u00bb0em\u00a0\u00bb text_orientation=\u00a0\u00bbright\u00a0\u00bb custom_padding=\u00a0\u00bb0px||||false|false\u00a0\u00bb custom_padding_tablet=\u00a0\u00bb30px||||false|false\u00a0\u00bb custom_padding_phone=\u00a0\u00bb30px||||false|false\u00a0\u00bb custom_padding_last_edited=\u00a0\u00bbon|phone\u00a0\u00bb text_orientation_tablet=\u00a0\u00bbleft\u00a0\u00bb text_orientation_phone=\u00a0\u00bbleft\u00a0\u00bb text_orientation_last_edited=\u00a0\u00bbon|phone\u00a0\u00bb global_colors_info=\u00a0\u00bb{}\u00a0\u00bb][\/et_pb_wc_price][et_pb_wc_add_to_cart _builder_version=\u00a0\u00bb4.22.1&Prime; fields_background_color=\u00a0\u00bb#FFFFFF\u00a0\u00bb fields_text_color=\u00a0\u00bb#9C6644&Prime; fields_focus_text_color=\u00a0\u00bb#9C6644&Prime; fields_custom_padding=\u00a0\u00bb0px|||0px|false|false\u00a0\u00bb field_label_font=\u00a0\u00bbDM Sans|700|||||||\u00a0\u00bb field_label_text_color=\u00a0\u00bb#9C6644&Prime; field_label_font_size=\u00a0\u00bb16px\u00a0\u00bb fields_font=\u00a0\u00bbDM Sans|700|||||||\u00a0\u00bb fields_text_align=\u00a0\u00bbcenter\u00a0\u00bb fields_font_size=\u00a0\u00bb16px\u00a0\u00bb custom_button=\u00a0\u00bbon\u00a0\u00bb button_text_color=\u00a0\u00bb#FFFFFF\u00a0\u00bb button_bg_color=\u00a0\u00bb#9C6644&Prime; button_border_color=\u00a0\u00bbRGBA(255,255,255,0)\u00a0\u00bb button_border_radius=\u00a0\u00bb26px\u00a0\u00bb button_font=\u00a0\u00bbDM Sans||||||||\u00a0\u00bb button_icon=\u00a0\u00bb&#xe07a;||divi||400&Prime; button_icon_color=\u00a0\u00bb#FFFFFF\u00a0\u00bb text_orientation=\u00a0\u00bbcenter\u00a0\u00bb custom_margin_tablet=\u00a0\u00bb\u00a0\u00bb custom_margin_phone=\u00a0\u00bb0px||0px||false|false\u00a0\u00bb custom_margin_last_edited=\u00a0\u00bbon|phone\u00a0\u00bb custom_padding_tablet=\u00a0\u00bb\u00a0\u00bb custom_padding_phone=\u00a0\u00bb15px||0px||false|false\u00a0\u00bb custom_padding_last_edited=\u00a0\u00bbon|phone\u00a0\u00bb border_radii_fields=\u00a0\u00bbon|34px|34px|34px|34px\u00a0\u00bb global_colors_info=\u00a0\u00bb{}\u00a0\u00bb][\/et_pb_wc_add_to_cart][\/et_pb_column][\/et_pb_row][et_pb_row _builder_version=\u00a0\u00bb4.16&Prime; background_size=\u00a0\u00bbinitial\u00a0\u00bb background_position=\u00a0\u00bbtop_left\u00a0\u00bb background_repeat=\u00a0\u00bbrepeat\u00a0\u00bb width=\u00a0\u00bb100%\u00a0\u00bb global_colors_info=\u00a0\u00bb{}\u00a0\u00bb][et_pb_column type=\u00a0\u00bb4_4&Prime; _builder_version=\u00a0\u00bb4.16&Prime; custom_padding=\u00a0\u00bb|||\u00a0\u00bb global_colors_info=\u00a0\u00bb{}\u00a0\u00bb custom_padding__hover=\u00a0\u00bb|||\u00a0\u00bb][et_pb_wc_tabs active_tab_background_color=\u00a0\u00bb#9C6644&Prime; inactive_tab_background_color=\u00a0\u00bb#FFEADC\u00a0\u00bb active_tab_text_color=\u00a0\u00bb#FFFFFF\u00a0\u00bb include_tabs=\u00a0\u00bbdescription|\u00a0\u00bb _builder_version=\u00a0\u00bb4.22.1&Prime; tab_text_color=\u00a0\u00bb#91877D\u00a0\u00bb body_font=\u00a0\u00bbDM Sans||||||||\u00a0\u00bb body_text_color=\u00a0\u00bb#9C6644&Prime; tab_font=\u00a0\u00bbDM Sans||||||||\u00a0\u00bb tab_font_size=\u00a0\u00bb16px\u00a0\u00bb border_radii=\u00a0\u00bbon|30px|30px|30px|30px\u00a0\u00bb border_width_all=\u00a0\u00bb0px\u00a0\u00bb global_colors_info=\u00a0\u00bb{}\u00a0\u00bb]\t\t\t\t\t[\/et_pb_wc_tabs][et_pb_image src=\u00a0\u00bbhttp:\/\/savonnerielescollinesdegenty.com\/wp-content\/uploads\/2023\/09\/ligne.svg\u00a0\u00bb title_text=\u00a0\u00bbligne\u00a0\u00bb align=\u00a0\u00bbcenter\u00a0\u00bb _builder_version=\u00a0\u00bb4.22.1&Prime; _module_preset=\u00a0\u00bbdefault\u00a0\u00bb custom_margin=\u00a0\u00bb||||false|false\u00a0\u00bb custom_margin_tablet=\u00a0\u00bb||||false|false\u00a0\u00bb custom_margin_phone=\u00a0\u00bb||||false|false\u00a0\u00bb custom_margin_last_edited=\u00a0\u00bbon|phone\u00a0\u00bb custom_padding=\u00a0\u00bb15px||||false|false\u00a0\u00bb global_colors_info=\u00a0\u00bb{}\u00a0\u00bb][\/et_pb_image][et_pb_wc_upsells _builder_version=\u00a0\u00bb4.16&Prime; global_colors_info=\u00a0\u00bb{}\u00a0\u00bb][\/et_pb_wc_upsells][et_pb_wc_related_products _builder_version=\u00a0\u00bb4.22.1&Prime; title_font=\u00a0\u00bbDM Sans|500|||||||\u00a0\u00bb title_text_color=\u00a0\u00bb#A5A58D\u00a0\u00bb title_line_height=\u00a0\u00bb1.7em\u00a0\u00bb product_title_font=\u00a0\u00bbDM Sans||||||||\u00a0\u00bb product_title_text_color=\u00a0\u00bb#A5A58D\u00a0\u00bb product_title_font_size=\u00a0\u00bb23px\u00a0\u00bb price_font=\u00a0\u00bbDM Sans|500|||||||\u00a0\u00bb price_text_color=\u00a0\u00bb#91877D\u00a0\u00bb text_orientation=\u00a0\u00bbcenter\u00a0\u00bb custom_margin=\u00a0\u00bb||||false|false\u00a0\u00bb custom_padding=\u00a0\u00bb0px||||false|false\u00a0\u00bb product_title_font_size_tablet=\u00a0\u00bb\u00a0\u00bb product_title_font_size_phone=\u00a0\u00bb18px\u00a0\u00bb product_title_font_size_last_edited=\u00a0\u00bbon|phone\u00a0\u00bb border_radii_image=\u00a0\u00bbon|20px|20px|20px|20px\u00a0\u00bb border_width_all_image=\u00a0\u00bb3px\u00a0\u00bb border_color_all_image=\u00a0\u00bb#A5A58D\u00a0\u00bb box_shadow_style_image=\u00a0\u00bbpreset1&Prime; box_shadow_color_image=\u00a0\u00bb#A5A58D\u00a0\u00bb global_colors_info=\u00a0\u00bb{}\u00a0\u00bb][\/et_pb_wc_related_products][\/et_pb_column][\/et_pb_row][\/et_pb_section]<\/p>\n","protected":false},"excerpt":{"rendered":"<h2><strong>Savon artisanal saponifi\u00e9 \u00e0 froid<\/strong><br \/>\n<strong>Surgras 9 % <\/strong><\/h2>\n<p>Huiles tournesol ol\u00e9ique, Coco bio, Beurre de karit\u00e9 bio, Ricin, Jus de carotte bio, Cire d\u2019abeille bio et Urucum.<br \/>\nLe <strong>Jus de carotte<\/strong> associ\u00e9 \u00e0 l&rsquo;urucum enrichissent ce savon singulier, apportent antioxydant et augmentent b\u00e9ta carot\u00e8ne , pour une peau adoucie et souple.<br \/>\nLes carottes proviennent du mara\u00eecher local bio<a href=\"https:\/\/paysenbio-castelnaudary.biocoop.net\/producteurs-pays-en-bio\/pautou-emile-3357.html\"> Emile Pautou<\/a>, \u00e0 Montolieu (11).<\/p>\n<p>Ce savon nourrissant, facilite la cicatrisation, produit un effet apaisant et \u00e9mollient.<\/p>\n<p>Recommand\u00e9 pour toutes les peaux , sauf celles de b\u00e9b\u00e9, des femmes enceintes, allaitantes.<\/p>\n<p>Fragrance aux notes fra\u00eeches et l\u00e9g\u00e8res de la bergamote.<\/p>\n<p>Visage et corps<\/p>\n<p>Conserver \u00e0 l&rsquo;abri de la lumi\u00e8re et de l&rsquo;humidit\u00e9.<br \/>\nNe pas laisser le savon dans l&rsquo;eau entre chaque utilisation.<\/p>\n<p>Conseils d&rsquo;utilisation : Mouiller, appliquer sur la peau, rincer.<\/p>\n<p>En cas de contact avec les yeux, rincer abondamment.<\/p>\n","protected":false},"featured_media":432,"comment_status":"open","ping_status":"closed","template":"","meta":{"_et_pb_use_builder":"on","_et_pb_old_content":"<em>Chaque savon est esth\u00e9tiquement unique donc le votre sera tr\u00e8s ressemblant mais ne sera pas totalement identique \u00e0 la photo.<\/em>\r\n\r\n<strong>Poids<\/strong> : 95 g\r\n\r\n<strong>Les ingr\u00e9dients :<\/strong>\r\nHuile de tournesol ol\u00e9ique, en circuit extra court, huile de coco (bio), jus de carotte, (local et bio) , beurre de karit\u00e9 (bio), glyc\u00e9rine (obtenue lors de la saponification), ricin, cire d\u2019abeille bio, urucum.\r\n\r\n<strong>Liste INCI :<\/strong>\r\nSodium sunflowerseedate, sodium cocoate, glycerin,daucus sativa root juice, sodium shea butterate, helianthus annuus hybrid oil, aqua, fragrance, cocos nucifera oil, sodium castorate, sodium beeswax, butyrospermum parkii butter, bixa orellana powder, ricinus communis seed oil, cera alba. citral, limon\u00e8ne, linalool, linalyl acetate.","_et_gb_content_width":"","iawp_total_views":472},"product_brand":[],"product_cat":[26],"product_tag":[],"class_list":{"0":"post-173","1":"product","2":"type-product","3":"status-publish","4":"has-post-thumbnail","6":"product_cat-savons-saponifies-a-froid","8":"first","9":"instock","10":"shipping-taxable","11":"purchasable","12":"product-type-simple"},"yoast_head":"<!-- This site is optimized with the Yoast SEO plugin v27.3 - https:\/\/yoast.com\/product\/yoast-seo-wordpress\/ -->\n<title>L&#039;Aude \u00e0 la Carotte - Savon artisanal audois - Les collines de Genty<\/title>\n<meta name=\"description\" content=\"L&#039;Aude \u00e0 la Carotte, notre savon saponifi\u00e9 \u00e0 froid artisanal \u00e0 base de carotte de l&#039;Aude. Riche en antioxydant et b\u00e9ta carot\u00e8ne. Pour une peau souple et douce.\" \/>\n<meta name=\"robots\" content=\"index, follow, max-snippet:-1, max-image-preview:large, max-video-preview:-1\" \/>\n<link rel=\"canonical\" href=\"https:\/\/savonnerielescollinesdegenty.com\/index.php\/product\/aude-a-la-carotte-savon-artisanal\/\" \/>\n<meta property=\"og:locale\" content=\"fr_FR\" \/>\n<meta property=\"og:type\" content=\"article\" \/>\n<meta property=\"og:title\" content=\"L&#039;Aude \u00e0 la Carotte - Savon artisanal audois - Les collines de Genty\" \/>\n<meta property=\"og:description\" content=\"L&#039;Aude \u00e0 la Carotte, notre savon saponifi\u00e9 \u00e0 froid artisanal \u00e0 base de carotte de l&#039;Aude. Riche en antioxydant et b\u00e9ta carot\u00e8ne. Pour une peau souple et douce.\" \/>\n<meta property=\"og:url\" content=\"https:\/\/savonnerielescollinesdegenty.com\/index.php\/product\/aude-a-la-carotte-savon-artisanal\/\" \/>\n<meta property=\"og:site_name\" content=\"savonnerielescollinesdegenty.com\" \/>\n<meta property=\"article:modified_time\" content=\"2026-03-06T16:28:27+00:00\" \/>\n<meta property=\"og:image\" content=\"http:\/\/savonnerielescollinesdegenty.com\/wp-content\/uploads\/2023\/09\/laude-a-la-Carotte.jpg\" \/>\n\t<meta property=\"og:image:width\" content=\"1927\" \/>\n\t<meta property=\"og:image:height\" content=\"1968\" \/>\n\t<meta property=\"og:image:type\" content=\"image\/jpeg\" \/>\n<meta name=\"twitter:card\" content=\"summary_large_image\" \/>\n<meta name=\"twitter:label1\" content=\"Dur\u00e9e de lecture estim\u00e9e\" \/>\n\t<meta name=\"twitter:data1\" content=\"2 minutes\" \/>\n<script type=\"application\/ld+json\" class=\"yoast-schema-graph\">{\"@context\":\"https:\\\/\\\/schema.org\",\"@graph\":[{\"@type\":\"WebPage\",\"@id\":\"https:\\\/\\\/savonnerielescollinesdegenty.com\\\/index.php\\\/product\\\/aude-a-la-carotte-savon-artisanal\\\/\",\"url\":\"https:\\\/\\\/savonnerielescollinesdegenty.com\\\/index.php\\\/product\\\/aude-a-la-carotte-savon-artisanal\\\/\",\"name\":\"L'Aude \u00e0 la Carotte - Savon artisanal audois - Les collines de Genty\",\"isPartOf\":{\"@id\":\"https:\\\/\\\/savonnerielescollinesdegenty.com\\\/#website\"},\"primaryImageOfPage\":{\"@id\":\"https:\\\/\\\/savonnerielescollinesdegenty.com\\\/index.php\\\/product\\\/aude-a-la-carotte-savon-artisanal\\\/#primaryimage\"},\"image\":{\"@id\":\"https:\\\/\\\/savonnerielescollinesdegenty.com\\\/index.php\\\/product\\\/aude-a-la-carotte-savon-artisanal\\\/#primaryimage\"},\"thumbnailUrl\":\"https:\\\/\\\/savonnerielescollinesdegenty.com\\\/wp-content\\\/uploads\\\/2023\\\/09\\\/laude-a-la-Carotte.jpg\",\"datePublished\":\"2023-09-22T13:45:55+00:00\",\"dateModified\":\"2026-03-06T16:28:27+00:00\",\"description\":\"L'Aude \u00e0 la Carotte, notre savon saponifi\u00e9 \u00e0 froid artisanal \u00e0 base de carotte de l'Aude. Riche en antioxydant et b\u00e9ta carot\u00e8ne. Pour une peau souple et douce.\",\"breadcrumb\":{\"@id\":\"https:\\\/\\\/savonnerielescollinesdegenty.com\\\/index.php\\\/product\\\/aude-a-la-carotte-savon-artisanal\\\/#breadcrumb\"},\"inLanguage\":\"fr-FR\",\"potentialAction\":[{\"@type\":\"ReadAction\",\"target\":[\"https:\\\/\\\/savonnerielescollinesdegenty.com\\\/index.php\\\/product\\\/aude-a-la-carotte-savon-artisanal\\\/\"]}]},{\"@type\":\"ImageObject\",\"inLanguage\":\"fr-FR\",\"@id\":\"https:\\\/\\\/savonnerielescollinesdegenty.com\\\/index.php\\\/product\\\/aude-a-la-carotte-savon-artisanal\\\/#primaryimage\",\"url\":\"https:\\\/\\\/savonnerielescollinesdegenty.com\\\/wp-content\\\/uploads\\\/2023\\\/09\\\/laude-a-la-Carotte.jpg\",\"contentUrl\":\"https:\\\/\\\/savonnerielescollinesdegenty.com\\\/wp-content\\\/uploads\\\/2023\\\/09\\\/laude-a-la-Carotte.jpg\",\"width\":1927,\"height\":1968},{\"@type\":\"BreadcrumbList\",\"@id\":\"https:\\\/\\\/savonnerielescollinesdegenty.com\\\/index.php\\\/product\\\/aude-a-la-carotte-savon-artisanal\\\/#breadcrumb\",\"itemListElement\":[{\"@type\":\"ListItem\",\"position\":1,\"name\":\"Accueil\",\"item\":\"https:\\\/\\\/savonnerielescollinesdegenty.com\\\/\"},{\"@type\":\"ListItem\",\"position\":2,\"name\":\"La Boutique de la Savonnerie\",\"item\":\"https:\\\/\\\/savonnerielescollinesdegenty.com\\\/index.php\\\/la-boutique-de-la-savonnerie\\\/\"},{\"@type\":\"ListItem\",\"position\":3,\"name\":\"L&rsquo;Aude \u00e0 la Carotte\"}]},{\"@type\":\"WebSite\",\"@id\":\"https:\\\/\\\/savonnerielescollinesdegenty.com\\\/#website\",\"url\":\"https:\\\/\\\/savonnerielescollinesdegenty.com\\\/\",\"name\":\"savonnerielescollinesdegenty.com\",\"description\":\"Savons surgras, saponifi\u00e9s \u00e0 froid et fabriqu\u00e9s dans la Montagne Noire audoise.\",\"potentialAction\":[{\"@type\":\"SearchAction\",\"target\":{\"@type\":\"EntryPoint\",\"urlTemplate\":\"https:\\\/\\\/savonnerielescollinesdegenty.com\\\/?s={search_term_string}\"},\"query-input\":{\"@type\":\"PropertyValueSpecification\",\"valueRequired\":true,\"valueName\":\"search_term_string\"}}],\"inLanguage\":\"fr-FR\"}]}<\/script>\n<!-- \/ Yoast SEO plugin. -->","yoast_head_json":{"title":"L'Aude \u00e0 la Carotte - Savon artisanal audois - Les collines de Genty","description":"L'Aude \u00e0 la Carotte, notre savon saponifi\u00e9 \u00e0 froid artisanal \u00e0 base de carotte de l'Aude. Riche en antioxydant et b\u00e9ta carot\u00e8ne. Pour une peau souple et douce.","robots":{"index":"index","follow":"follow","max-snippet":"max-snippet:-1","max-image-preview":"max-image-preview:large","max-video-preview":"max-video-preview:-1"},"canonical":"https:\/\/savonnerielescollinesdegenty.com\/index.php\/product\/aude-a-la-carotte-savon-artisanal\/","og_locale":"fr_FR","og_type":"article","og_title":"L'Aude \u00e0 la Carotte - Savon artisanal audois - Les collines de Genty","og_description":"L'Aude \u00e0 la Carotte, notre savon saponifi\u00e9 \u00e0 froid artisanal \u00e0 base de carotte de l'Aude. Riche en antioxydant et b\u00e9ta carot\u00e8ne. Pour une peau souple et douce.","og_url":"https:\/\/savonnerielescollinesdegenty.com\/index.php\/product\/aude-a-la-carotte-savon-artisanal\/","og_site_name":"savonnerielescollinesdegenty.com","article_modified_time":"2026-03-06T16:28:27+00:00","og_image":[{"width":1927,"height":1968,"url":"http:\/\/savonnerielescollinesdegenty.com\/wp-content\/uploads\/2023\/09\/laude-a-la-Carotte.jpg","type":"image\/jpeg"}],"twitter_card":"summary_large_image","twitter_misc":{"Dur\u00e9e de lecture estim\u00e9e":"2 minutes"},"schema":{"@context":"https:\/\/schema.org","@graph":[{"@type":"WebPage","@id":"https:\/\/savonnerielescollinesdegenty.com\/index.php\/product\/aude-a-la-carotte-savon-artisanal\/","url":"https:\/\/savonnerielescollinesdegenty.com\/index.php\/product\/aude-a-la-carotte-savon-artisanal\/","name":"L'Aude \u00e0 la Carotte - Savon artisanal audois - Les collines de Genty","isPartOf":{"@id":"https:\/\/savonnerielescollinesdegenty.com\/#website"},"primaryImageOfPage":{"@id":"https:\/\/savonnerielescollinesdegenty.com\/index.php\/product\/aude-a-la-carotte-savon-artisanal\/#primaryimage"},"image":{"@id":"https:\/\/savonnerielescollinesdegenty.com\/index.php\/product\/aude-a-la-carotte-savon-artisanal\/#primaryimage"},"thumbnailUrl":"https:\/\/savonnerielescollinesdegenty.com\/wp-content\/uploads\/2023\/09\/laude-a-la-Carotte.jpg","datePublished":"2023-09-22T13:45:55+00:00","dateModified":"2026-03-06T16:28:27+00:00","description":"L'Aude \u00e0 la Carotte, notre savon saponifi\u00e9 \u00e0 froid artisanal \u00e0 base de carotte de l'Aude. Riche en antioxydant et b\u00e9ta carot\u00e8ne. Pour une peau souple et douce.","breadcrumb":{"@id":"https:\/\/savonnerielescollinesdegenty.com\/index.php\/product\/aude-a-la-carotte-savon-artisanal\/#breadcrumb"},"inLanguage":"fr-FR","potentialAction":[{"@type":"ReadAction","target":["https:\/\/savonnerielescollinesdegenty.com\/index.php\/product\/aude-a-la-carotte-savon-artisanal\/"]}]},{"@type":"ImageObject","inLanguage":"fr-FR","@id":"https:\/\/savonnerielescollinesdegenty.com\/index.php\/product\/aude-a-la-carotte-savon-artisanal\/#primaryimage","url":"https:\/\/savonnerielescollinesdegenty.com\/wp-content\/uploads\/2023\/09\/laude-a-la-Carotte.jpg","contentUrl":"https:\/\/savonnerielescollinesdegenty.com\/wp-content\/uploads\/2023\/09\/laude-a-la-Carotte.jpg","width":1927,"height":1968},{"@type":"BreadcrumbList","@id":"https:\/\/savonnerielescollinesdegenty.com\/index.php\/product\/aude-a-la-carotte-savon-artisanal\/#breadcrumb","itemListElement":[{"@type":"ListItem","position":1,"name":"Accueil","item":"https:\/\/savonnerielescollinesdegenty.com\/"},{"@type":"ListItem","position":2,"name":"La Boutique de la Savonnerie","item":"https:\/\/savonnerielescollinesdegenty.com\/index.php\/la-boutique-de-la-savonnerie\/"},{"@type":"ListItem","position":3,"name":"L&rsquo;Aude \u00e0 la Carotte"}]},{"@type":"WebSite","@id":"https:\/\/savonnerielescollinesdegenty.com\/#website","url":"https:\/\/savonnerielescollinesdegenty.com\/","name":"savonnerielescollinesdegenty.com","description":"Savons surgras, saponifi\u00e9s \u00e0 froid et fabriqu\u00e9s dans la Montagne Noire audoise.","potentialAction":[{"@type":"SearchAction","target":{"@type":"EntryPoint","urlTemplate":"https:\/\/savonnerielescollinesdegenty.com\/?s={search_term_string}"},"query-input":{"@type":"PropertyValueSpecification","valueRequired":true,"valueName":"search_term_string"}}],"inLanguage":"fr-FR"}]}},"_links":{"self":[{"href":"https:\/\/savonnerielescollinesdegenty.com\/index.php\/wp-json\/wp\/v2\/product\/173","targetHints":{"allow":["GET"]}}],"collection":[{"href":"https:\/\/savonnerielescollinesdegenty.com\/index.php\/wp-json\/wp\/v2\/product"}],"about":[{"href":"https:\/\/savonnerielescollinesdegenty.com\/index.php\/wp-json\/wp\/v2\/types\/product"}],"replies":[{"embeddable":true,"href":"https:\/\/savonnerielescollinesdegenty.com\/index.php\/wp-json\/wp\/v2\/comments?post=173"}],"wp:featuredmedia":[{"embeddable":true,"href":"https:\/\/savonnerielescollinesdegenty.com\/index.php\/wp-json\/wp\/v2\/media\/432"}],"wp:attachment":[{"href":"https:\/\/savonnerielescollinesdegenty.com\/index.php\/wp-json\/wp\/v2\/media?parent=173"}],"wp:term":[{"taxonomy":"product_brand","embeddable":true,"href":"https:\/\/savonnerielescollinesdegenty.com\/index.php\/wp-json\/wp\/v2\/product_brand?post=173"},{"taxonomy":"product_cat","embeddable":true,"href":"https:\/\/savonnerielescollinesdegenty.com\/index.php\/wp-json\/wp\/v2\/product_cat?post=173"},{"taxonomy":"product_tag","embeddable":true,"href":"https:\/\/savonnerielescollinesdegenty.com\/index.php\/wp-json\/wp\/v2\/product_tag?post=173"}],"curies":[{"name":"wp","href":"https:\/\/api.w.org\/{rel}","templated":true}]}}