{"id":212,"date":"2023-10-19T11:23:36","date_gmt":"2023-10-19T09:23:36","guid":{"rendered":"https:\/\/savonnerielescollinesdegenty.com\/?post_type=product&#038;p=212"},"modified":"2026-03-06T17:27:02","modified_gmt":"2026-03-06T16:27:02","slug":"rosee-des-pres-savon","status":"publish","type":"product","link":"https:\/\/savonnerielescollinesdegenty.com\/index.php\/product\/rosee-des-pres-savon\/","title":{"rendered":"La Ros\u00e9e des Pr\u00e9s"},"content":{"rendered":"<p>[et_pb_section fb_built=\u00a0\u00bb1&Prime; custom_padding_last_edited=\u00a0\u00bbon|phone\u00a0\u00bb _builder_version=\u00a0\u00bb4.22.1&Prime; background_color=\u00a0\u00bb#FFEADC\u00a0\u00bb custom_padding=\u00a0\u00bb40px||||false|false\u00a0\u00bb custom_padding_tablet=\u00a0\u00bb40px|40px||40px|false|false\u00a0\u00bb custom_padding_phone=\u00a0\u00bb80px|20px||20px|false|false\u00a0\u00bb global_colors_info=\u00a0\u00bb{}\u00a0\u00bb][et_pb_row _builder_version=\u00a0\u00bb4.22.1&Prime; background_size=\u00a0\u00bbinitial\u00a0\u00bb background_position=\u00a0\u00bbtop_left\u00a0\u00bb background_repeat=\u00a0\u00bbrepeat\u00a0\u00bb width=\u00a0\u00bb100%\u00a0\u00bb custom_padding=\u00a0\u00bb0px||0px||false|false\u00a0\u00bb global_colors_info=\u00a0\u00bb{}\u00a0\u00bb][et_pb_column type=\u00a0\u00bb4_4&Prime; _builder_version=\u00a0\u00bb4.16&Prime; custom_padding=\u00a0\u00bb|||\u00a0\u00bb global_colors_info=\u00a0\u00bb{}\u00a0\u00bb custom_padding__hover=\u00a0\u00bb|||\u00a0\u00bb][et_pb_wc_cart_notice _builder_version=\u00a0\u00bb4.22.1&Prime; title_font=\u00a0\u00bbDM Sans||||||||\u00a0\u00bb error_font=\u00a0\u00bbDM Sans||||||||\u00a0\u00bb content_font=\u00a0\u00bbDM Sans||||||||\u00a0\u00bb background_color=\u00a0\u00bb#9C6644&Prime; custom_button=\u00a0\u00bbon\u00a0\u00bb button_text_color=\u00a0\u00bb#9C6644&Prime; button_bg_color=\u00a0\u00bb#FFFFFF\u00a0\u00bb button_border_radius=\u00a0\u00bb31px\u00a0\u00bb button_font=\u00a0\u00bbDM Sans||||||||\u00a0\u00bb button_icon=\u00a0\u00bb&#xe015;||divi||400&Prime; border_radii=\u00a0\u00bbon|30px|30px|30px|30px\u00a0\u00bb global_colors_info=\u00a0\u00bb{}\u00a0\u00bb][\/et_pb_wc_cart_notice][\/et_pb_column][\/et_pb_row][et_pb_row _builder_version=\u00a0\u00bb4.22.1&Prime; _module_preset=\u00a0\u00bbdefault\u00a0\u00bb width=\u00a0\u00bb100%\u00a0\u00bb custom_margin=\u00a0\u00bb0px||0px||false|false\u00a0\u00bb custom_padding=\u00a0\u00bb0px||20px||false|false\u00a0\u00bb global_colors_info=\u00a0\u00bb{}\u00a0\u00bb][et_pb_column type=\u00a0\u00bb4_4&Prime; _builder_version=\u00a0\u00bb4.22.1&Prime; _module_preset=\u00a0\u00bbdefault\u00a0\u00bb global_colors_info=\u00a0\u00bb{}\u00a0\u00bb][et_pb_button button_url=\u00a0\u00bb@ET-DC@eyJkeW5hbWljIjp0cnVlLCJjb250ZW50IjoicG9zdF9saW5rX3VybF9wYWdlIiwic2V0dGluZ3MiOnsicG9zdF9pZCI6IjIzMCJ9fQ==@\u00a0\u00bb button_text=\u00a0\u00bbRetour \u00e0 la boutique\u00a0\u00bb _builder_version=\u00a0\u00bb4.22.1&Prime; _dynamic_attributes=\u00a0\u00bbbutton_url\u00a0\u00bb _module_preset=\u00a0\u00bbdefault\u00a0\u00bb custom_button=\u00a0\u00bbon\u00a0\u00bb button_text_size=\u00a0\u00bb14px\u00a0\u00bb button_text_color=\u00a0\u00bb#9C6644&Prime; button_bg_color=\u00a0\u00bbRGBA(255,255,255,0)\u00a0\u00bb button_border_width=\u00a0\u00bb0px\u00a0\u00bb button_font=\u00a0\u00bbDM Sans||||||||\u00a0\u00bb button_icon=\u00a0\u00bb&#x34;||divi||400&Prime; button_icon_placement=\u00a0\u00bbleft\u00a0\u00bb button_on_hover=\u00a0\u00bboff\u00a0\u00bb custom_margin=\u00a0\u00bb0px||0px||false|false\u00a0\u00bb custom_padding=\u00a0\u00bb0px||0px||false|false\u00a0\u00bb global_colors_info=\u00a0\u00bb{}\u00a0\u00bb][\/et_pb_button][\/et_pb_column][\/et_pb_row][et_pb_row _builder_version=\u00a0\u00bb4.22.1&Prime; _module_preset=\u00a0\u00bbdefault\u00a0\u00bb global_colors_info=\u00a0\u00bb{}\u00a0\u00bb][et_pb_column type=\u00a0\u00bb4_4&Prime; _builder_version=\u00a0\u00bb4.22.1&Prime; _module_preset=\u00a0\u00bbdefault\u00a0\u00bb global_colors_info=\u00a0\u00bb{}\u00a0\u00bb][et_pb_wc_title _builder_version=\u00a0\u00bb4.22.1&Prime; header_font=\u00a0\u00bbMirage||||||||\u00a0\u00bb header_text_align=\u00a0\u00bbcenter\u00a0\u00bb header_text_color=\u00a0\u00bb#9C6644&Prime; header_font_size=\u00a0\u00bb60px\u00a0\u00bb header_font_size_tablet=\u00a0\u00bb60px\u00a0\u00bb header_font_size_phone=\u00a0\u00bb38px\u00a0\u00bb header_font_size_last_edited=\u00a0\u00bbon|phone\u00a0\u00bb global_colors_info=\u00a0\u00bb{}\u00a0\u00bb][\/et_pb_wc_title][et_pb_image src=\u00a0\u00bbhttp:\/\/savonnerielescollinesdegenty.com\/wp-content\/uploads\/2023\/09\/Union-marron.svg\u00a0\u00bb title_text=\u00a0\u00bbUnion marron\u00a0\u00bb align=\u00a0\u00bbcenter\u00a0\u00bb align_tablet=\u00a0\u00bbcenter\u00a0\u00bb align_phone=\u00a0\u00bbcenter\u00a0\u00bb align_last_edited=\u00a0\u00bbon|desktop\u00a0\u00bb _builder_version=\u00a0\u00bb4.22.1&Prime; _module_preset=\u00a0\u00bbdefault\u00a0\u00bb animation_style=\u00a0\u00bbfade\u00a0\u00bb global_colors_info=\u00a0\u00bb{}\u00a0\u00bb][\/et_pb_image][\/et_pb_column][\/et_pb_row][et_pb_row column_structure=\u00a0\u00bb1_2,1_2&Prime; _builder_version=\u00a0\u00bb4.22.1&Prime; background_size=\u00a0\u00bbinitial\u00a0\u00bb background_position=\u00a0\u00bbtop_left\u00a0\u00bb background_repeat=\u00a0\u00bbrepeat\u00a0\u00bb width=\u00a0\u00bb100%\u00a0\u00bb custom_padding=\u00a0\u00bb20px|20px|20px|20px|false|false\u00a0\u00bb border_radii=\u00a0\u00bbon|60px|60px|60px|60px\u00a0\u00bb border_width_all=\u00a0\u00bb3px\u00a0\u00bb border_color_all=\u00a0\u00bb#FFFFFF\u00a0\u00bb global_colors_info=\u00a0\u00bb{}\u00a0\u00bb][et_pb_column type=\u00a0\u00bb1_2&Prime; _builder_version=\u00a0\u00bb4.16&Prime; custom_padding=\u00a0\u00bb|||\u00a0\u00bb global_colors_info=\u00a0\u00bb{}\u00a0\u00bb custom_padding__hover=\u00a0\u00bb|||\u00a0\u00bb][et_pb_wc_images _builder_version=\u00a0\u00bb4.22.1&Prime; custom_padding=\u00a0\u00bb20px||||false|false\u00a0\u00bb border_radii_image=\u00a0\u00bbon|20px|20px|20px|20px\u00a0\u00bb border_width_all_image=\u00a0\u00bb2px\u00a0\u00bb border_color_all_image=\u00a0\u00bb#9C6644&Prime; global_colors_info=\u00a0\u00bb{}\u00a0\u00bb][\/et_pb_wc_images][et_pb_wc_rating _builder_version=\u00a0\u00bb4.22.1&Prime; rating_text_color=\u00a0\u00bb#9C6644&Prime; body_font=\u00a0\u00bbDM Sans||||||||\u00a0\u00bb body_text_color=\u00a0\u00bb#9C6644&Prime; body_font_size=\u00a0\u00bb13px\u00a0\u00bb custom_margin_tablet=\u00a0\u00bb0em|0em|-1em|0em|false|false\u00a0\u00bb custom_margin_phone=\u00a0\u00bb0em|0em|-1em|0em|false|false\u00a0\u00bb custom_margin_last_edited=\u00a0\u00bbon|phone\u00a0\u00bb global_colors_info=\u00a0\u00bb{}\u00a0\u00bb][\/et_pb_wc_rating][\/et_pb_column][et_pb_column type=\u00a0\u00bb1_2&Prime; _builder_version=\u00a0\u00bb4.16&Prime; custom_padding=\u00a0\u00bb|||\u00a0\u00bb global_colors_info=\u00a0\u00bb{}\u00a0\u00bb custom_padding__hover=\u00a0\u00bb|||\u00a0\u00bb][et_pb_wc_description _builder_version=\u00a0\u00bb4.22.1&Prime; body_font=\u00a0\u00bbDM Sans|500|||||||\u00a0\u00bb body_text_color=\u00a0\u00bb#91877D\u00a0\u00bb body_font_size=\u00a0\u00bb16px\u00a0\u00bb link_font=\u00a0\u00bbDM Sans|700|||||||\u00a0\u00bb link_text_color=\u00a0\u00bb#91877D\u00a0\u00bb header_2_font=\u00a0\u00bbDM Sans||||||||\u00a0\u00bb header_2_text_color=\u00a0\u00bb#9C6644&Prime; header_2_font_size=\u00a0\u00bb20px\u00a0\u00bb header_2_line_height=\u00a0\u00bb1.5em\u00a0\u00bb custom_margin_tablet=\u00a0\u00bb0px||0px||false|false\u00a0\u00bb custom_margin_phone=\u00a0\u00bb0px||0px||false|false\u00a0\u00bb custom_margin_last_edited=\u00a0\u00bbon|tablet\u00a0\u00bb custom_padding_tablet=\u00a0\u00bb0px||0px||false|false\u00a0\u00bb custom_padding_phone=\u00a0\u00bb0px||0px||false|false\u00a0\u00bb custom_padding_last_edited=\u00a0\u00bbon|tablet\u00a0\u00bb global_colors_info=\u00a0\u00bb{}\u00a0\u00bb][\/et_pb_wc_description][et_pb_wc_price _builder_version=\u00a0\u00bb4.22.1&Prime; body_font=\u00a0\u00bbDM Sans||||||||\u00a0\u00bb body_text_color=\u00a0\u00bb#9C6644&Prime; body_font_size=\u00a0\u00bb20px\u00a0\u00bb body_line_height=\u00a0\u00bb0em\u00a0\u00bb text_orientation=\u00a0\u00bbright\u00a0\u00bb custom_padding=\u00a0\u00bb0px||||false|false\u00a0\u00bb custom_padding_tablet=\u00a0\u00bb30px||||false|false\u00a0\u00bb custom_padding_phone=\u00a0\u00bb30px||||false|false\u00a0\u00bb custom_padding_last_edited=\u00a0\u00bbon|phone\u00a0\u00bb text_orientation_tablet=\u00a0\u00bbleft\u00a0\u00bb text_orientation_phone=\u00a0\u00bbleft\u00a0\u00bb text_orientation_last_edited=\u00a0\u00bbon|phone\u00a0\u00bb global_colors_info=\u00a0\u00bb{}\u00a0\u00bb][\/et_pb_wc_price][et_pb_wc_add_to_cart _builder_version=\u00a0\u00bb4.22.1&Prime; fields_background_color=\u00a0\u00bb#FFFFFF\u00a0\u00bb fields_text_color=\u00a0\u00bb#9C6644&Prime; fields_focus_text_color=\u00a0\u00bb#9C6644&Prime; fields_custom_padding=\u00a0\u00bb0px|||0px|false|false\u00a0\u00bb field_label_font=\u00a0\u00bbDM Sans|700|||||||\u00a0\u00bb field_label_text_color=\u00a0\u00bb#9C6644&Prime; field_label_font_size=\u00a0\u00bb16px\u00a0\u00bb fields_font=\u00a0\u00bbDM Sans|700|||||||\u00a0\u00bb fields_text_align=\u00a0\u00bbcenter\u00a0\u00bb fields_font_size=\u00a0\u00bb16px\u00a0\u00bb custom_button=\u00a0\u00bbon\u00a0\u00bb button_text_color=\u00a0\u00bb#FFFFFF\u00a0\u00bb button_bg_color=\u00a0\u00bb#9C6644&Prime; button_border_color=\u00a0\u00bbRGBA(255,255,255,0)\u00a0\u00bb button_border_radius=\u00a0\u00bb26px\u00a0\u00bb button_font=\u00a0\u00bbDM Sans||||||||\u00a0\u00bb button_icon=\u00a0\u00bb&#xe07a;||divi||400&Prime; button_icon_color=\u00a0\u00bb#FFFFFF\u00a0\u00bb text_orientation=\u00a0\u00bbcenter\u00a0\u00bb custom_margin_tablet=\u00a0\u00bb\u00a0\u00bb custom_margin_phone=\u00a0\u00bb0px||0px||false|false\u00a0\u00bb custom_margin_last_edited=\u00a0\u00bbon|phone\u00a0\u00bb custom_padding_tablet=\u00a0\u00bb\u00a0\u00bb custom_padding_phone=\u00a0\u00bb15px||0px||false|false\u00a0\u00bb custom_padding_last_edited=\u00a0\u00bbon|phone\u00a0\u00bb border_radii_fields=\u00a0\u00bbon|34px|34px|34px|34px\u00a0\u00bb global_colors_info=\u00a0\u00bb{}\u00a0\u00bb][\/et_pb_wc_add_to_cart][\/et_pb_column][\/et_pb_row][et_pb_row _builder_version=\u00a0\u00bb4.16&Prime; background_size=\u00a0\u00bbinitial\u00a0\u00bb background_position=\u00a0\u00bbtop_left\u00a0\u00bb background_repeat=\u00a0\u00bbrepeat\u00a0\u00bb width=\u00a0\u00bb100%\u00a0\u00bb global_colors_info=\u00a0\u00bb{}\u00a0\u00bb][et_pb_column type=\u00a0\u00bb4_4&Prime; _builder_version=\u00a0\u00bb4.16&Prime; custom_padding=\u00a0\u00bb|||\u00a0\u00bb global_colors_info=\u00a0\u00bb{}\u00a0\u00bb custom_padding__hover=\u00a0\u00bb|||\u00a0\u00bb][et_pb_wc_tabs active_tab_background_color=\u00a0\u00bb#9C6644&Prime; inactive_tab_background_color=\u00a0\u00bb#FFEADC\u00a0\u00bb active_tab_text_color=\u00a0\u00bb#FFFFFF\u00a0\u00bb include_tabs=\u00a0\u00bbdescription|\u00a0\u00bb _builder_version=\u00a0\u00bb4.22.1&Prime; tab_text_color=\u00a0\u00bb#91877D\u00a0\u00bb body_font=\u00a0\u00bbDM Sans||||||||\u00a0\u00bb body_text_color=\u00a0\u00bb#9C6644&Prime; tab_font=\u00a0\u00bbDM Sans||||||||\u00a0\u00bb tab_font_size=\u00a0\u00bb16px\u00a0\u00bb border_radii=\u00a0\u00bbon|30px|30px|30px|30px\u00a0\u00bb border_width_all=\u00a0\u00bb0px\u00a0\u00bb global_colors_info=\u00a0\u00bb{}\u00a0\u00bb]\t\t\t\t\t[\/et_pb_wc_tabs][et_pb_image src=\u00a0\u00bbhttp:\/\/savonnerielescollinesdegenty.com\/wp-content\/uploads\/2023\/09\/ligne.svg\u00a0\u00bb title_text=\u00a0\u00bbligne\u00a0\u00bb align=\u00a0\u00bbcenter\u00a0\u00bb _builder_version=\u00a0\u00bb4.22.1&Prime; _module_preset=\u00a0\u00bbdefault\u00a0\u00bb custom_margin=\u00a0\u00bb||||false|false\u00a0\u00bb custom_padding=\u00a0\u00bb40px||||false|false\u00a0\u00bb custom_padding_tablet=\u00a0\u00bb40px||||false|false\u00a0\u00bb custom_padding_phone=\u00a0\u00bb15px||||false|false\u00a0\u00bb custom_padding_last_edited=\u00a0\u00bbon|phone\u00a0\u00bb global_colors_info=\u00a0\u00bb{}\u00a0\u00bb][\/et_pb_image][et_pb_wc_upsells _builder_version=\u00a0\u00bb4.16&Prime; global_colors_info=\u00a0\u00bb{}\u00a0\u00bb][\/et_pb_wc_upsells][et_pb_wc_related_products _builder_version=\u00a0\u00bb4.22.1&Prime; title_font=\u00a0\u00bbDM Sans|500|||||||\u00a0\u00bb title_text_color=\u00a0\u00bb#A5A58D\u00a0\u00bb title_line_height=\u00a0\u00bb1.7em\u00a0\u00bb product_title_font=\u00a0\u00bbDM Sans||||||||\u00a0\u00bb product_title_text_color=\u00a0\u00bb#A5A58D\u00a0\u00bb product_title_font_size=\u00a0\u00bb23px\u00a0\u00bb price_font=\u00a0\u00bbDM Sans|500|||||||\u00a0\u00bb price_text_color=\u00a0\u00bb#91877D\u00a0\u00bb text_orientation=\u00a0\u00bbcenter\u00a0\u00bb custom_margin=\u00a0\u00bb||||false|false\u00a0\u00bb custom_padding=\u00a0\u00bb0px||||false|false\u00a0\u00bb product_title_font_size_tablet=\u00a0\u00bb\u00a0\u00bb product_title_font_size_phone=\u00a0\u00bb18px\u00a0\u00bb product_title_font_size_last_edited=\u00a0\u00bbon|phone\u00a0\u00bb border_radii_image=\u00a0\u00bbon|20px|20px|20px|20px\u00a0\u00bb border_width_all_image=\u00a0\u00bb3px\u00a0\u00bb border_color_all_image=\u00a0\u00bb#A5A58D\u00a0\u00bb box_shadow_style_image=\u00a0\u00bbpreset1&Prime; box_shadow_color_image=\u00a0\u00bb#A5A58D\u00a0\u00bb global_colors_info=\u00a0\u00bb{}\u00a0\u00bb][\/et_pb_wc_related_products][\/et_pb_column][\/et_pb_row][\/et_pb_section]<\/p>\n","protected":false},"excerpt":{"rendered":"<h2><strong>Savon artisanal saponifi\u00e9 \u00e0 froid<\/strong><br \/>\n<strong>Surgras 9 % <\/strong><\/h2>\n<p>Huiles Tournesol ol\u00e9ique, Coco bio, Beurre de karit\u00e9 bio, Argiles Blanche et Rose.<\/p>\n<p><strong>Le Karit\u00e9<\/strong> a une action protectrice, r\u00e9paratrice et tr\u00e8s nourrissante. C\u2019est un soin \u00e0 lui tout seul !<\/p>\n<p><strong>L\u2019 argile blanche et l\u2019argile rose<\/strong> sont purifiantes et absorbantes, douces pour l\u2018\u00e9piderme.<\/p>\n<p>Recommand\u00e9 pour toutes les peaux<em> \u00e0 l&rsquo;exception des peaux de b\u00e9b\u00e9, des femmes enceintes et allaitantes.<\/em><br \/>\nD\u00e9licat parfum fleuri.<\/p>\n<p>Visage et corps<\/p>\n<p>Conserver \u00e0 l&rsquo;abri de la lumi\u00e8re et de l&rsquo;humidit\u00e9.<br \/>\nNe pas laisser le savon dans l&rsquo;eau entre chaque utilisation.<\/p>\n<p>Conseils d&rsquo;utilisation : Mouiller, appliquer sur la peau, rincer.<\/p>\n<p>En cas de contact avec les yeux, rincer abondamment.<\/p>\n","protected":false},"featured_media":213,"comment_status":"open","ping_status":"closed","template":"","meta":{"_et_pb_use_builder":"on","_et_pb_old_content":"<em>Chaque savon est esth\u00e9tiquement unique donc le votre sera tr\u00e8s ressemblant mais ne sera pas totalement identique \u00e0 la photo.<\/em>\r\n\r\n<strong>Poids<\/strong> : 95 g\r\n\r\n<strong>Les ingr\u00e9dients :<\/strong>\r\nHuile de tournesol en circuit extra court, Huile de coco (bio), Beurre de karit\u00e9 (bio), glyc\u00e9rine (obtenue lors de la saponification), Argiles blanche et rose, Fragrance.\r\n\r\n<strong>Liste INCI :<\/strong>\r\nSodium sunflowerseedate, sodium shea butterate, aqua, glycerin, helianthus annuus hybrid oil, fragrance, cocos nucifera oil, butyrospermum parkii butter, kaolin, illite, montmorillonite limon\u00e8ne.","_et_gb_content_width":"","iawp_total_views":358},"product_brand":[],"product_cat":[26],"product_tag":[],"class_list":{"0":"post-212","1":"product","2":"type-product","3":"status-publish","4":"has-post-thumbnail","6":"product_cat-savons-saponifies-a-froid","8":"first","9":"instock","10":"shipping-taxable","11":"purchasable","12":"product-type-simple"},"yoast_head":"<!-- This site is optimized with the Yoast SEO plugin v27.3 - https:\/\/yoast.com\/product\/yoast-seo-wordpress\/ -->\n<title>La Ros\u00e9e des Pr\u00e9s - Savon artisanal audois - Les collines de Genty<\/title>\n<meta name=\"description\" content=\"La Ros\u00e9e des Pr\u00e9s, notre savon saponifi\u00e9 \u00e0 froid artisanal \u00e0 base d&#039;argiles blanche et rose. Purifiantes et absorbantes, douces pour l\u2018\u00e9piderme.\" \/>\n<meta name=\"robots\" content=\"index, follow, max-snippet:-1, max-image-preview:large, max-video-preview:-1\" \/>\n<link rel=\"canonical\" href=\"https:\/\/savonnerielescollinesdegenty.com\/index.php\/product\/rosee-des-pres-savon\/\" \/>\n<meta property=\"og:locale\" content=\"fr_FR\" \/>\n<meta property=\"og:type\" content=\"article\" \/>\n<meta property=\"og:title\" content=\"La Ros\u00e9e des Pr\u00e9s - Savon artisanal audois - Les collines de Genty\" \/>\n<meta property=\"og:description\" content=\"La Ros\u00e9e des Pr\u00e9s, notre savon saponifi\u00e9 \u00e0 froid artisanal \u00e0 base d&#039;argiles blanche et rose. Purifiantes et absorbantes, douces pour l\u2018\u00e9piderme.\" \/>\n<meta property=\"og:url\" content=\"https:\/\/savonnerielescollinesdegenty.com\/index.php\/product\/rosee-des-pres-savon\/\" \/>\n<meta property=\"og:site_name\" content=\"savonnerielescollinesdegenty.com\" \/>\n<meta property=\"article:modified_time\" content=\"2026-03-06T16:27:02+00:00\" \/>\n<meta property=\"og:image\" content=\"http:\/\/savonnerielescollinesdegenty.com\/wp-content\/uploads\/2023\/10\/rosee-des-pres-scaled.jpg\" \/>\n\t<meta property=\"og:image:width\" content=\"2560\" \/>\n\t<meta property=\"og:image:height\" content=\"1920\" \/>\n\t<meta property=\"og:image:type\" content=\"image\/jpeg\" \/>\n<meta name=\"twitter:card\" content=\"summary_large_image\" \/>\n<meta name=\"twitter:label1\" content=\"Dur\u00e9e de lecture estim\u00e9e\" \/>\n\t<meta name=\"twitter:data1\" content=\"2 minutes\" \/>\n<script type=\"application\/ld+json\" class=\"yoast-schema-graph\">{\"@context\":\"https:\\\/\\\/schema.org\",\"@graph\":[{\"@type\":\"WebPage\",\"@id\":\"https:\\\/\\\/savonnerielescollinesdegenty.com\\\/index.php\\\/product\\\/rosee-des-pres-savon\\\/\",\"url\":\"https:\\\/\\\/savonnerielescollinesdegenty.com\\\/index.php\\\/product\\\/rosee-des-pres-savon\\\/\",\"name\":\"La Ros\u00e9e des Pr\u00e9s - Savon artisanal audois - Les collines de Genty\",\"isPartOf\":{\"@id\":\"https:\\\/\\\/savonnerielescollinesdegenty.com\\\/#website\"},\"primaryImageOfPage\":{\"@id\":\"https:\\\/\\\/savonnerielescollinesdegenty.com\\\/index.php\\\/product\\\/rosee-des-pres-savon\\\/#primaryimage\"},\"image\":{\"@id\":\"https:\\\/\\\/savonnerielescollinesdegenty.com\\\/index.php\\\/product\\\/rosee-des-pres-savon\\\/#primaryimage\"},\"thumbnailUrl\":\"https:\\\/\\\/savonnerielescollinesdegenty.com\\\/wp-content\\\/uploads\\\/2023\\\/10\\\/rosee-des-pres-scaled.jpg\",\"datePublished\":\"2023-10-19T09:23:36+00:00\",\"dateModified\":\"2026-03-06T16:27:02+00:00\",\"description\":\"La Ros\u00e9e des Pr\u00e9s, notre savon saponifi\u00e9 \u00e0 froid artisanal \u00e0 base d'argiles blanche et rose. Purifiantes et absorbantes, douces pour l\u2018\u00e9piderme.\",\"breadcrumb\":{\"@id\":\"https:\\\/\\\/savonnerielescollinesdegenty.com\\\/index.php\\\/product\\\/rosee-des-pres-savon\\\/#breadcrumb\"},\"inLanguage\":\"fr-FR\",\"potentialAction\":[{\"@type\":\"ReadAction\",\"target\":[\"https:\\\/\\\/savonnerielescollinesdegenty.com\\\/index.php\\\/product\\\/rosee-des-pres-savon\\\/\"]}]},{\"@type\":\"ImageObject\",\"inLanguage\":\"fr-FR\",\"@id\":\"https:\\\/\\\/savonnerielescollinesdegenty.com\\\/index.php\\\/product\\\/rosee-des-pres-savon\\\/#primaryimage\",\"url\":\"https:\\\/\\\/savonnerielescollinesdegenty.com\\\/wp-content\\\/uploads\\\/2023\\\/10\\\/rosee-des-pres-scaled.jpg\",\"contentUrl\":\"https:\\\/\\\/savonnerielescollinesdegenty.com\\\/wp-content\\\/uploads\\\/2023\\\/10\\\/rosee-des-pres-scaled.jpg\",\"width\":2560,\"height\":1920},{\"@type\":\"BreadcrumbList\",\"@id\":\"https:\\\/\\\/savonnerielescollinesdegenty.com\\\/index.php\\\/product\\\/rosee-des-pres-savon\\\/#breadcrumb\",\"itemListElement\":[{\"@type\":\"ListItem\",\"position\":1,\"name\":\"Accueil\",\"item\":\"https:\\\/\\\/savonnerielescollinesdegenty.com\\\/\"},{\"@type\":\"ListItem\",\"position\":2,\"name\":\"La Boutique de la Savonnerie\",\"item\":\"https:\\\/\\\/savonnerielescollinesdegenty.com\\\/index.php\\\/la-boutique-de-la-savonnerie\\\/\"},{\"@type\":\"ListItem\",\"position\":3,\"name\":\"La Ros\u00e9e des Pr\u00e9s\"}]},{\"@type\":\"WebSite\",\"@id\":\"https:\\\/\\\/savonnerielescollinesdegenty.com\\\/#website\",\"url\":\"https:\\\/\\\/savonnerielescollinesdegenty.com\\\/\",\"name\":\"savonnerielescollinesdegenty.com\",\"description\":\"Savons surgras, saponifi\u00e9s \u00e0 froid et fabriqu\u00e9s dans la Montagne Noire audoise.\",\"potentialAction\":[{\"@type\":\"SearchAction\",\"target\":{\"@type\":\"EntryPoint\",\"urlTemplate\":\"https:\\\/\\\/savonnerielescollinesdegenty.com\\\/?s={search_term_string}\"},\"query-input\":{\"@type\":\"PropertyValueSpecification\",\"valueRequired\":true,\"valueName\":\"search_term_string\"}}],\"inLanguage\":\"fr-FR\"}]}<\/script>\n<!-- \/ Yoast SEO plugin. -->","yoast_head_json":{"title":"La Ros\u00e9e des Pr\u00e9s - Savon artisanal audois - Les collines de Genty","description":"La Ros\u00e9e des Pr\u00e9s, notre savon saponifi\u00e9 \u00e0 froid artisanal \u00e0 base d'argiles blanche et rose. Purifiantes et absorbantes, douces pour l\u2018\u00e9piderme.","robots":{"index":"index","follow":"follow","max-snippet":"max-snippet:-1","max-image-preview":"max-image-preview:large","max-video-preview":"max-video-preview:-1"},"canonical":"https:\/\/savonnerielescollinesdegenty.com\/index.php\/product\/rosee-des-pres-savon\/","og_locale":"fr_FR","og_type":"article","og_title":"La Ros\u00e9e des Pr\u00e9s - Savon artisanal audois - Les collines de Genty","og_description":"La Ros\u00e9e des Pr\u00e9s, notre savon saponifi\u00e9 \u00e0 froid artisanal \u00e0 base d'argiles blanche et rose. Purifiantes et absorbantes, douces pour l\u2018\u00e9piderme.","og_url":"https:\/\/savonnerielescollinesdegenty.com\/index.php\/product\/rosee-des-pres-savon\/","og_site_name":"savonnerielescollinesdegenty.com","article_modified_time":"2026-03-06T16:27:02+00:00","og_image":[{"width":2560,"height":1920,"url":"http:\/\/savonnerielescollinesdegenty.com\/wp-content\/uploads\/2023\/10\/rosee-des-pres-scaled.jpg","type":"image\/jpeg"}],"twitter_card":"summary_large_image","twitter_misc":{"Dur\u00e9e de lecture estim\u00e9e":"2 minutes"},"schema":{"@context":"https:\/\/schema.org","@graph":[{"@type":"WebPage","@id":"https:\/\/savonnerielescollinesdegenty.com\/index.php\/product\/rosee-des-pres-savon\/","url":"https:\/\/savonnerielescollinesdegenty.com\/index.php\/product\/rosee-des-pres-savon\/","name":"La Ros\u00e9e des Pr\u00e9s - Savon artisanal audois - Les collines de Genty","isPartOf":{"@id":"https:\/\/savonnerielescollinesdegenty.com\/#website"},"primaryImageOfPage":{"@id":"https:\/\/savonnerielescollinesdegenty.com\/index.php\/product\/rosee-des-pres-savon\/#primaryimage"},"image":{"@id":"https:\/\/savonnerielescollinesdegenty.com\/index.php\/product\/rosee-des-pres-savon\/#primaryimage"},"thumbnailUrl":"https:\/\/savonnerielescollinesdegenty.com\/wp-content\/uploads\/2023\/10\/rosee-des-pres-scaled.jpg","datePublished":"2023-10-19T09:23:36+00:00","dateModified":"2026-03-06T16:27:02+00:00","description":"La Ros\u00e9e des Pr\u00e9s, notre savon saponifi\u00e9 \u00e0 froid artisanal \u00e0 base d'argiles blanche et rose. Purifiantes et absorbantes, douces pour l\u2018\u00e9piderme.","breadcrumb":{"@id":"https:\/\/savonnerielescollinesdegenty.com\/index.php\/product\/rosee-des-pres-savon\/#breadcrumb"},"inLanguage":"fr-FR","potentialAction":[{"@type":"ReadAction","target":["https:\/\/savonnerielescollinesdegenty.com\/index.php\/product\/rosee-des-pres-savon\/"]}]},{"@type":"ImageObject","inLanguage":"fr-FR","@id":"https:\/\/savonnerielescollinesdegenty.com\/index.php\/product\/rosee-des-pres-savon\/#primaryimage","url":"https:\/\/savonnerielescollinesdegenty.com\/wp-content\/uploads\/2023\/10\/rosee-des-pres-scaled.jpg","contentUrl":"https:\/\/savonnerielescollinesdegenty.com\/wp-content\/uploads\/2023\/10\/rosee-des-pres-scaled.jpg","width":2560,"height":1920},{"@type":"BreadcrumbList","@id":"https:\/\/savonnerielescollinesdegenty.com\/index.php\/product\/rosee-des-pres-savon\/#breadcrumb","itemListElement":[{"@type":"ListItem","position":1,"name":"Accueil","item":"https:\/\/savonnerielescollinesdegenty.com\/"},{"@type":"ListItem","position":2,"name":"La Boutique de la Savonnerie","item":"https:\/\/savonnerielescollinesdegenty.com\/index.php\/la-boutique-de-la-savonnerie\/"},{"@type":"ListItem","position":3,"name":"La Ros\u00e9e des Pr\u00e9s"}]},{"@type":"WebSite","@id":"https:\/\/savonnerielescollinesdegenty.com\/#website","url":"https:\/\/savonnerielescollinesdegenty.com\/","name":"savonnerielescollinesdegenty.com","description":"Savons surgras, saponifi\u00e9s \u00e0 froid et fabriqu\u00e9s dans la Montagne Noire audoise.","potentialAction":[{"@type":"SearchAction","target":{"@type":"EntryPoint","urlTemplate":"https:\/\/savonnerielescollinesdegenty.com\/?s={search_term_string}"},"query-input":{"@type":"PropertyValueSpecification","valueRequired":true,"valueName":"search_term_string"}}],"inLanguage":"fr-FR"}]}},"_links":{"self":[{"href":"https:\/\/savonnerielescollinesdegenty.com\/index.php\/wp-json\/wp\/v2\/product\/212","targetHints":{"allow":["GET"]}}],"collection":[{"href":"https:\/\/savonnerielescollinesdegenty.com\/index.php\/wp-json\/wp\/v2\/product"}],"about":[{"href":"https:\/\/savonnerielescollinesdegenty.com\/index.php\/wp-json\/wp\/v2\/types\/product"}],"replies":[{"embeddable":true,"href":"https:\/\/savonnerielescollinesdegenty.com\/index.php\/wp-json\/wp\/v2\/comments?post=212"}],"wp:featuredmedia":[{"embeddable":true,"href":"https:\/\/savonnerielescollinesdegenty.com\/index.php\/wp-json\/wp\/v2\/media\/213"}],"wp:attachment":[{"href":"https:\/\/savonnerielescollinesdegenty.com\/index.php\/wp-json\/wp\/v2\/media?parent=212"}],"wp:term":[{"taxonomy":"product_brand","embeddable":true,"href":"https:\/\/savonnerielescollinesdegenty.com\/index.php\/wp-json\/wp\/v2\/product_brand?post=212"},{"taxonomy":"product_cat","embeddable":true,"href":"https:\/\/savonnerielescollinesdegenty.com\/index.php\/wp-json\/wp\/v2\/product_cat?post=212"},{"taxonomy":"product_tag","embeddable":true,"href":"https:\/\/savonnerielescollinesdegenty.com\/index.php\/wp-json\/wp\/v2\/product_tag?post=212"}],"curies":[{"name":"wp","href":"https:\/\/api.w.org\/{rel}","templated":true}]}}