{"id":761,"date":"2025-06-23T20:48:57","date_gmt":"2025-06-23T18:48:57","guid":{"rendered":"https:\/\/savonnerielescollinesdegenty.com\/?post_type=product&#038;p=761"},"modified":"2026-03-06T17:25:16","modified_gmt":"2026-03-06T16:25:16","slug":"le-roll-au-plantain","status":"publish","type":"product","link":"https:\/\/savonnerielescollinesdegenty.com\/index.php\/product\/le-roll-au-plantain\/","title":{"rendered":"Le Roll au Plantain"},"content":{"rendered":"<p>[et_pb_section fb_built=\u00a0\u00bb1&Prime; custom_padding_last_edited=\u00a0\u00bbon|phone\u00a0\u00bb _builder_version=\u00a0\u00bb4.22.1&Prime; background_color=\u00a0\u00bb#FFEADC\u00a0\u00bb custom_padding=\u00a0\u00bb40px||||false|false\u00a0\u00bb custom_padding_tablet=\u00a0\u00bb40px|40px||40px|false|false\u00a0\u00bb custom_padding_phone=\u00a0\u00bb80px|20px||20px|false|false\u00a0\u00bb global_colors_info=\u00a0\u00bb{}\u00a0\u00bb][et_pb_row _builder_version=\u00a0\u00bb4.22.1&Prime; background_size=\u00a0\u00bbinitial\u00a0\u00bb background_position=\u00a0\u00bbtop_left\u00a0\u00bb background_repeat=\u00a0\u00bbrepeat\u00a0\u00bb width=\u00a0\u00bb100%\u00a0\u00bb custom_padding=\u00a0\u00bb0px||0px||false|false\u00a0\u00bb global_colors_info=\u00a0\u00bb{}\u00a0\u00bb][et_pb_column type=\u00a0\u00bb4_4&Prime; _builder_version=\u00a0\u00bb4.16&Prime; custom_padding=\u00a0\u00bb|||\u00a0\u00bb global_colors_info=\u00a0\u00bb{}\u00a0\u00bb custom_padding__hover=\u00a0\u00bb|||\u00a0\u00bb][et_pb_wc_cart_notice _builder_version=\u00a0\u00bb4.22.1&Prime; title_font=\u00a0\u00bbDM Sans||||||||\u00a0\u00bb error_font=\u00a0\u00bbDM Sans||||||||\u00a0\u00bb content_font=\u00a0\u00bbDM Sans||||||||\u00a0\u00bb background_color=\u00a0\u00bb#9C6644&Prime; custom_button=\u00a0\u00bbon\u00a0\u00bb button_text_color=\u00a0\u00bb#9C6644&Prime; button_bg_color=\u00a0\u00bb#FFFFFF\u00a0\u00bb button_border_radius=\u00a0\u00bb31px\u00a0\u00bb button_font=\u00a0\u00bbDM Sans||||||||\u00a0\u00bb button_icon=\u00a0\u00bb&#xe015;||divi||400&Prime; border_radii=\u00a0\u00bbon|30px|30px|30px|30px\u00a0\u00bb global_colors_info=\u00a0\u00bb{}\u00a0\u00bb][\/et_pb_wc_cart_notice][\/et_pb_column][\/et_pb_row][et_pb_row _builder_version=\u00a0\u00bb4.22.1&Prime; _module_preset=\u00a0\u00bbdefault\u00a0\u00bb width=\u00a0\u00bb100%\u00a0\u00bb custom_margin=\u00a0\u00bb0px||0px||false|false\u00a0\u00bb custom_padding=\u00a0\u00bb0px||20px||false|false\u00a0\u00bb global_colors_info=\u00a0\u00bb{}\u00a0\u00bb][et_pb_column type=\u00a0\u00bb4_4&Prime; _builder_version=\u00a0\u00bb4.22.1&Prime; _module_preset=\u00a0\u00bbdefault\u00a0\u00bb global_colors_info=\u00a0\u00bb{}\u00a0\u00bb][et_pb_button button_url=\u00a0\u00bb@ET-DC@eyJkeW5hbWljIjp0cnVlLCJjb250ZW50IjoicG9zdF9saW5rX3VybF9wYWdlIiwic2V0dGluZ3MiOnsicG9zdF9pZCI6IjIzMCJ9fQ==@\u00a0\u00bb button_text=\u00a0\u00bbRetour \u00e0 la boutique\u00a0\u00bb _builder_version=\u00a0\u00bb4.22.1&Prime; _dynamic_attributes=\u00a0\u00bbbutton_url\u00a0\u00bb _module_preset=\u00a0\u00bbdefault\u00a0\u00bb custom_button=\u00a0\u00bbon\u00a0\u00bb button_text_size=\u00a0\u00bb14px\u00a0\u00bb button_text_color=\u00a0\u00bb#9C6644&Prime; button_bg_color=\u00a0\u00bbRGBA(255,255,255,0)\u00a0\u00bb button_border_width=\u00a0\u00bb0px\u00a0\u00bb button_font=\u00a0\u00bbDM Sans||||||||\u00a0\u00bb button_icon=\u00a0\u00bb&#x34;||divi||400&Prime; button_icon_placement=\u00a0\u00bbleft\u00a0\u00bb button_on_hover=\u00a0\u00bboff\u00a0\u00bb custom_margin=\u00a0\u00bb0px||0px||false|false\u00a0\u00bb custom_padding=\u00a0\u00bb0px||0px||false|false\u00a0\u00bb global_colors_info=\u00a0\u00bb{}\u00a0\u00bb][\/et_pb_button][\/et_pb_column][\/et_pb_row][et_pb_row _builder_version=\u00a0\u00bb4.22.1&Prime; _module_preset=\u00a0\u00bbdefault\u00a0\u00bb global_colors_info=\u00a0\u00bb{}\u00a0\u00bb][et_pb_column type=\u00a0\u00bb4_4&Prime; _builder_version=\u00a0\u00bb4.22.1&Prime; _module_preset=\u00a0\u00bbdefault\u00a0\u00bb global_colors_info=\u00a0\u00bb{}\u00a0\u00bb][et_pb_wc_title _builder_version=\u00a0\u00bb4.22.1&Prime; header_font=\u00a0\u00bbMirage||||||||\u00a0\u00bb header_text_align=\u00a0\u00bbcenter\u00a0\u00bb header_text_color=\u00a0\u00bb#9C6644&Prime; header_font_size=\u00a0\u00bb60px\u00a0\u00bb header_font_size_tablet=\u00a0\u00bb60px\u00a0\u00bb header_font_size_phone=\u00a0\u00bb40px\u00a0\u00bb header_font_size_last_edited=\u00a0\u00bbon|phone\u00a0\u00bb global_colors_info=\u00a0\u00bb{}\u00a0\u00bb][\/et_pb_wc_title][et_pb_image src=\u00a0\u00bbhttp:\/\/savonnerielescollinesdegenty.com\/wp-content\/uploads\/2023\/09\/Union-marron.svg\u00a0\u00bb title_text=\u00a0\u00bbUnion marron\u00a0\u00bb align=\u00a0\u00bbcenter\u00a0\u00bb align_tablet=\u00a0\u00bbcenter\u00a0\u00bb align_phone=\u00a0\u00bbcenter\u00a0\u00bb align_last_edited=\u00a0\u00bbon|desktop\u00a0\u00bb _builder_version=\u00a0\u00bb4.22.1&Prime; _module_preset=\u00a0\u00bbdefault\u00a0\u00bb animation_style=\u00a0\u00bbfade\u00a0\u00bb global_colors_info=\u00a0\u00bb{}\u00a0\u00bb][\/et_pb_image][\/et_pb_column][\/et_pb_row][et_pb_row column_structure=\u00a0\u00bb1_2,1_2&Prime; _builder_version=\u00a0\u00bb4.22.1&Prime; background_size=\u00a0\u00bbinitial\u00a0\u00bb background_position=\u00a0\u00bbtop_left\u00a0\u00bb background_repeat=\u00a0\u00bbrepeat\u00a0\u00bb width=\u00a0\u00bb100%\u00a0\u00bb custom_padding=\u00a0\u00bb20px|20px|20px|20px|false|false\u00a0\u00bb border_radii=\u00a0\u00bbon|60px|60px|60px|60px\u00a0\u00bb border_width_all=\u00a0\u00bb3px\u00a0\u00bb border_color_all=\u00a0\u00bb#FFFFFF\u00a0\u00bb global_colors_info=\u00a0\u00bb{}\u00a0\u00bb][et_pb_column type=\u00a0\u00bb1_2&Prime; _builder_version=\u00a0\u00bb4.16&Prime; custom_padding=\u00a0\u00bb|||\u00a0\u00bb global_colors_info=\u00a0\u00bb{}\u00a0\u00bb custom_padding__hover=\u00a0\u00bb|||\u00a0\u00bb][et_pb_wc_images _builder_version=\u00a0\u00bb4.22.1&Prime; custom_padding=\u00a0\u00bb20px||||false|false\u00a0\u00bb border_radii_image=\u00a0\u00bbon|20px|20px|20px|20px\u00a0\u00bb border_width_all_image=\u00a0\u00bb2px\u00a0\u00bb border_color_all_image=\u00a0\u00bb#9C6644&Prime; global_colors_info=\u00a0\u00bb{}\u00a0\u00bb][\/et_pb_wc_images][et_pb_wc_rating _builder_version=\u00a0\u00bb4.22.1&Prime; rating_text_color=\u00a0\u00bb#9C6644&Prime; body_font=\u00a0\u00bbDM Sans||||||||\u00a0\u00bb body_text_color=\u00a0\u00bb#9C6644&Prime; body_font_size=\u00a0\u00bb13px\u00a0\u00bb custom_margin_tablet=\u00a0\u00bb0em|0em|-1em|0em|false|false\u00a0\u00bb custom_margin_phone=\u00a0\u00bb0em|0em|-1em|0em|false|false\u00a0\u00bb custom_margin_last_edited=\u00a0\u00bbon|phone\u00a0\u00bb global_colors_info=\u00a0\u00bb{}\u00a0\u00bb][\/et_pb_wc_rating][\/et_pb_column][et_pb_column type=\u00a0\u00bb1_2&Prime; _builder_version=\u00a0\u00bb4.16&Prime; custom_padding=\u00a0\u00bb|||\u00a0\u00bb global_colors_info=\u00a0\u00bb{}\u00a0\u00bb custom_padding__hover=\u00a0\u00bb|||\u00a0\u00bb][et_pb_wc_description _builder_version=\u00a0\u00bb4.22.1&Prime; body_font=\u00a0\u00bbDM Sans|500|||||||\u00a0\u00bb body_text_color=\u00a0\u00bb#91877D\u00a0\u00bb body_font_size=\u00a0\u00bb16px\u00a0\u00bb link_font=\u00a0\u00bbDM Sans|700|||||||\u00a0\u00bb link_text_color=\u00a0\u00bb#91877D\u00a0\u00bb header_2_font=\u00a0\u00bbDM Sans||||||||\u00a0\u00bb header_2_text_color=\u00a0\u00bb#9C6644&Prime; header_2_font_size=\u00a0\u00bb20px\u00a0\u00bb header_2_line_height=\u00a0\u00bb1.5em\u00a0\u00bb custom_margin_tablet=\u00a0\u00bb0px||0px||false|false\u00a0\u00bb custom_margin_phone=\u00a0\u00bb0px||0px||false|false\u00a0\u00bb custom_margin_last_edited=\u00a0\u00bbon|tablet\u00a0\u00bb custom_padding_tablet=\u00a0\u00bb0px||0px||false|false\u00a0\u00bb custom_padding_phone=\u00a0\u00bb0px||0px||false|false\u00a0\u00bb custom_padding_last_edited=\u00a0\u00bbon|tablet\u00a0\u00bb global_colors_info=\u00a0\u00bb{}\u00a0\u00bb][\/et_pb_wc_description][et_pb_wc_price _builder_version=\u00a0\u00bb4.22.1&Prime; body_font=\u00a0\u00bbDM Sans||||||||\u00a0\u00bb body_text_color=\u00a0\u00bb#9C6644&Prime; body_font_size=\u00a0\u00bb20px\u00a0\u00bb body_line_height=\u00a0\u00bb0em\u00a0\u00bb text_orientation=\u00a0\u00bbright\u00a0\u00bb custom_padding=\u00a0\u00bb0px||||false|false\u00a0\u00bb custom_padding_tablet=\u00a0\u00bb30px||||false|false\u00a0\u00bb custom_padding_phone=\u00a0\u00bb30px||||false|false\u00a0\u00bb custom_padding_last_edited=\u00a0\u00bbon|phone\u00a0\u00bb text_orientation_tablet=\u00a0\u00bbleft\u00a0\u00bb text_orientation_phone=\u00a0\u00bbleft\u00a0\u00bb text_orientation_last_edited=\u00a0\u00bbon|phone\u00a0\u00bb global_colors_info=\u00a0\u00bb{}\u00a0\u00bb][\/et_pb_wc_price][et_pb_wc_add_to_cart _builder_version=\u00a0\u00bb4.22.1&Prime; fields_background_color=\u00a0\u00bb#FFFFFF\u00a0\u00bb fields_text_color=\u00a0\u00bb#9C6644&Prime; fields_focus_text_color=\u00a0\u00bb#9C6644&Prime; fields_custom_padding=\u00a0\u00bb0px|||0px|false|false\u00a0\u00bb field_label_font=\u00a0\u00bbDM Sans|700|||||||\u00a0\u00bb field_label_text_color=\u00a0\u00bb#9C6644&Prime; field_label_font_size=\u00a0\u00bb16px\u00a0\u00bb fields_font=\u00a0\u00bbDM Sans|700|||||||\u00a0\u00bb fields_text_align=\u00a0\u00bbcenter\u00a0\u00bb fields_font_size=\u00a0\u00bb16px\u00a0\u00bb custom_button=\u00a0\u00bbon\u00a0\u00bb button_text_color=\u00a0\u00bb#FFFFFF\u00a0\u00bb button_bg_color=\u00a0\u00bb#9C6644&Prime; button_border_color=\u00a0\u00bbRGBA(255,255,255,0)\u00a0\u00bb button_border_radius=\u00a0\u00bb26px\u00a0\u00bb button_font=\u00a0\u00bbDM Sans||||||||\u00a0\u00bb button_icon=\u00a0\u00bb&#xe07a;||divi||400&Prime; button_icon_color=\u00a0\u00bb#FFFFFF\u00a0\u00bb text_orientation=\u00a0\u00bbcenter\u00a0\u00bb custom_margin_tablet=\u00a0\u00bb\u00a0\u00bb custom_margin_phone=\u00a0\u00bb0px||0px||false|false\u00a0\u00bb custom_margin_last_edited=\u00a0\u00bbon|phone\u00a0\u00bb custom_padding_tablet=\u00a0\u00bb\u00a0\u00bb custom_padding_phone=\u00a0\u00bb15px||0px||false|false\u00a0\u00bb custom_padding_last_edited=\u00a0\u00bbon|phone\u00a0\u00bb border_radii_fields=\u00a0\u00bbon|34px|34px|34px|34px\u00a0\u00bb global_colors_info=\u00a0\u00bb{}\u00a0\u00bb][\/et_pb_wc_add_to_cart][\/et_pb_column][\/et_pb_row][et_pb_row _builder_version=\u00a0\u00bb4.16&Prime; background_size=\u00a0\u00bbinitial\u00a0\u00bb background_position=\u00a0\u00bbtop_left\u00a0\u00bb background_repeat=\u00a0\u00bbrepeat\u00a0\u00bb width=\u00a0\u00bb100%\u00a0\u00bb global_colors_info=\u00a0\u00bb{}\u00a0\u00bb][et_pb_column type=\u00a0\u00bb4_4&Prime; _builder_version=\u00a0\u00bb4.16&Prime; custom_padding=\u00a0\u00bb|||\u00a0\u00bb global_colors_info=\u00a0\u00bb{}\u00a0\u00bb custom_padding__hover=\u00a0\u00bb|||\u00a0\u00bb][et_pb_wc_tabs active_tab_background_color=\u00a0\u00bb#9C6644&Prime; inactive_tab_background_color=\u00a0\u00bb#FFEADC\u00a0\u00bb active_tab_text_color=\u00a0\u00bb#FFFFFF\u00a0\u00bb include_tabs=\u00a0\u00bbdescription||\u00a0\u00bb _builder_version=\u00a0\u00bb4.22.1&Prime; tab_text_color=\u00a0\u00bb#9C6644&Prime; body_font=\u00a0\u00bbDM Sans||||||||\u00a0\u00bb body_text_color=\u00a0\u00bb#9C6644&Prime; tab_font=\u00a0\u00bbDM Sans||||||||\u00a0\u00bb tab_font_size=\u00a0\u00bb16px\u00a0\u00bb border_radii=\u00a0\u00bbon|30px|30px|30px|30px\u00a0\u00bb border_width_all=\u00a0\u00bb0px\u00a0\u00bb global_colors_info=\u00a0\u00bb{}\u00a0\u00bb] [\/et_pb_wc_tabs][et_pb_image src=\u00a0\u00bbhttp:\/\/savonnerielescollinesdegenty.com\/wp-content\/uploads\/2023\/09\/ligne.svg\u00a0\u00bb title_text=\u00a0\u00bbligne\u00a0\u00bb align=\u00a0\u00bbcenter\u00a0\u00bb _builder_version=\u00a0\u00bb4.22.1&Prime; _module_preset=\u00a0\u00bbdefault\u00a0\u00bb custom_margin=\u00a0\u00bb||||false|false\u00a0\u00bb custom_padding=\u00a0\u00bb40px||||false|false\u00a0\u00bb custom_padding_tablet=\u00a0\u00bb40px||||false|false\u00a0\u00bb custom_padding_phone=\u00a0\u00bb15px||||false|false\u00a0\u00bb custom_padding_last_edited=\u00a0\u00bbon|phone\u00a0\u00bb global_colors_info=\u00a0\u00bb{}\u00a0\u00bb][\/et_pb_image][et_pb_wc_upsells _builder_version=\u00a0\u00bb4.16&Prime; global_colors_info=\u00a0\u00bb{}\u00a0\u00bb][\/et_pb_wc_upsells][et_pb_wc_related_products _builder_version=\u00a0\u00bb4.22.1&Prime; title_font=\u00a0\u00bbDM Sans|500|||||||\u00a0\u00bb title_text_color=\u00a0\u00bb#A5A58D\u00a0\u00bb title_line_height=\u00a0\u00bb1.7em\u00a0\u00bb product_title_font=\u00a0\u00bbDM Sans||||||||\u00a0\u00bb product_title_text_color=\u00a0\u00bb#A5A58D\u00a0\u00bb product_title_font_size=\u00a0\u00bb23px\u00a0\u00bb price_font=\u00a0\u00bbDM Sans|500|||||||\u00a0\u00bb price_text_color=\u00a0\u00bb#91877D\u00a0\u00bb text_orientation=\u00a0\u00bbcenter\u00a0\u00bb custom_margin=\u00a0\u00bb||||false|false\u00a0\u00bb custom_padding=\u00a0\u00bb0px||||false|false\u00a0\u00bb product_title_font_size_tablet=\u00a0\u00bb\u00a0\u00bb product_title_font_size_phone=\u00a0\u00bb18px\u00a0\u00bb product_title_font_size_last_edited=\u00a0\u00bbon|phone\u00a0\u00bb border_radii_image=\u00a0\u00bbon|20px|20px|20px|20px\u00a0\u00bb border_width_all_image=\u00a0\u00bb3px\u00a0\u00bb border_color_all_image=\u00a0\u00bb#A5A58D\u00a0\u00bb box_shadow_style_image=\u00a0\u00bbpreset1&Prime; box_shadow_color_image=\u00a0\u00bb#A5A58D\u00a0\u00bb global_colors_info=\u00a0\u00bb{}\u00a0\u00bb][\/et_pb_wc_related_products][\/et_pb_column][\/et_pb_row][\/et_pb_section]<\/p>\n","protected":false},"excerpt":{"rendered":"<h2><b>Le Roll au Plantain<\/b><\/h2>\n<h3>Apaisant piq\u00fbres insectes &amp; orties<\/h3>\n<p>Mac\u00e9rat de Plantain dans huile v\u00e9g\u00e9tale de tournesol<strong> local<\/strong> associ\u00e9 aux huiles essentielles.<\/p>\n<p>Ce mac\u00e9rat coordonne les actions <strong>apaisantes<\/strong>, <strong>anti-inflammatoires<\/strong>, <strong>antihistaminiques<\/strong>, <strong>antibact\u00e9riennes<\/strong> et<strong> cicatrisantes<\/strong>, de la<br \/>\npeau l\u00e9s\u00e9e par piq\u00fbres, notamment de moustiques, orties, petites plaies, irritations et d\u00e9mangeaisons cutan\u00e9es.<\/p>\n<p><strong>Sa composition :<\/strong><br \/>\nMac\u00e9rat huileux de <strong>Plantain<\/strong> lanc\u00e9ol\u00e9 dans huile v\u00e9g\u00e9tale de tournesol<br \/>\nHuile essentielle de <strong>G\u00e9ranium Rosat bio<\/strong> aux propri\u00e9t\u00e9s anti-inflammatoires, apaisantes, r\u00e9g\u00e9n\u00e9rantes et r\u00e9pulsives contre les insectes.<br \/>\nHuile essentielle de <strong>Lavande officinale bio<\/strong> aux propri\u00e9t\u00e9s cicatrisantes, apaisantes, antalgiques, d\u00e9sinfectantes<br \/>\nHuile essentielle d\u2019<strong>Arbre \u00e0 Th\u00e9 bio<\/strong> aux propri\u00e9t\u00e9s antihistaminiques, antibact\u00e9riennes, cicatrisantes, antiseptiques, anti-inflammatoires, d\u00e9sinfectantes<br \/>\nLa synergie de ces huiles essentielles augmente et optimise efficacement l\u2019<strong>apaisement<\/strong> des d\u00e9mangeaisons et irritations.<\/p>\n<p>Convient \u00e0 toutes les peaux m\u00eame tr\u00e8s fragiles, sauf celle des enfants de moins de 6 ans, des futures mamans, des mamans allaitantes et des personnes allergiques aux huiles essentielles.<\/p>\n<p>Eviter le contact avec les yeux et les muqueuses.<\/p>\n","protected":false},"featured_media":762,"comment_status":"open","ping_status":"closed","template":"","meta":{"_et_pb_use_builder":"on","_et_pb_old_content":"<strong>Volume<\/strong> : 20 ml\r\n\r\n<strong>Les ingr\u00e9dients :<\/strong>\r\nHuile de tournesol en circuit extra-court, plantain lanc\u00e9ol\u00e9 sauvage local, huiles essentielles de G\u00e9ranium Rosat (bio), de Lavande officinale (bio) et d\u2019Arbre \u00e0 Th\u00e9 (bio).\r\n\r\n<strong>Liste INCI :<\/strong>\r\nHelianthus annuus seed oil, plantago lanceolata leaf extract, pelargonium graveolens flower oil, lavandula angustifolia herb oil, melaleuca alternifolia leaf oil, Beta caryophyllene, camphor, citral, citronellol, geraniol, geranyl acetate, limonene, linalool, linalyl acetate, pinenes, alpha-terpinene, terpineol, terpinolene.","_et_gb_content_width":"","iawp_total_views":139},"product_brand":[],"product_cat":[31],"product_tag":[],"class_list":{"0":"post-761","1":"product","2":"type-product","3":"status-publish","4":"has-post-thumbnail","6":"product_cat-roll-on","8":"first","9":"instock","10":"shipping-taxable","11":"purchasable","12":"product-type-simple"},"yoast_head":"<!-- This site is optimized with the Yoast SEO plugin v27.3 - https:\/\/yoast.com\/product\/yoast-seo-wordpress\/ -->\n<title>Le Roll au Plantain - Apaisant piq\u00fbres<\/title>\n<meta name=\"description\" content=\"Le Roll au Plantain - Apaisant piq\u00fbres - Mac\u00e9rat de Plantain, dans huile v\u00e9g\u00e9tale de tournesol local, associ\u00e9 aux huiles essentielles.\" \/>\n<meta name=\"robots\" content=\"index, follow, max-snippet:-1, max-image-preview:large, max-video-preview:-1\" \/>\n<link rel=\"canonical\" href=\"https:\/\/savonnerielescollinesdegenty.com\/index.php\/product\/le-roll-au-plantain\/\" \/>\n<meta property=\"og:locale\" content=\"fr_FR\" \/>\n<meta property=\"og:type\" content=\"article\" \/>\n<meta property=\"og:title\" content=\"Le Roll au Plantain - Apaisant piq\u00fbres\" \/>\n<meta property=\"og:description\" content=\"Le Roll au Plantain - Apaisant piq\u00fbres - Mac\u00e9rat de Plantain, dans huile v\u00e9g\u00e9tale de tournesol local, associ\u00e9 aux huiles essentielles.\" \/>\n<meta property=\"og:url\" content=\"https:\/\/savonnerielescollinesdegenty.com\/index.php\/product\/le-roll-au-plantain\/\" \/>\n<meta property=\"og:site_name\" content=\"savonnerielescollinesdegenty.com\" \/>\n<meta property=\"article:modified_time\" content=\"2026-03-06T16:25:16+00:00\" \/>\n<meta property=\"og:image\" content=\"http:\/\/savonnerielescollinesdegenty.com\/wp-content\/uploads\/2025\/06\/IMG_1019-scaled.jpeg\" \/>\n\t<meta property=\"og:image:width\" content=\"1584\" \/>\n\t<meta property=\"og:image:height\" content=\"2560\" \/>\n\t<meta property=\"og:image:type\" content=\"image\/jpeg\" \/>\n<meta name=\"twitter:card\" content=\"summary_large_image\" \/>\n<meta name=\"twitter:label1\" content=\"Dur\u00e9e de lecture estim\u00e9e\" \/>\n\t<meta name=\"twitter:data1\" content=\"2 minutes\" \/>\n<script type=\"application\/ld+json\" class=\"yoast-schema-graph\">{\"@context\":\"https:\\\/\\\/schema.org\",\"@graph\":[{\"@type\":\"WebPage\",\"@id\":\"https:\\\/\\\/savonnerielescollinesdegenty.com\\\/index.php\\\/product\\\/le-roll-au-plantain\\\/\",\"url\":\"https:\\\/\\\/savonnerielescollinesdegenty.com\\\/index.php\\\/product\\\/le-roll-au-plantain\\\/\",\"name\":\"Le Roll au Plantain - Apaisant piq\u00fbres\",\"isPartOf\":{\"@id\":\"https:\\\/\\\/savonnerielescollinesdegenty.com\\\/#website\"},\"primaryImageOfPage\":{\"@id\":\"https:\\\/\\\/savonnerielescollinesdegenty.com\\\/index.php\\\/product\\\/le-roll-au-plantain\\\/#primaryimage\"},\"image\":{\"@id\":\"https:\\\/\\\/savonnerielescollinesdegenty.com\\\/index.php\\\/product\\\/le-roll-au-plantain\\\/#primaryimage\"},\"thumbnailUrl\":\"https:\\\/\\\/savonnerielescollinesdegenty.com\\\/wp-content\\\/uploads\\\/2025\\\/06\\\/IMG_1019-scaled.jpeg\",\"datePublished\":\"2025-06-23T18:48:57+00:00\",\"dateModified\":\"2026-03-06T16:25:16+00:00\",\"description\":\"Le Roll au Plantain - Apaisant piq\u00fbres - Mac\u00e9rat de Plantain, dans huile v\u00e9g\u00e9tale de tournesol local, associ\u00e9 aux huiles essentielles.\",\"breadcrumb\":{\"@id\":\"https:\\\/\\\/savonnerielescollinesdegenty.com\\\/index.php\\\/product\\\/le-roll-au-plantain\\\/#breadcrumb\"},\"inLanguage\":\"fr-FR\",\"potentialAction\":[{\"@type\":\"ReadAction\",\"target\":[\"https:\\\/\\\/savonnerielescollinesdegenty.com\\\/index.php\\\/product\\\/le-roll-au-plantain\\\/\"]}]},{\"@type\":\"ImageObject\",\"inLanguage\":\"fr-FR\",\"@id\":\"https:\\\/\\\/savonnerielescollinesdegenty.com\\\/index.php\\\/product\\\/le-roll-au-plantain\\\/#primaryimage\",\"url\":\"https:\\\/\\\/savonnerielescollinesdegenty.com\\\/wp-content\\\/uploads\\\/2025\\\/06\\\/IMG_1019-scaled.jpeg\",\"contentUrl\":\"https:\\\/\\\/savonnerielescollinesdegenty.com\\\/wp-content\\\/uploads\\\/2025\\\/06\\\/IMG_1019-scaled.jpeg\",\"width\":1584,\"height\":2560,\"caption\":\"Roll au plantain, apaisant piq\u00fbres insectes et orties\"},{\"@type\":\"BreadcrumbList\",\"@id\":\"https:\\\/\\\/savonnerielescollinesdegenty.com\\\/index.php\\\/product\\\/le-roll-au-plantain\\\/#breadcrumb\",\"itemListElement\":[{\"@type\":\"ListItem\",\"position\":1,\"name\":\"Accueil\",\"item\":\"https:\\\/\\\/savonnerielescollinesdegenty.com\\\/\"},{\"@type\":\"ListItem\",\"position\":2,\"name\":\"La Boutique de la Savonnerie\",\"item\":\"https:\\\/\\\/savonnerielescollinesdegenty.com\\\/index.php\\\/la-boutique-de-la-savonnerie\\\/\"},{\"@type\":\"ListItem\",\"position\":3,\"name\":\"Le Roll au Plantain\"}]},{\"@type\":\"WebSite\",\"@id\":\"https:\\\/\\\/savonnerielescollinesdegenty.com\\\/#website\",\"url\":\"https:\\\/\\\/savonnerielescollinesdegenty.com\\\/\",\"name\":\"savonnerielescollinesdegenty.com\",\"description\":\"Savons surgras, saponifi\u00e9s \u00e0 froid et fabriqu\u00e9s dans la Montagne Noire audoise.\",\"potentialAction\":[{\"@type\":\"SearchAction\",\"target\":{\"@type\":\"EntryPoint\",\"urlTemplate\":\"https:\\\/\\\/savonnerielescollinesdegenty.com\\\/?s={search_term_string}\"},\"query-input\":{\"@type\":\"PropertyValueSpecification\",\"valueRequired\":true,\"valueName\":\"search_term_string\"}}],\"inLanguage\":\"fr-FR\"}]}<\/script>\n<!-- \/ Yoast SEO plugin. -->","yoast_head_json":{"title":"Le Roll au Plantain - Apaisant piq\u00fbres","description":"Le Roll au Plantain - Apaisant piq\u00fbres - Mac\u00e9rat de Plantain, dans huile v\u00e9g\u00e9tale de tournesol local, associ\u00e9 aux huiles essentielles.","robots":{"index":"index","follow":"follow","max-snippet":"max-snippet:-1","max-image-preview":"max-image-preview:large","max-video-preview":"max-video-preview:-1"},"canonical":"https:\/\/savonnerielescollinesdegenty.com\/index.php\/product\/le-roll-au-plantain\/","og_locale":"fr_FR","og_type":"article","og_title":"Le Roll au Plantain - Apaisant piq\u00fbres","og_description":"Le Roll au Plantain - Apaisant piq\u00fbres - Mac\u00e9rat de Plantain, dans huile v\u00e9g\u00e9tale de tournesol local, associ\u00e9 aux huiles essentielles.","og_url":"https:\/\/savonnerielescollinesdegenty.com\/index.php\/product\/le-roll-au-plantain\/","og_site_name":"savonnerielescollinesdegenty.com","article_modified_time":"2026-03-06T16:25:16+00:00","og_image":[{"width":1584,"height":2560,"url":"http:\/\/savonnerielescollinesdegenty.com\/wp-content\/uploads\/2025\/06\/IMG_1019-scaled.jpeg","type":"image\/jpeg"}],"twitter_card":"summary_large_image","twitter_misc":{"Dur\u00e9e de lecture estim\u00e9e":"2 minutes"},"schema":{"@context":"https:\/\/schema.org","@graph":[{"@type":"WebPage","@id":"https:\/\/savonnerielescollinesdegenty.com\/index.php\/product\/le-roll-au-plantain\/","url":"https:\/\/savonnerielescollinesdegenty.com\/index.php\/product\/le-roll-au-plantain\/","name":"Le Roll au Plantain - Apaisant piq\u00fbres","isPartOf":{"@id":"https:\/\/savonnerielescollinesdegenty.com\/#website"},"primaryImageOfPage":{"@id":"https:\/\/savonnerielescollinesdegenty.com\/index.php\/product\/le-roll-au-plantain\/#primaryimage"},"image":{"@id":"https:\/\/savonnerielescollinesdegenty.com\/index.php\/product\/le-roll-au-plantain\/#primaryimage"},"thumbnailUrl":"https:\/\/savonnerielescollinesdegenty.com\/wp-content\/uploads\/2025\/06\/IMG_1019-scaled.jpeg","datePublished":"2025-06-23T18:48:57+00:00","dateModified":"2026-03-06T16:25:16+00:00","description":"Le Roll au Plantain - Apaisant piq\u00fbres - Mac\u00e9rat de Plantain, dans huile v\u00e9g\u00e9tale de tournesol local, associ\u00e9 aux huiles essentielles.","breadcrumb":{"@id":"https:\/\/savonnerielescollinesdegenty.com\/index.php\/product\/le-roll-au-plantain\/#breadcrumb"},"inLanguage":"fr-FR","potentialAction":[{"@type":"ReadAction","target":["https:\/\/savonnerielescollinesdegenty.com\/index.php\/product\/le-roll-au-plantain\/"]}]},{"@type":"ImageObject","inLanguage":"fr-FR","@id":"https:\/\/savonnerielescollinesdegenty.com\/index.php\/product\/le-roll-au-plantain\/#primaryimage","url":"https:\/\/savonnerielescollinesdegenty.com\/wp-content\/uploads\/2025\/06\/IMG_1019-scaled.jpeg","contentUrl":"https:\/\/savonnerielescollinesdegenty.com\/wp-content\/uploads\/2025\/06\/IMG_1019-scaled.jpeg","width":1584,"height":2560,"caption":"Roll au plantain, apaisant piq\u00fbres insectes et orties"},{"@type":"BreadcrumbList","@id":"https:\/\/savonnerielescollinesdegenty.com\/index.php\/product\/le-roll-au-plantain\/#breadcrumb","itemListElement":[{"@type":"ListItem","position":1,"name":"Accueil","item":"https:\/\/savonnerielescollinesdegenty.com\/"},{"@type":"ListItem","position":2,"name":"La Boutique de la Savonnerie","item":"https:\/\/savonnerielescollinesdegenty.com\/index.php\/la-boutique-de-la-savonnerie\/"},{"@type":"ListItem","position":3,"name":"Le Roll au Plantain"}]},{"@type":"WebSite","@id":"https:\/\/savonnerielescollinesdegenty.com\/#website","url":"https:\/\/savonnerielescollinesdegenty.com\/","name":"savonnerielescollinesdegenty.com","description":"Savons surgras, saponifi\u00e9s \u00e0 froid et fabriqu\u00e9s dans la Montagne Noire audoise.","potentialAction":[{"@type":"SearchAction","target":{"@type":"EntryPoint","urlTemplate":"https:\/\/savonnerielescollinesdegenty.com\/?s={search_term_string}"},"query-input":{"@type":"PropertyValueSpecification","valueRequired":true,"valueName":"search_term_string"}}],"inLanguage":"fr-FR"}]}},"_links":{"self":[{"href":"https:\/\/savonnerielescollinesdegenty.com\/index.php\/wp-json\/wp\/v2\/product\/761","targetHints":{"allow":["GET"]}}],"collection":[{"href":"https:\/\/savonnerielescollinesdegenty.com\/index.php\/wp-json\/wp\/v2\/product"}],"about":[{"href":"https:\/\/savonnerielescollinesdegenty.com\/index.php\/wp-json\/wp\/v2\/types\/product"}],"replies":[{"embeddable":true,"href":"https:\/\/savonnerielescollinesdegenty.com\/index.php\/wp-json\/wp\/v2\/comments?post=761"}],"wp:featuredmedia":[{"embeddable":true,"href":"https:\/\/savonnerielescollinesdegenty.com\/index.php\/wp-json\/wp\/v2\/media\/762"}],"wp:attachment":[{"href":"https:\/\/savonnerielescollinesdegenty.com\/index.php\/wp-json\/wp\/v2\/media?parent=761"}],"wp:term":[{"taxonomy":"product_brand","embeddable":true,"href":"https:\/\/savonnerielescollinesdegenty.com\/index.php\/wp-json\/wp\/v2\/product_brand?post=761"},{"taxonomy":"product_cat","embeddable":true,"href":"https:\/\/savonnerielescollinesdegenty.com\/index.php\/wp-json\/wp\/v2\/product_cat?post=761"},{"taxonomy":"product_tag","embeddable":true,"href":"https:\/\/savonnerielescollinesdegenty.com\/index.php\/wp-json\/wp\/v2\/product_tag?post=761"}],"curies":[{"name":"wp","href":"https:\/\/api.w.org\/{rel}","templated":true}]}}